{"id":37939,"date":"2025-02-20T23:31:38","date_gmt":"2025-02-20T22:31:38","guid":{"rendered":"http:\/\/olemosaic.com\/producto\/cucharon-de-ceramica-la-alhambra-granada-beige\/"},"modified":"2025-07-25T19:27:52","modified_gmt":"2025-07-25T17:27:52","slug":"concha-de-ceramica-alhambra-granada-bege-pt-pt","status":"publish","type":"product","link":"https:\/\/olemosaic.com\/pt-pt\/produto\/concha-de-ceramica-alhambra-granada-bege-pt-pt\/","title":{"rendered":"Concha de cer\u00e2mica. Alhambra. Granada. Bege"},"content":{"rendered":"<p>Esta concha de cer\u00e2mica, inspirada na Alhambra de Granada, \u00e9 uma obra-prima que funde funcionalidade e arte. \u00c9 ideal para quem procura um souvenir aut\u00eantico e representativo desta emblem\u00e1tica cidade espanhola. Com os seus tons bege predominantes e detalhes multicoloridos, a concha apresenta uma representa\u00e7\u00e3o art\u00edstica do magn\u00edfico pal\u00e1cio e dos seus jardins, que se destacam pela sua arquitetura mourisca, rica em hist\u00f3ria e beleza. Cada tra\u00e7o e cada cor refletem a ess\u00eancia de Granada, tornando esta concha num elemento decorativo que tamb\u00e9m pode ser usado na cozinha.<\/p>\n<p>No design da concha apreciam-se intrincados detalhes pintados \u00e0 m\u00e3o que evocam la singularidade da Alhambra e do seu ambiente. Entre os elementos decorativos incluem-se padr\u00f5es t\u00edpicos da cer\u00e2mica granadina, que conferem um toque de autenticidade e tradi\u00e7\u00e3o \u00e0 pe\u00e7a. Esta concha n\u00e3o s\u00f3 \u00e9 perfeita para servir os seus pratos favoritos, como tamb\u00e9m pode ser um belo objeto de exibi\u00e7\u00e3o em qualquer casa.<\/p>\n<p>Na Ol\u00e9 Mosaic, orgulhamo-nos de oferecer souvenirs como esta concha de cer\u00e2mica, que encapsulam a riqueza cultural de Espanha. \u00c9 uma excelente op\u00e7\u00e3o para lojas de presentes tur\u00edsticos que procuram proporcionar aos seus clientes recorda\u00e7\u00f5es \u00fanicas e significativas de Granada. Com a nossa vasta gama de produtos por grosso, garantimos qualidade e autenticidade em cada artigo que distribu\u00edmos.<\/p>\n","protected":false},"excerpt":{"rendered":"<p>Concha de cer\u00e2mica inspirada na Alhambra de Granada, com um design em tons bege e detalhes multicoloridos. Esta elegante concha apresenta uma representa\u00e7\u00e3o art\u00edstica do famoso pal\u00e1cio, destacando a sua arquitetura mourisca e os jardins que o rodeiam. O design inclui elementos decorativos de estilo artesanal, pintados \u00e0 m\u00e3o, que refletem a rica cultura granadina. Ideal como recorda\u00e7\u00e3o ou elemento decorativo na cozinha.<\/p>\n","protected":false},"featured_media":7524,"template":"","meta":{"_acf_changed":false},"product_brand":[],"product_cat":[804],"product_tag":[515],"class_list":{"0":"post-37939","1":"product","2":"type-product","3":"status-publish","4":"has-post-thumbnail","6":"product_cat-conchas","7":"product_tag-ceramica","8":"pa_ciudad-granada","9":"pa_motivo-a-alhambra","10":"pa_pais-espana","12":"first","13":"instock","14":"shipping-taxable","15":"product-type-simple"},"acf":[],"_links":{"self":[{"href":"https:\/\/olemosaic.com\/pt-pt\/wp-json\/wp\/v2\/product\/37939","targetHints":{"allow":["GET"]}}],"collection":[{"href":"https:\/\/olemosaic.com\/pt-pt\/wp-json\/wp\/v2\/product"}],"about":[{"href":"https:\/\/olemosaic.com\/pt-pt\/wp-json\/wp\/v2\/types\/product"}],"wp:featuredmedia":[{"embeddable":true,"href":"https:\/\/olemosaic.com\/pt-pt\/wp-json\/wp\/v2\/media\/7524"}],"wp:attachment":[{"href":"https:\/\/olemosaic.com\/pt-pt\/wp-json\/wp\/v2\/media?parent=37939"}],"wp:term":[{"taxonomy":"product_brand","embeddable":true,"href":"https:\/\/olemosaic.com\/pt-pt\/wp-json\/wp\/v2\/product_brand?post=37939"},{"taxonomy":"product_cat","embeddable":true,"href":"https:\/\/olemosaic.com\/pt-pt\/wp-json\/wp\/v2\/product_cat?post=37939"},{"taxonomy":"product_tag","embeddable":true,"href":"https:\/\/olemosaic.com\/pt-pt\/wp-json\/wp\/v2\/product_tag?post=37939"}],"curies":[{"name":"wp","href":"https:\/\/api.w.org\/{rel}","templated":true}]}}