{"id":37937,"date":"2025-02-20T23:31:27","date_gmt":"2025-02-20T22:31:27","guid":{"rendered":"http:\/\/olemosaic.com\/producto\/4-bols-de-coco-de-13-x-6-cm-isla-tenerife-4\/"},"modified":"2025-07-25T19:55:40","modified_gmt":"2025-07-25T17:55:40","slug":"4-tacas-de-coco-de-13-x-6-cm-ilha-tenerife-4","status":"publish","type":"product","link":"https:\/\/olemosaic.com\/pt-pt\/produto\/4-tacas-de-coco-de-13-x-6-cm-ilha-tenerife-4\/","title":{"rendered":"4 Ta\u00e7as de coco de 13 x 6 cm. Ilha. Mosaico. Tenerife. Can\u00e1rias."},"content":{"rendered":"<p>Este conjunto de quatro ta\u00e7as de coco de 13 x 6 cm \u00e9 uma representa\u00e7\u00e3o vibrante de Tenerife, ideal para adicionar um toque can\u00e1rio a qualquer casa. Cada ta\u00e7a est\u00e1 decorada com a silhueta distintiva da ilha, real\u00e7ando a sua forma \u00fanica e as suas caracter\u00edsticas geogr\u00e1ficas. Em tons vibrantes de azul, vermelho, laranja e rosa, estas ta\u00e7as apresentam um elegante design de mosaico nas bordas, que capta a aten\u00e7\u00e3o e a imagina\u00e7\u00e3o. O acabamento brilhante n\u00e3o s\u00f3 proporciona um aspeto atrativo, como tamb\u00e9m confere uma sensa\u00e7\u00e3o de frescura, tornando-as uma excelente op\u00e7\u00e3o tanto para servir aperitivos como para utiliz\u00e1-las como elementos decorativos.<\/p>\n<p>Estas ta\u00e7as de coco s\u00e3o mais do que simples recipientes; s\u00e3o um s\u00edmbolo da rica cultura can\u00e1ria e do estilo de vida alegre dos seus habitantes. Com um design que reflete a paisagem e a identidade de Tenerife, funcionam como uma recorda\u00e7\u00e3o aut\u00eantica das maravilhas da ilha. Este conjunto \u00e9 perfeito para turistas que procuram souvenirs de qualidade que representem a sua experi\u00eancia nas Can\u00e1rias. Na Ol\u00e9 Mosaic, como grossistas de souvenirs can\u00e1rios, garantimos a autenticidade e o encanto de cada pe\u00e7a, assegurando que este conjunto de ta\u00e7as de coco seja um presente memor\u00e1vel e \u00fatil para qualquer ocasi\u00e3o.<\/p>\n","protected":false},"excerpt":{"rendered":"<p>Ta\u00e7as de coco de 13 x 6 cm, decoradas com a silhueta da ilha de Tenerife. Este jogo de quatro ta\u00e7as coloridas apresenta tonalidades vibrantes de azul, vermelho, laranja e rosa, cada uma emoldurada com um elegante design de mosaico. Com um acabamento brilhante, as ta\u00e7as s\u00e3o perfeitas para servir aperitivos ou como elemento decorativo, trazendo um toque can\u00e1rio a qualquer casa.<\/p>\n","protected":false},"featured_media":12116,"template":"","meta":{"_acf_changed":false},"product_brand":[],"product_cat":[513],"product_tag":[],"class_list":{"0":"post-37937","1":"product","2":"type-product","3":"status-publish","4":"has-post-thumbnail","6":"product_cat-bols","7":"pa_ciudad-tenerife","8":"pa_motivo-ilhas","9":"pa_pais-espana","11":"first","12":"instock","13":"shipping-taxable","14":"product-type-simple"},"acf":[],"_links":{"self":[{"href":"https:\/\/olemosaic.com\/pt-pt\/wp-json\/wp\/v2\/product\/37937","targetHints":{"allow":["GET"]}}],"collection":[{"href":"https:\/\/olemosaic.com\/pt-pt\/wp-json\/wp\/v2\/product"}],"about":[{"href":"https:\/\/olemosaic.com\/pt-pt\/wp-json\/wp\/v2\/types\/product"}],"wp:featuredmedia":[{"embeddable":true,"href":"https:\/\/olemosaic.com\/pt-pt\/wp-json\/wp\/v2\/media\/12116"}],"wp:attachment":[{"href":"https:\/\/olemosaic.com\/pt-pt\/wp-json\/wp\/v2\/media?parent=37937"}],"wp:term":[{"taxonomy":"product_brand","embeddable":true,"href":"https:\/\/olemosaic.com\/pt-pt\/wp-json\/wp\/v2\/product_brand?post=37937"},{"taxonomy":"product_cat","embeddable":true,"href":"https:\/\/olemosaic.com\/pt-pt\/wp-json\/wp\/v2\/product_cat?post=37937"},{"taxonomy":"product_tag","embeddable":true,"href":"https:\/\/olemosaic.com\/pt-pt\/wp-json\/wp\/v2\/product_tag?post=37937"}],"curies":[{"name":"wp","href":"https:\/\/api.w.org\/{rel}","templated":true}]}}