{"id":37936,"date":"2025-02-20T23:31:27","date_gmt":"2025-02-20T22:31:27","guid":{"rendered":"http:\/\/olemosaic.com\/producto\/4-bols-de-coco-de-13-x-6-cm-flamenco-2\/"},"modified":"2025-07-25T20:36:17","modified_gmt":"2025-07-25T18:36:17","slug":"4-tacas-de-coco-de-13-x-6-cm-flamenco-2","status":"publish","type":"product","link":"https:\/\/olemosaic.com\/pt-pt\/produto\/4-tacas-de-coco-de-13-x-6-cm-flamenco-2\/","title":{"rendered":"4 Ta\u00e7as de coco de 13 x 6 cm. Flamenco. Acabamento artesanal."},"content":{"rendered":"<p>Este jogo de quatro ta\u00e7as de coco, de 13 x 6 cm, \u00e9 uma aut\u00eantica joia artesanal que captura a ess\u00eancia do flamenco espanhol. Cada ta\u00e7a, dispon\u00edvel em cores vibrantes como azul, laranja, vermelho e dourado, apresenta um acabamento detalhado que real\u00e7a silhuetas de flamencos no centro, simbolizando a eleg\u00e2ncia e a gra\u00e7a associadas a esta dan\u00e7a emblem\u00e1tica. A superf\u00edcie das ta\u00e7as exibe um efeito texturizado que n\u00e3o s\u00f3 capta a luz de forma impressionante, mas tamb\u00e9m adiciona uma dimens\u00e3o visual cativante, tornando-as ideais para decorar qualquer espa\u00e7o.<\/p>\n<p>Estas ta\u00e7as n\u00e3o s\u00f3 trazem um toque colorido e ex\u00f3tico a mesas e decora\u00e7\u00f5es de casa, mas tamb\u00e9m evocam o esp\u00edrito das paisagens ensolaradas de Espanha, onde o flamenco nasce e floresce. A liga\u00e7\u00e3o cultural destas ta\u00e7as com a tradi\u00e7\u00e3o flamenca torna-as uma recorda\u00e7\u00e3o emblem\u00e1tica, permitindo aos turistas levar um peda\u00e7o da rica heran\u00e7a espanhola. Perfeitas como souvenirs de decora\u00e7\u00e3o, refletem tanto a artesania local como a vibrante cultura das regi\u00f5es onde se celebra o flamenco.<\/p>\n<p>Na Ol\u00e9 Mosaic, especializamo-nos na distribui\u00e7\u00e3o de souvenirs por grosso, oferecendo artigos aut\u00eanticos que agregam valor cultural e est\u00e9tico. Este jogo de ta\u00e7as de coco \u00e9 uma excelente op\u00e7\u00e3o para lojas de presentes tur\u00edsticos que procuram oferecer produtos de qualidade, relev\u00e2ncia e um toque \u00fanico da cultura espanhola.<\/p>\n","protected":false},"excerpt":{"rendered":"<p>Ta\u00e7a de coco de 13 x 6 cm com tem\u00e1tica flamenca, dispon\u00edvel num conjunto de quatro cores vibrantes: azul, laranja, vermelho e dourado. Cada ta\u00e7a apresenta um acabamento artesanal com um design muito especial que inclui silhuetas de flamencos no centro. A superf\u00edcie exibe um efeito texturizado que capta a luz, real\u00e7ando o seu apelo visual. Perfeitas para adicionar um toque colorido e ex\u00f3tico a qualquer mesa ou decora\u00e7\u00e3o, evocando o esp\u00edrito das paisagens espanholas.<\/p>\n","protected":false},"featured_media":13802,"template":"","meta":{"_acf_changed":false},"product_brand":[],"product_cat":[513],"product_tag":[516],"class_list":{"0":"post-37936","1":"product","2":"type-product","3":"status-publish","4":"has-post-thumbnail","6":"product_cat-bols","7":"product_tag-animais","8":"pa_motivo-flamingos","10":"first","11":"instock","12":"shipping-taxable","13":"product-type-simple"},"acf":[],"_links":{"self":[{"href":"https:\/\/olemosaic.com\/pt-pt\/wp-json\/wp\/v2\/product\/37936","targetHints":{"allow":["GET"]}}],"collection":[{"href":"https:\/\/olemosaic.com\/pt-pt\/wp-json\/wp\/v2\/product"}],"about":[{"href":"https:\/\/olemosaic.com\/pt-pt\/wp-json\/wp\/v2\/types\/product"}],"wp:featuredmedia":[{"embeddable":true,"href":"https:\/\/olemosaic.com\/pt-pt\/wp-json\/wp\/v2\/media\/13802"}],"wp:attachment":[{"href":"https:\/\/olemosaic.com\/pt-pt\/wp-json\/wp\/v2\/media?parent=37936"}],"wp:term":[{"taxonomy":"product_brand","embeddable":true,"href":"https:\/\/olemosaic.com\/pt-pt\/wp-json\/wp\/v2\/product_brand?post=37936"},{"taxonomy":"product_cat","embeddable":true,"href":"https:\/\/olemosaic.com\/pt-pt\/wp-json\/wp\/v2\/product_cat?post=37936"},{"taxonomy":"product_tag","embeddable":true,"href":"https:\/\/olemosaic.com\/pt-pt\/wp-json\/wp\/v2\/product_tag?post=37936"}],"curies":[{"name":"wp","href":"https:\/\/api.w.org\/{rel}","templated":true}]}}