{"id":37935,"date":"2025-02-20T23:31:27","date_gmt":"2025-02-20T22:31:27","guid":{"rendered":"http:\/\/olemosaic.com\/producto\/4-bols-de-coco-de-13-x-6-cm-salamandra-tenerife-3\/"},"modified":"2025-07-25T18:56:56","modified_gmt":"2025-07-25T16:56:56","slug":"4-tacas-de-coco-de-13-x-6-cm-salamandra-tenerife-3","status":"publish","type":"product","link":"https:\/\/olemosaic.com\/pt-pt\/produto\/4-tacas-de-coco-de-13-x-6-cm-salamandra-tenerife-3\/","title":{"rendered":"4 Ta\u00e7as de coco de 13 x 6 cm. Salamandra. Tenerife. Can\u00e1rias."},"content":{"rendered":"<p>Este jogo de ta\u00e7as de coco de 13 x 6 cm \u00e9 uma aut\u00eantica representa\u00e7\u00e3o da cultura can\u00e1ria, ideal para quem procura uma recorda\u00e7\u00e3o de Tenerife que combine funcionalidade e arte. Cada uma destas quatro ta\u00e7as, elaboradas com casca de coco, apresenta um design muito especial que destaca a vibrante salamandra, s\u00edmbolo ic\u00f3nico do folclore das Ilhas Can\u00e1rias. Pintadas \u00e0 m\u00e3o em tons de azul, amarelo, rosa e lil\u00e1s, as ta\u00e7as capturam a ess\u00eancia das cores do oceano e a natureza ex\u00f3tica da regi\u00e3o.<\/p>\n<p>As t\u00e9cnicas artesanais empregadas na sua elabora\u00e7\u00e3o n\u00e3o s\u00f3 garantem a autenticidade de cada pe\u00e7a, como tamb\u00e9m promovem a heran\u00e7a cultural de Tenerife. Ideais como pe\u00e7as decorativas ou para servir aperitivos, estas ta\u00e7as decorativas tornam-se um elemento atrativo em qualquer mesa, conferindo um toque vibrante e ex\u00f3tico a reuni\u00f5es e celebra\u00e7\u00f5es.<\/p>\n<p>Na Ol\u00e9 Mosaic, orgulhamo-nos de oferecer recorda\u00e7\u00f5es de alta qualidade que real\u00e7am a diversidade cultural de Espanha, transformando cada produto numa recorda\u00e7\u00e3o especial da visita a Tenerife. Este jogo de ta\u00e7as de coco \u00e9 uma excelente op\u00e7\u00e3o para lojas de presentes tur\u00edsticos que procuram incorporar artigos aut\u00eanticos e \u00fanicos, destacando-se como um grande exemplo da artesania local e da beleza do folclore can\u00e1rio.<\/p>\n","protected":false},"excerpt":{"rendered":"<p>Ta\u00e7as de coco de 13 x 6 cm decoradas com coloridos motivos de salamandras, representativos de Tenerife. Estas quatro ta\u00e7as, elaboradas com casca de coco, s\u00e3o pintadas \u00e0 m\u00e3o em tons de azul, amarelo, rosa e lil\u00e1s, cada uma com um design muito especial que real\u00e7a a beleza do folclore can\u00e1rio. Perfeitas como pe\u00e7as decorativas ou para servir aperitivos, adicionam um toque vibrante e ex\u00f3tico a qualquer mesa.<\/p>\n","protected":false},"featured_media":12120,"template":"","meta":{"_acf_changed":false},"product_brand":[],"product_cat":[513],"product_tag":[516],"class_list":{"0":"post-37935","1":"product","2":"type-product","3":"status-publish","4":"has-post-thumbnail","6":"product_cat-bols","7":"product_tag-animais","8":"pa_ciudad-tenerife","9":"pa_motivo-salamandras","10":"pa_pais-espana","12":"first","13":"instock","14":"shipping-taxable","15":"product-type-simple"},"acf":[],"_links":{"self":[{"href":"https:\/\/olemosaic.com\/pt-pt\/wp-json\/wp\/v2\/product\/37935","targetHints":{"allow":["GET"]}}],"collection":[{"href":"https:\/\/olemosaic.com\/pt-pt\/wp-json\/wp\/v2\/product"}],"about":[{"href":"https:\/\/olemosaic.com\/pt-pt\/wp-json\/wp\/v2\/types\/product"}],"wp:featuredmedia":[{"embeddable":true,"href":"https:\/\/olemosaic.com\/pt-pt\/wp-json\/wp\/v2\/media\/12120"}],"wp:attachment":[{"href":"https:\/\/olemosaic.com\/pt-pt\/wp-json\/wp\/v2\/media?parent=37935"}],"wp:term":[{"taxonomy":"product_brand","embeddable":true,"href":"https:\/\/olemosaic.com\/pt-pt\/wp-json\/wp\/v2\/product_brand?post=37935"},{"taxonomy":"product_cat","embeddable":true,"href":"https:\/\/olemosaic.com\/pt-pt\/wp-json\/wp\/v2\/product_cat?post=37935"},{"taxonomy":"product_tag","embeddable":true,"href":"https:\/\/olemosaic.com\/pt-pt\/wp-json\/wp\/v2\/product_tag?post=37935"}],"curies":[{"name":"wp","href":"https:\/\/api.w.org\/{rel}","templated":true}]}}