{"id":37934,"date":"2025-02-20T23:31:27","date_gmt":"2025-02-20T22:31:27","guid":{"rendered":"http:\/\/olemosaic.com\/producto\/4-bols-de-coco-de-13-x-6-cm-salamandra-barcelona\/"},"modified":"2025-07-25T20:17:16","modified_gmt":"2025-07-25T18:17:16","slug":"4-tacas-de-coco-de-13-x-6-cm-salamandra-barcelona","status":"publish","type":"product","link":"https:\/\/olemosaic.com\/pt-pt\/produto\/4-tacas-de-coco-de-13-x-6-cm-salamandra-barcelona\/","title":{"rendered":"4 Ta\u00e7as de coco de 13 x 6 cm. Salamandra. Barcelona."},"content":{"rendered":"<p>Este conjunto de 4 ta\u00e7as de coco, com dimens\u00f5es de 13 x 6 cm, \u00e9 uma aut\u00eantica representa\u00e7\u00e3o da ess\u00eancia vibrante de Barcelona. Cada ta\u00e7a, pintada \u00e0 m\u00e3o, apresenta um design cativante que evoca a beleza das salamandras, um s\u00edmbolo da rica cultura e natureza catal\u00e3. A vibrante paleta de cores, que inclui tons de verde, vermelho, laranja e dourado, real\u00e7a a habilidade art\u00edstica dos artes\u00e3os locais, enquanto a textura caracter\u00edstica de cada ta\u00e7a imita a pele da salamandra, adicionando um toque \u00fanico e org\u00e2nico a cada pe\u00e7a.<\/p>\n<p>Perfeitas tanto como centro de mesa como para servir aperitivos, estas ta\u00e7as fundem funcionalidade e est\u00e9tica, transformando cada uma numa experi\u00eancia visual e sensorial. A liga\u00e7\u00e3o cultural deste souvenir com Barcelona \u00e9 ineg\u00e1vel; as salamandras s\u00e3o elementos frequentes na obra do c\u00e9lebre arquiteto Antoni Gaud\u00ed, o que sublinha a sua relev\u00e2ncia como recorda\u00e7\u00e3o representativa da cidade.<\/p>\n<p>Na Ol\u00e9 Mosaic, orgulhamo-nos de oferecer produtos aut\u00eanticos e de qualidade por grosso. Este conjunto de ta\u00e7as de coco \u00e9 uma excelente op\u00e7\u00e3o para os turistas que procuram souvenirs de Barcelona que n\u00e3o sejam apenas decorativos, mas que tamb\u00e9m contem uma hist\u00f3ria cultural. Como grossistas de souvenirs, garantimos a autenticidade e a artesania em cada um dos nossos produtos, tornando-os recorda\u00e7\u00f5es perfeitas da sua visita a esta maravilhosa cidade.<\/p>\n","protected":false},"excerpt":{"rendered":"<p>Conjunto de 4 ta\u00e7as de coco de 13 x 6 cm, decoradas com atraentes motivos de salamandras, que representam a ess\u00eancia de Barcelona. Cada ta\u00e7a apresenta um design artesanal, pintado \u00e0 m\u00e3o, que combina cores vibrantes como verde, vermelho, laranja e dourado, com uma textura caracter\u00edstica que imita a pele da salamandra. Perfeitas como centro de mesa ou para servir aperitivos, estas ta\u00e7as fundem funcionalidade e est\u00e9tica em pe\u00e7as \u00fanicas.<\/p>\n","protected":false},"featured_media":10650,"template":"","meta":{"_acf_changed":false},"product_brand":[],"product_cat":[513],"product_tag":[516],"class_list":{"0":"post-37934","1":"product","2":"type-product","3":"status-publish","4":"has-post-thumbnail","6":"product_cat-bols","7":"product_tag-animais","8":"pa_ciudad-barcelona","9":"pa_motivo-salamandras","10":"pa_pais-espana","12":"first","13":"instock","14":"shipping-taxable","15":"product-type-simple"},"acf":[],"_links":{"self":[{"href":"https:\/\/olemosaic.com\/pt-pt\/wp-json\/wp\/v2\/product\/37934","targetHints":{"allow":["GET"]}}],"collection":[{"href":"https:\/\/olemosaic.com\/pt-pt\/wp-json\/wp\/v2\/product"}],"about":[{"href":"https:\/\/olemosaic.com\/pt-pt\/wp-json\/wp\/v2\/types\/product"}],"wp:featuredmedia":[{"embeddable":true,"href":"https:\/\/olemosaic.com\/pt-pt\/wp-json\/wp\/v2\/media\/10650"}],"wp:attachment":[{"href":"https:\/\/olemosaic.com\/pt-pt\/wp-json\/wp\/v2\/media?parent=37934"}],"wp:term":[{"taxonomy":"product_brand","embeddable":true,"href":"https:\/\/olemosaic.com\/pt-pt\/wp-json\/wp\/v2\/product_brand?post=37934"},{"taxonomy":"product_cat","embeddable":true,"href":"https:\/\/olemosaic.com\/pt-pt\/wp-json\/wp\/v2\/product_cat?post=37934"},{"taxonomy":"product_tag","embeddable":true,"href":"https:\/\/olemosaic.com\/pt-pt\/wp-json\/wp\/v2\/product_tag?post=37934"}],"curies":[{"name":"wp","href":"https:\/\/api.w.org\/{rel}","templated":true}]}}