{"id":37933,"date":"2025-02-20T23:31:27","date_gmt":"2025-02-20T22:31:27","guid":{"rendered":"http:\/\/olemosaic.com\/producto\/4-bols-de-coco-de-13-x-6-cm-isla-tenerife-3\/"},"modified":"2025-07-25T18:55:04","modified_gmt":"2025-07-25T16:55:04","slug":"4-tacas-de-coco-de-13-x-6-cm-ilha-tenerife-3","status":"publish","type":"product","link":"https:\/\/olemosaic.com\/pt-pt\/produto\/4-tacas-de-coco-de-13-x-6-cm-ilha-tenerife-3\/","title":{"rendered":"4 Ta\u00e7as de coco de 13 x 6 cm. Ilha. Oceano. Tenerife. Can\u00e1rias."},"content":{"rendered":"<p>Este conjunto de 4 ta\u00e7as de coco, de 13 x 6 cm, \u00e9 uma representa\u00e7\u00e3o vibrante da bela ilha de Tenerife, ideal para quem procura souvenirs aut\u00eanticos que reflitam a riqueza cultural das Ilhas Can\u00e1rias. Cada ta\u00e7a foi decorada de forma artesanal, com um acabamento pintado \u00e0 m\u00e3o que real\u00e7a texturas \u00fanicas numa deslumbrante paleta de cores, incluindo azuis, laranjas, vermelhos e dourados. Os designs evocam a beleza da paisagem can\u00e1ria e, no interior, aprecia-se o contorno de Tenerife, conferindo um toque distintivo que transformar\u00e1 qualquer mesa.<\/p>\n<p>Estas ta\u00e7as n\u00e3o s\u00e3o apenas funcionais, perfeitas para servir aperitivos ou pequenos petiscos, mas tamb\u00e9m funcionam como pe\u00e7as decorativas que trazem um ar tropical e alegre a qualquer espa\u00e7o. A sua autenticidade e design artesanal tornam-nas uma recorda\u00e7\u00e3o perfeita da ilha, ideal para turistas que desejam levar um pedacinho da cultura can\u00e1ria. Na Ol\u00e9 Mosaic, distribu\u00edmos estes souvenirs de Tenerife por grosso, garantindo que os comerciantes encontrem neles uma op\u00e7\u00e3o atrativa e culturalmente rica para os seus clientes. Com este conjunto de ta\u00e7as de coco, cada compra \u00e9 um passo em dire\u00e7\u00e3o \u00e0 celebra\u00e7\u00e3o da heran\u00e7a can\u00e1ria.<\/p>\n","protected":false},"excerpt":{"rendered":"<p>Conjunto de 4 ta\u00e7as de coco de 13 x 6 cm, decoradas com cores vibrantes e motivos que representam a ilha de Tenerife. Cada ta\u00e7a apresenta um acabamento de design artesanal, pintado \u00e0 m\u00e3o, com texturas \u00fanicas em tons de azul, laranja, vermelho e dourado, que real\u00e7am a beleza da paisagem can\u00e1ria. No interior, aprecia-se o contorno da ilha, o que a torna uma recorda\u00e7\u00e3o distintiva e funcional, ideal para apresentar aperitivos ou como elemento decorativo.<\/p>\n","protected":false},"featured_media":10644,"template":"","meta":{"_acf_changed":false},"product_brand":[],"product_cat":[513],"product_tag":[],"class_list":{"0":"post-37933","1":"product","2":"type-product","3":"status-publish","4":"has-post-thumbnail","6":"product_cat-bols","7":"pa_ciudad-tenerife","8":"pa_motivo-ilhas","9":"pa_pais-espana","11":"first","12":"instock","13":"shipping-taxable","14":"product-type-simple"},"acf":[],"_links":{"self":[{"href":"https:\/\/olemosaic.com\/pt-pt\/wp-json\/wp\/v2\/product\/37933","targetHints":{"allow":["GET"]}}],"collection":[{"href":"https:\/\/olemosaic.com\/pt-pt\/wp-json\/wp\/v2\/product"}],"about":[{"href":"https:\/\/olemosaic.com\/pt-pt\/wp-json\/wp\/v2\/types\/product"}],"wp:featuredmedia":[{"embeddable":true,"href":"https:\/\/olemosaic.com\/pt-pt\/wp-json\/wp\/v2\/media\/10644"}],"wp:attachment":[{"href":"https:\/\/olemosaic.com\/pt-pt\/wp-json\/wp\/v2\/media?parent=37933"}],"wp:term":[{"taxonomy":"product_brand","embeddable":true,"href":"https:\/\/olemosaic.com\/pt-pt\/wp-json\/wp\/v2\/product_brand?post=37933"},{"taxonomy":"product_cat","embeddable":true,"href":"https:\/\/olemosaic.com\/pt-pt\/wp-json\/wp\/v2\/product_cat?post=37933"},{"taxonomy":"product_tag","embeddable":true,"href":"https:\/\/olemosaic.com\/pt-pt\/wp-json\/wp\/v2\/product_tag?post=37933"}],"curies":[{"name":"wp","href":"https:\/\/api.w.org\/{rel}","templated":true}]}}