{"id":37932,"date":"2025-02-20T23:31:25","date_gmt":"2025-02-20T22:31:25","guid":{"rendered":"http:\/\/olemosaic.com\/producto\/4-bols-de-coco-de-13-x-6-cm-delfin-barcelona\/"},"modified":"2025-07-25T18:50:11","modified_gmt":"2025-07-25T16:50:11","slug":"4-tacas-de-coco-de-13-x-6-cm-golfinho-barcelona","status":"publish","type":"product","link":"https:\/\/olemosaic.com\/pt-pt\/produto\/4-tacas-de-coco-de-13-x-6-cm-golfinho-barcelona\/","title":{"rendered":"4 Ta\u00e7as de coco de 13 x 6 cm. Golfinho. Barcelona."},"content":{"rendered":"<p>Este conjunto de 4 ta\u00e7as de coco de 13 x 6 cm \u00e9 a recorda\u00e7\u00e3o perfeita do vibrante encanto de Barcelona. Cada ta\u00e7a, meticulosamente elaborada, apresenta um design exclusivo numa paleta de cores que inclui tons de azul, rosa, amarelo e transparentes, evocando a refrescante brisa do Mediterr\u00e2neo. Os ricos detalhes de mosaico que adornam cada pe\u00e7a s\u00e3o uma homenagem \u00e0 ic\u00f3nica arquitetura da cidade, ecoando obras como a Sagrada Fam\u00edlia e o Parque G\u00fcell. No centro de cada ta\u00e7a, uma elegante grava\u00e7\u00e3o de &#8220;Barcelona&#8221; combina-se com a imagem de um golfinho, s\u00edmbolo de alegria e esp\u00edrito costeiro, que refor\u00e7a a liga\u00e7\u00e3o com a bela costa catal\u00e3.<\/p>\n<p>Funcional e decorativo, este conjunto \u00e9 ideal para servir aperitivos, doces ou simplesmente como um atraente elemento decorativo em qualquer ambiente. O seu design alegre torna-o um excelente souvenir para turistas que procuram levar um peda\u00e7o de Barcelona para casa. Na Ol\u00e9 Mosaic, compreendemos a import\u00e2ncia das recorda\u00e7\u00f5es aut\u00eanticas, pelo que oferecemos estas ta\u00e7as de coco por grosso, perfeitas para lojas de presentes que desejam oferecer produtos que reflitam a cultura e a beleza de Espanha. Este artigo destaca-se n\u00e3o s\u00f3 pelo seu apelo visual, mas tamb\u00e9m pelo seu significado cultural, tornando-se um imprescind\u00edvel para quem quer experienciar a magia de Barcelona atrav\u00e9s dos seus souvenirs.<\/p>\n","protected":false},"excerpt":{"rendered":"<p>Ta\u00e7as de coco de 13 x 6 cm decoradas com um encantador golfinho, inspiradas na vibrante cultura de Barcelona. Cada ta\u00e7a apresenta um design muito especial em tons de azul, rosa, amarelo e transparente, com ricos detalhes de mosaico que evocam o estilo mediterr\u00e2nico. A pe\u00e7a \u00e9 perfeita para servir aperitivos ou como elemento decorativo, e conta com uma elegante grava\u00e7\u00e3o de &#8220;Barcelona&#8221; e um golfinho que simboliza a alegria da costa.<\/p>\n","protected":false},"featured_media":13799,"template":"","meta":{"_acf_changed":false},"product_brand":[],"product_cat":[513],"product_tag":[516],"class_list":{"0":"post-37932","1":"product","2":"type-product","3":"status-publish","4":"has-post-thumbnail","6":"product_cat-bols","7":"product_tag-animais","8":"pa_ciudad-barcelona","9":"pa_motivo-golfinhos","10":"pa_pais-espana","12":"first","13":"instock","14":"shipping-taxable","15":"product-type-simple"},"acf":[],"_links":{"self":[{"href":"https:\/\/olemosaic.com\/pt-pt\/wp-json\/wp\/v2\/product\/37932","targetHints":{"allow":["GET"]}}],"collection":[{"href":"https:\/\/olemosaic.com\/pt-pt\/wp-json\/wp\/v2\/product"}],"about":[{"href":"https:\/\/olemosaic.com\/pt-pt\/wp-json\/wp\/v2\/types\/product"}],"wp:featuredmedia":[{"embeddable":true,"href":"https:\/\/olemosaic.com\/pt-pt\/wp-json\/wp\/v2\/media\/13799"}],"wp:attachment":[{"href":"https:\/\/olemosaic.com\/pt-pt\/wp-json\/wp\/v2\/media?parent=37932"}],"wp:term":[{"taxonomy":"product_brand","embeddable":true,"href":"https:\/\/olemosaic.com\/pt-pt\/wp-json\/wp\/v2\/product_brand?post=37932"},{"taxonomy":"product_cat","embeddable":true,"href":"https:\/\/olemosaic.com\/pt-pt\/wp-json\/wp\/v2\/product_cat?post=37932"},{"taxonomy":"product_tag","embeddable":true,"href":"https:\/\/olemosaic.com\/pt-pt\/wp-json\/wp\/v2\/product_tag?post=37932"}],"curies":[{"name":"wp","href":"https:\/\/api.w.org\/{rel}","templated":true}]}}