{"id":37930,"date":"2025-02-20T22:31:25","date_gmt":"2025-02-20T22:31:25","guid":{"rendered":"http:\/\/olemosaic.com\/producto\/4-bols-de-coco-de-13-x-6-cm-camello-lanzarote\/"},"modified":"2025-07-25T18:42:51","modified_gmt":"2025-07-25T16:42:51","slug":"4-tacas-de-coco-de-13-x-6-cm-camelo-lanzarote","status":"publish","type":"product","link":"https:\/\/olemosaic.com\/pt-pt\/produto\/4-tacas-de-coco-de-13-x-6-cm-camelo-lanzarote\/","title":{"rendered":"4 Ta\u00e7as de coco de 13 x 6 cm. Camelo. Lanzarote."},"content":{"rendered":"<p>Este conjunto de ta\u00e7as de coco de Lanzarote \u00e9 uma homenagem \u00e0 beleza da arte insular, oferecendo quatro pe\u00e7as \u00fanicas de 13 x 6 cm, perfeitas tanto para servir aperitivos como para decorar qualquer canto da sua casa. Cada ta\u00e7a \u00e9 elaborada com uma base de coco natural, o que garante uma autenticidade e um toque r\u00fastico que reflete a ess\u00eancia das Ilhas Can\u00e1rias. Os coloridos motivos de camelos, presentes em cada ta\u00e7a, destacam-se gra\u00e7as a uma t\u00e9cnica artesanal que real\u00e7a os tons vivos de azul, amarelo, rosa e roxo, criando padr\u00f5es circulares que evocam a tradi\u00e7\u00e3o da arte local.<\/p>\n<p>Visualmente, cada ta\u00e7a \u00e9 um deleite: o contraste dos tons vibrantes sobre o fundo natural do coco cria um efeito visual cativante que n\u00e3o s\u00f3 adiciona cor \u00e0 apresenta\u00e7\u00e3o de alimentos, mas tamb\u00e9m a torna um elemento decorativo ideal. Os camelos, s\u00edmbolos ic\u00f3nicos de Lanzarote, acrescentam um significado cultural profundo, recordando aos turistas momentos inesquec\u00edveis da sua visita.<\/p>\n<p>Este conjunto de ta\u00e7as n\u00e3o \u00e9 apenas uma excelente op\u00e7\u00e3o para quem procura souvenirs de Lanzarote, mas tamb\u00e9m representa uma fus\u00e3o entre funcionalidade e autenticidade, perfeita para as lojas de presentes tur\u00edsticos que desejam oferecer produtos que contam uma hist\u00f3ria. Na Ol\u00e9 Mosaic, somos especialistas na distribui\u00e7\u00e3o de souvenirs por grosso, e este conjunto de ta\u00e7as de coco \u00e9 uma pe\u00e7a-chave para quem deseja levar uma recorda\u00e7\u00e3o aut\u00eantica da sua experi\u00eancia can\u00e1ria.<\/p>\n","protected":false},"excerpt":{"rendered":"<p>Ta\u00e7as de coco de 13 x 6 cm decoradas com motivos coloridos de camelos, representativos de Lanzarote. Cada ta\u00e7a apresenta um acabamento \u00fanico, com uma base de coco natural e detalhes em tons de azul, amarelo, rosa e roxo, criados atrav\u00e9s de uma t\u00e9cnica artesanal. Os designs circulares evocam a tradi\u00e7\u00e3o da arte local, tornando-as elementos ideais para servir aperitivos ou para decorar qualquer casa.<\/p>\n","protected":false},"featured_media":12131,"template":"","meta":{"_acf_changed":false},"product_brand":[],"product_cat":[513],"product_tag":[516],"class_list":{"0":"post-37930","1":"product","2":"type-product","3":"status-publish","4":"has-post-thumbnail","6":"product_cat-bols","7":"product_tag-animais","8":"pa_ciudad-lanzarote","9":"pa_motivo-camelos","10":"pa_pais-espana","12":"first","13":"instock","14":"shipping-taxable","15":"product-type-simple"},"acf":[],"_links":{"self":[{"href":"https:\/\/olemosaic.com\/pt-pt\/wp-json\/wp\/v2\/product\/37930","targetHints":{"allow":["GET"]}}],"collection":[{"href":"https:\/\/olemosaic.com\/pt-pt\/wp-json\/wp\/v2\/product"}],"about":[{"href":"https:\/\/olemosaic.com\/pt-pt\/wp-json\/wp\/v2\/types\/product"}],"wp:featuredmedia":[{"embeddable":true,"href":"https:\/\/olemosaic.com\/pt-pt\/wp-json\/wp\/v2\/media\/12131"}],"wp:attachment":[{"href":"https:\/\/olemosaic.com\/pt-pt\/wp-json\/wp\/v2\/media?parent=37930"}],"wp:term":[{"taxonomy":"product_brand","embeddable":true,"href":"https:\/\/olemosaic.com\/pt-pt\/wp-json\/wp\/v2\/product_brand?post=37930"},{"taxonomy":"product_cat","embeddable":true,"href":"https:\/\/olemosaic.com\/pt-pt\/wp-json\/wp\/v2\/product_cat?post=37930"},{"taxonomy":"product_tag","embeddable":true,"href":"https:\/\/olemosaic.com\/pt-pt\/wp-json\/wp\/v2\/product_tag?post=37930"}],"curies":[{"name":"wp","href":"https:\/\/api.w.org\/{rel}","templated":true}]}}