{"id":37928,"date":"2025-02-20T22:31:25","date_gmt":"2025-02-20T22:31:25","guid":{"rendered":"http:\/\/olemosaic.com\/producto\/salvamanteles-de-ceramica-punt-de-trobada-barcelona\/"},"modified":"2025-07-25T19:13:00","modified_gmt":"2025-07-25T17:13:00","slug":"descanso-de-pratos-em-ceramica-punt-de-trobada-barcelona","status":"publish","type":"product","link":"https:\/\/olemosaic.com\/pt-pt\/produto\/descanso-de-pratos-em-ceramica-punt-de-trobada-barcelona\/","title":{"rendered":"Descanso de pratos em cer\u00e2mica. Punt de trobada. Barcelona."},"content":{"rendered":"<p>Este colorido descanso de pratos em cer\u00e2mica, inspirado na arte moderna de Barcelona, \u00e9 um aut\u00eantico tributo ao design contempor\u00e2neo conhecido como \u201cPunt de trobada\u201d. A sua composi\u00e7\u00e3o vibrante apresenta um espetacular mosaico em tons de vermelho, azul, amarelo e verde, com formas abstratas que evocam o estilo distintivo do famoso artista catal\u00e3o. O fundo branco real\u00e7a o dinamismo do design, criando uma pe\u00e7a t\u00e3o funcional quanto decorativa. Em cada canto do descanso de pratos, encontramos detalhes encantadores que convidam a admirar a sua complexidade, enquanto a borda entran\u00e7ada em vermelho lhe confere um toque de eleg\u00e2ncia e contraste.<\/p>\n<p>Este descanso de pratos n\u00e3o \u00e9 apenas um acess\u00f3rio imprescind\u00edvel para proteger as suas superf\u00edcies, mas tamb\u00e9m representa uma vis\u00e3o moderna da cultura de Barcelona, tornando-se um souvenir ideal para quem procura levar um pedacinho da cidade. A sua autenticidade e design tornam-no perfeito para turistas que desejam uma recorda\u00e7\u00e3o representativa da capital catal\u00e3, sendo simultaneamente uma excelente op\u00e7\u00e3o para lojas de presentes tur\u00edsticos que valorizam produtos de qualidade e car\u00e1ter cultural.<\/p>\n<p>Na Ol\u00e9 Mosaic, como distribuidores de souvenirs por grosso, oferecemos descansos de pratos em cer\u00e2mica aut\u00eanticos e outros artigos representativos da rica tradi\u00e7\u00e3o espanhola. Este descanso de pratos de Punt de trobada destaca a uni\u00e3o entre arte e funcionalidade, elevando qualquer mesa a uma express\u00e3o art\u00edstica.<\/p>\n","protected":false},"excerpt":{"rendered":"<p>Descanso de pratos em cer\u00e2mica inspirado na arte moderna barcelonesa, concretamente no design \u00abPunt de trobada\u00bb. Este colorido descanso de pratos apresenta um design de mosaico com vibrantes tons de vermelho, azul, amarelo e verde, e formas abstratas sobre um fundo branco, evocando o estilo do famoso artista catal\u00e3o. Com uma borda entran\u00e7ada em vermelho, \u00e9 ideal para adicionar um toque art\u00edstico e contempor\u00e2neo a qualquer mesa.<\/p>\n","protected":false},"featured_media":9134,"template":"","meta":{"_acf_changed":false},"product_brand":[],"product_cat":[830],"product_tag":[515],"class_list":{"0":"post-37928","1":"product","2":"type-product","3":"status-publish","4":"has-post-thumbnail","6":"product_cat-bases-para-pratos","7":"product_tag-ceramica","8":"pa_ciudad-barcelona","9":"pa_motivo-punt-de-trobada","10":"pa_pais-espana","12":"first","13":"instock","14":"shipping-taxable","15":"product-type-simple"},"acf":[],"_links":{"self":[{"href":"https:\/\/olemosaic.com\/pt-pt\/wp-json\/wp\/v2\/product\/37928","targetHints":{"allow":["GET"]}}],"collection":[{"href":"https:\/\/olemosaic.com\/pt-pt\/wp-json\/wp\/v2\/product"}],"about":[{"href":"https:\/\/olemosaic.com\/pt-pt\/wp-json\/wp\/v2\/types\/product"}],"wp:featuredmedia":[{"embeddable":true,"href":"https:\/\/olemosaic.com\/pt-pt\/wp-json\/wp\/v2\/media\/9134"}],"wp:attachment":[{"href":"https:\/\/olemosaic.com\/pt-pt\/wp-json\/wp\/v2\/media?parent=37928"}],"wp:term":[{"taxonomy":"product_brand","embeddable":true,"href":"https:\/\/olemosaic.com\/pt-pt\/wp-json\/wp\/v2\/product_brand?post=37928"},{"taxonomy":"product_cat","embeddable":true,"href":"https:\/\/olemosaic.com\/pt-pt\/wp-json\/wp\/v2\/product_cat?post=37928"},{"taxonomy":"product_tag","embeddable":true,"href":"https:\/\/olemosaic.com\/pt-pt\/wp-json\/wp\/v2\/product_tag?post=37928"}],"curies":[{"name":"wp","href":"https:\/\/api.w.org\/{rel}","templated":true}]}}