{"id":37926,"date":"2025-02-20T23:31:22","date_gmt":"2025-02-20T22:31:22","guid":{"rendered":"http:\/\/olemosaic.com\/producto\/colgador-de-ceramica-golondrina-mosaico-9\/"},"modified":"2025-07-25T19:18:04","modified_gmt":"2025-07-25T17:18:04","slug":"cabide-de-ceramica-andorinha-mosaico-9-pt-pt","status":"publish","type":"product","link":"https:\/\/olemosaic.com\/pt-pt\/produto\/cabide-de-ceramica-andorinha-mosaico-9-pt-pt\/","title":{"rendered":"Cabide de cer\u00e2mica. Andorinha. Mosaico."},"content":{"rendered":"<p>Este cabide de cer\u00e2mica em forma de andorinha \u00e9 uma pe\u00e7a \u00fanica que captura a ess\u00eancia da arte mediterr\u00e2nica, ideal para quem procura souvenirs aut\u00eanticos de Espanha. Elaborado em cer\u00e2mica de alta qualidade, o seu design apresenta um vibrante mosaico de cores que mistura padr\u00f5es tradicionais com um acabamento pintado \u00e0 m\u00e3o, garantindo que cada pe\u00e7a seja verdadeiramente \u00fanica. A andorinha, s\u00edmbolo de boa sorte e esperan\u00e7a na cultura espanhola, voa com gra\u00e7a sobre um fundo repleto de motivos geom\u00e9tricos em tons de azul, vermelho, amarelo e verde, evocando a frescura da paisagem mediterr\u00e2nica.<\/p>\n<p>Este atraente cabide n\u00e3o \u00e9 apenas um objeto decorativo, mas uma express\u00e3o da rica heran\u00e7a cultural de Espanha, que soube misturar arte e tradi\u00e7\u00f5es em cada canto do pa\u00eds. Ao pendur\u00e1-lo na parede, este souvenir transforma qualquer espa\u00e7o, conferindo um toque de cor e eleg\u00e2ncia. Na Ol\u00e9 Mosaic, reconhecemos a import\u00e2ncia de oferecer souvenirs de qualidade que representem a cultura espanhola. Este cabide de andorinha \u00e9 uma excelente op\u00e7\u00e3o para lojas de presentes tur\u00edsticos que procuram produtos aut\u00eanticos e com um significado cultural profundo. Como grossistas de cer\u00e2mica decorativa, garantimos um design atraente e um artesanato excecional em cada pe\u00e7a.<\/p>\n","protected":false},"excerpt":{"rendered":"<p>Cabide de cer\u00e2mica em forma de andorinha, decorado com um vibrante mosaico de cores e motivos tradicionais. Este design atraente representa a fus\u00e3o da cultura espanhola, ideal para adicionar um toque art\u00edstico a qualquer parede. Cada pe\u00e7a parece ser pintada \u00e0 m\u00e3o, garantindo um acabamento \u00fanico. As cores vivas e os motivos geom\u00e9tricos evocam a frescura da paisagem mediterr\u00e2nica, tornando este cabide um souvenir perfeito de Espanha.<\/p>\n","protected":false},"featured_media":11227,"template":"","meta":{"_acf_changed":false},"product_brand":[],"product_cat":[792],"product_tag":[516,515],"class_list":{"0":"post-37926","1":"product","2":"type-product","3":"status-publish","4":"has-post-thumbnail","6":"product_cat-cabides","7":"product_tag-animais","8":"product_tag-ceramica","9":"pa_motivo-andorinhas","11":"first","12":"instock","13":"shipping-taxable","14":"product-type-simple"},"acf":[],"_links":{"self":[{"href":"https:\/\/olemosaic.com\/pt-pt\/wp-json\/wp\/v2\/product\/37926","targetHints":{"allow":["GET"]}}],"collection":[{"href":"https:\/\/olemosaic.com\/pt-pt\/wp-json\/wp\/v2\/product"}],"about":[{"href":"https:\/\/olemosaic.com\/pt-pt\/wp-json\/wp\/v2\/types\/product"}],"wp:featuredmedia":[{"embeddable":true,"href":"https:\/\/olemosaic.com\/pt-pt\/wp-json\/wp\/v2\/media\/11227"}],"wp:attachment":[{"href":"https:\/\/olemosaic.com\/pt-pt\/wp-json\/wp\/v2\/media?parent=37926"}],"wp:term":[{"taxonomy":"product_brand","embeddable":true,"href":"https:\/\/olemosaic.com\/pt-pt\/wp-json\/wp\/v2\/product_brand?post=37926"},{"taxonomy":"product_cat","embeddable":true,"href":"https:\/\/olemosaic.com\/pt-pt\/wp-json\/wp\/v2\/product_cat?post=37926"},{"taxonomy":"product_tag","embeddable":true,"href":"https:\/\/olemosaic.com\/pt-pt\/wp-json\/wp\/v2\/product_tag?post=37926"}],"curies":[{"name":"wp","href":"https:\/\/api.w.org\/{rel}","templated":true}]}}