{"id":37925,"date":"2025-02-20T23:31:22","date_gmt":"2025-02-20T22:31:22","guid":{"rendered":"http:\/\/olemosaic.com\/producto\/colgador-de-ceramica-golondrina-lisboa-mosaico-9\/"},"modified":"2025-07-25T18:43:49","modified_gmt":"2025-07-25T16:43:49","slug":"cabide-de-ceramica-andorinha-lisboa-mosaico-9-pt-pt","status":"publish","type":"product","link":"https:\/\/olemosaic.com\/pt-pt\/produto\/cabide-de-ceramica-andorinha-lisboa-mosaico-9-pt-pt\/","title":{"rendered":"Cabide de cer\u00e2mica. Andorinha. Mosaico. Lisboa. Portugal."},"content":{"rendered":"<p>Este cabide de cer\u00e2mica em forma de andorinha \u00e9 uma pe\u00e7a \u00fanica e inspiradora que evoca o vibrante mosaico de Lisboa. De design artesanal, o seu desenho apresenta uma cativante combina\u00e7\u00e3o de cores brilhantes e padr\u00f5es geom\u00e9tricos tradicionais, t\u00edpicos da cer\u00e2mica portuguesa. A andorinha, s\u00edmbolo de boa sorte e esperan\u00e7a, est\u00e1 estilizada com as asas estendidas, capturando a ess\u00eancia do voo e da liberdade. Cada detalhe da sua superf\u00edcie \u00e9 meticulosamente pintado, mostrando uma paleta variada que inclui azuis intensos, vermelhos vibrantes e verdes frescos, entrela\u00e7ados em padr\u00f5es intrincados que recordam os azulejos de Lisboa.<\/p>\n<p>Este cabide n\u00e3o \u00e9 apenas um artigo decorativo, mas tamb\u00e9m uma representa\u00e7\u00e3o cultural significativa que real\u00e7a a rica heran\u00e7a artesanal de Portugal. Ao pendur\u00e1-lo em qualquer espa\u00e7o, trar\u00e1 um toque aut\u00eantico e cultural que quem procura recorda\u00e7\u00f5es de Lisboa apreciar\u00e1 enormemente. Na Ol\u00e9 Mosaic, especializamo-nos na distribui\u00e7\u00e3o de recorda\u00e7\u00f5es de cer\u00e2mica por grosso, e este cabide de andorinha \u00e9 uma excelente op\u00e7\u00e3o para lojas de presentes tur\u00edsticos que desejem oferecer produtos aut\u00eanticos e representativos. Como grossistas de cer\u00e2mica, garantimos qualidade artesanal e um design que celebra a ess\u00eancia do patrim\u00f3nio portugu\u00eas, fazendo deste cabide uma recorda\u00e7\u00e3o duradoura para qualquer visitante de Lisboa.<\/p>\n","protected":false},"excerpt":{"rendered":"<p>Cabide de cer\u00e2mica em forma de andorinha, inspirado nos vibrantes mosaicos de Lisboa. Este produto, de design \u00fanico e artesanal, pintado \u00e0 m\u00e3o, combina uma variedade de cores brilhantes e padr\u00f5es geom\u00e9tricos tradicionais, t\u00edpicos da cer\u00e2mica portuguesa. Com a sua forma estilizada que evoca o voo da andorinha, \u00e9 um elemento decorativo perfeito para adicionar um toque aut\u00eantico e cultural a qualquer espa\u00e7o.<\/p>\n","protected":false},"featured_media":11226,"template":"","meta":{"_acf_changed":false},"product_brand":[],"product_cat":[792],"product_tag":[516,515],"class_list":{"0":"post-37925","1":"product","2":"type-product","3":"status-publish","4":"has-post-thumbnail","6":"product_cat-cabides","7":"product_tag-animais","8":"product_tag-ceramica","9":"pa_ciudad-lisboa","10":"pa_motivo-andorinhas","11":"pa_pais-portugal","13":"first","14":"instock","15":"shipping-taxable","16":"product-type-simple"},"acf":[],"_links":{"self":[{"href":"https:\/\/olemosaic.com\/pt-pt\/wp-json\/wp\/v2\/product\/37925","targetHints":{"allow":["GET"]}}],"collection":[{"href":"https:\/\/olemosaic.com\/pt-pt\/wp-json\/wp\/v2\/product"}],"about":[{"href":"https:\/\/olemosaic.com\/pt-pt\/wp-json\/wp\/v2\/types\/product"}],"wp:featuredmedia":[{"embeddable":true,"href":"https:\/\/olemosaic.com\/pt-pt\/wp-json\/wp\/v2\/media\/11226"}],"wp:attachment":[{"href":"https:\/\/olemosaic.com\/pt-pt\/wp-json\/wp\/v2\/media?parent=37925"}],"wp:term":[{"taxonomy":"product_brand","embeddable":true,"href":"https:\/\/olemosaic.com\/pt-pt\/wp-json\/wp\/v2\/product_brand?post=37925"},{"taxonomy":"product_cat","embeddable":true,"href":"https:\/\/olemosaic.com\/pt-pt\/wp-json\/wp\/v2\/product_cat?post=37925"},{"taxonomy":"product_tag","embeddable":true,"href":"https:\/\/olemosaic.com\/pt-pt\/wp-json\/wp\/v2\/product_tag?post=37925"}],"curies":[{"name":"wp","href":"https:\/\/api.w.org\/{rel}","templated":true}]}}