{"id":37922,"date":"2025-02-20T23:31:12","date_gmt":"2025-02-20T22:31:12","guid":{"rendered":"http:\/\/olemosaic.com\/producto\/cenicero-de-ceramica-de-10-cm-salamandra-mallorca-beige\/"},"modified":"2025-07-25T18:48:12","modified_gmt":"2025-07-25T16:48:12","slug":"cinzeiro-de-ceramica-de-10-cm-salamandra-maiorca-bege-pt-pt","status":"publish","type":"product","link":"https:\/\/olemosaic.com\/pt-pt\/produto\/cinzeiro-de-ceramica-de-10-cm-salamandra-maiorca-bege-pt-pt\/","title":{"rendered":"Cinzeiro de cer\u00e2mica de 10 cm. Salamandra. Maiorca. Bege"},"content":{"rendered":"<p>Este cinzeiro de cer\u00e2mica de 10 cm \u00e9 uma aut\u00eantica recorda\u00e7\u00e3o da beleza de Maiorca, ideal para quem deseja levar um peda\u00e7o desta encantadora ilha. A pe\u00e7a est\u00e1 requintadamente pintada com efeito \u00e0 m\u00e3o, mostrando um design vibrante de uma salamandra em tons de azul, verde e amarelo, que serpenteia com gra\u00e7a entre delicadas flores vermelhas, acrescentando um toque de frescura e colorido. A inscri\u00e7\u00e3o &#8220;MALLORCA&#8221; em tipografia colorida destaca-se, tornando este cinzeiro n\u00e3o apenas um objeto funcional, mas tamb\u00e9m uma recorda\u00e7\u00e3o emotiva da cultura mediterr\u00e2nica.<\/p>\n<p>O rebordo em cor bege confere um acabamento elegante, elevando ainda mais o seu apelo visual. Este cinzeiro celebra a fauna local, em particular a salamandra, um s\u00edmbolo de boa sorte e adapta\u00e7\u00e3o ao meio, o que real\u00e7a a liga\u00e7\u00e3o cultural da recorda\u00e7\u00e3o com a rica biodiversidade da ilha. \u00c9 o produto perfeito para turistas que procuram recorda\u00e7\u00f5es de cer\u00e2mica aut\u00eanticas e representativas da sua experi\u00eancia em Maiorca. Na Ol\u00e9 Mosaic, como grossistas de recorda\u00e7\u00f5es da ilha, garantimos a qualidade e a artesania em cada pe\u00e7a, oferecendo \u00e0s lojas de presentes tur\u00edsticos um produto que combina arte, tradi\u00e7\u00e3o e um toque da vida local.<\/p>\n","protected":false},"excerpt":{"rendered":"<p>Cinzeiro de cer\u00e2mica de 10 cm decorado com uma colorida salamandra, ideal para recordar a beleza de Maiorca. A pe\u00e7a aparenta ser pintada \u00e0 m\u00e3o, com um design vibrante que mostra uma salamandra em tons de azul, verde e amarelo, rodeada de flores vermelhas e a palavra &#8220;MALLORCA&#8221;. O rebordo bege d\u00e1-lhe um toque elegante, tornando-o uma atraente recorda\u00e7\u00e3o da ilha, perfeita para qualquer amante da cultura mediterr\u00e2nica.<\/p>\n","protected":false},"featured_media":7736,"template":"","meta":{"_acf_changed":false},"product_brand":[],"product_cat":[564],"product_tag":[516,515],"class_list":{"0":"post-37922","1":"product","2":"type-product","3":"status-publish","4":"has-post-thumbnail","6":"product_cat-cinzeiros","7":"product_tag-animais","8":"product_tag-ceramica","9":"pa_ciudad-mallorca","10":"pa_motivo-salamandras","11":"pa_pais-espana","13":"first","14":"instock","15":"shipping-taxable","16":"product-type-simple"},"acf":[],"_links":{"self":[{"href":"https:\/\/olemosaic.com\/pt-pt\/wp-json\/wp\/v2\/product\/37922","targetHints":{"allow":["GET"]}}],"collection":[{"href":"https:\/\/olemosaic.com\/pt-pt\/wp-json\/wp\/v2\/product"}],"about":[{"href":"https:\/\/olemosaic.com\/pt-pt\/wp-json\/wp\/v2\/types\/product"}],"wp:featuredmedia":[{"embeddable":true,"href":"https:\/\/olemosaic.com\/pt-pt\/wp-json\/wp\/v2\/media\/7736"}],"wp:attachment":[{"href":"https:\/\/olemosaic.com\/pt-pt\/wp-json\/wp\/v2\/media?parent=37922"}],"wp:term":[{"taxonomy":"product_brand","embeddable":true,"href":"https:\/\/olemosaic.com\/pt-pt\/wp-json\/wp\/v2\/product_brand?post=37922"},{"taxonomy":"product_cat","embeddable":true,"href":"https:\/\/olemosaic.com\/pt-pt\/wp-json\/wp\/v2\/product_cat?post=37922"},{"taxonomy":"product_tag","embeddable":true,"href":"https:\/\/olemosaic.com\/pt-pt\/wp-json\/wp\/v2\/product_tag?post=37922"}],"curies":[{"name":"wp","href":"https:\/\/api.w.org\/{rel}","templated":true}]}}