{"id":37921,"date":"2025-02-20T23:31:12","date_gmt":"2025-02-20T22:31:12","guid":{"rendered":"http:\/\/olemosaic.com\/producto\/cenicero-de-ceramica-de-10-cm-madrid-blanco\/"},"modified":"2025-07-25T18:43:33","modified_gmt":"2025-07-25T16:43:33","slug":"cinzeiro-de-ceramica-de-10-cm-madrid-branco-pt-pt","status":"publish","type":"product","link":"https:\/\/olemosaic.com\/pt-pt\/produto\/cinzeiro-de-ceramica-de-10-cm-madrid-branco-pt-pt\/","title":{"rendered":"Cinzeiro de cer\u00e2mica de 10 cm. Madrid. Branco"},"content":{"rendered":"<p>Este cinzeiro de cer\u00e2mica, com 10 cm de di\u00e2metro, \u00e9 uma atraente e colorida recorda\u00e7\u00e3o representativa da vibrante cultura madrilena. Decorado artesanalmente com ilustra\u00e7\u00f5es vibrantes, destaca a emblem\u00e1tica Puerta del Sol, s\u00edmbolo central da capital espanhola. No seu interior, as coloridas personagens e elementos t\u00edpicos da vida madrilena ganham vida, refletindo a alegria e diversidade desta din\u00e2mica cidade. Com um acabamento branco brilhante que proporciona um contraste visual impactante, os detalhes em vermelho, azul e amarelo enriquecem o design, tornando este cinzeiro uma pe\u00e7a de decora\u00e7\u00e3o \u00fanica que evoca a ess\u00eancia de Madrid.<\/p>\n<p>Este cinzeiro n\u00e3o s\u00f3 cumpre uma fun\u00e7\u00e3o pr\u00e1tica, como tamb\u00e9m atua como uma recorda\u00e7\u00e3o visual das experi\u00eancias vividas na cidade. Ideal para os turistas que procuram uma recorda\u00e7\u00e3o aut\u00eantica que represente a rica heran\u00e7a cultural de Madrid, este artigo captura o esp\u00edrito alegre e acolhedor das suas ruas. Na Ol\u00e9 Mosaic, como grossistas de recorda\u00e7\u00f5es de Madrid, oferecemos produtos que real\u00e7am a autenticidade e a artisticidade de cada pe\u00e7a. Este cinzeiro \u00e9 uma excelente op\u00e7\u00e3o para lojas de presentes tur\u00edsticos que procuram oferecer aos seus clientes uma recorda\u00e7\u00e3o significativa e cheia de encanto.<\/p>\n","protected":false},"excerpt":{"rendered":"<p>Cinzeiro de cer\u00e2mica de 10 cm de di\u00e2metro, decorado com ilustra\u00e7\u00f5es vibrantes representativas de Madrid. Este atraente cinzeiro apresenta um design artesanal, pintado \u00e0 m\u00e3o, que destaca a emblem\u00e1tica Puerta del Sol, acompanhado de coloridas personagens e elementos t\u00edpicos da cultura madrilena. Com um acabamento branco brilhante e detalhes em vermelho, azul e amarelo, \u00e9 a recorda\u00e7\u00e3o ideal para recordar a ess\u00eancia da capital espanhola.<\/p>\n","protected":false},"featured_media":9950,"template":"","meta":{"_acf_changed":false},"product_brand":[],"product_cat":[564],"product_tag":[515],"class_list":{"0":"post-37921","1":"product","2":"type-product","3":"status-publish","4":"has-post-thumbnail","6":"product_cat-cinzeiros","7":"product_tag-ceramica","8":"pa_ciudad-madrid","9":"pa_pais-espana","11":"first","12":"instock","13":"shipping-taxable","14":"product-type-simple"},"acf":[],"_links":{"self":[{"href":"https:\/\/olemosaic.com\/pt-pt\/wp-json\/wp\/v2\/product\/37921","targetHints":{"allow":["GET"]}}],"collection":[{"href":"https:\/\/olemosaic.com\/pt-pt\/wp-json\/wp\/v2\/product"}],"about":[{"href":"https:\/\/olemosaic.com\/pt-pt\/wp-json\/wp\/v2\/types\/product"}],"wp:featuredmedia":[{"embeddable":true,"href":"https:\/\/olemosaic.com\/pt-pt\/wp-json\/wp\/v2\/media\/9950"}],"wp:attachment":[{"href":"https:\/\/olemosaic.com\/pt-pt\/wp-json\/wp\/v2\/media?parent=37921"}],"wp:term":[{"taxonomy":"product_brand","embeddable":true,"href":"https:\/\/olemosaic.com\/pt-pt\/wp-json\/wp\/v2\/product_brand?post=37921"},{"taxonomy":"product_cat","embeddable":true,"href":"https:\/\/olemosaic.com\/pt-pt\/wp-json\/wp\/v2\/product_cat?post=37921"},{"taxonomy":"product_tag","embeddable":true,"href":"https:\/\/olemosaic.com\/pt-pt\/wp-json\/wp\/v2\/product_tag?post=37921"}],"curies":[{"name":"wp","href":"https:\/\/api.w.org\/{rel}","templated":true}]}}