{"id":37920,"date":"2025-02-20T23:31:11","date_gmt":"2025-02-20T22:31:11","guid":{"rendered":"http:\/\/olemosaic.com\/producto\/cenicero-de-ceramica-de-8-cm-punt-de-trobada-beige\/"},"modified":"2025-07-25T19:20:07","modified_gmt":"2025-07-25T17:20:07","slug":"cinzeiro-de-ceramica-de-8-cm-punt-de-trobada-bege-pt-pt","status":"publish","type":"product","link":"https:\/\/olemosaic.com\/pt-pt\/produto\/cinzeiro-de-ceramica-de-8-cm-punt-de-trobada-bege-pt-pt\/","title":{"rendered":"Cinzeiro de cer\u00e2mica de 8 cm. Punt de trobada. Bege"},"content":{"rendered":"<p>Este cinzeiro de cer\u00e2mica &#8220;Punt de trobada&#8221; \u00e9 uma pe\u00e7a vibrante que encarna a ess\u00eancia da arte moderna espanhola. Com um di\u00e2metro de 8 cm, este atraente objeto decorativo funde funcionalidade e estilo, tornando-se uma aut\u00eantica recorda\u00e7\u00e3o de Espanha. A sua cor bege no exterior, juntamente com um elegante rebordo preto, confere um toque contempor\u00e2neo que se adapta a qualquer ambiente. O interior do cinzeiro, cuidadosamente pintado \u00e0 m\u00e3o, \u00e9 adornado com motivos abstratos numa explos\u00e3o de cores: vermelho, azul, amarelo e verde, que evocam a criatividade e o dinamismo da arte contempor\u00e2nea.<\/p>\n<p>A combina\u00e7\u00e3o destas cores e formas abstratas n\u00e3o s\u00f3 real\u00e7a a habilidade artesanal por tr\u00e1s desta pe\u00e7a, como tamb\u00e9m remete para a rica tradi\u00e7\u00e3o art\u00edstica que Espanha cultivou ao longo dos anos, recordando o legado de mestres como Joan Mir\u00f3 e Salvador Dal\u00ed. Este cinzeiro n\u00e3o \u00e9 apenas um objeto pr\u00e1tico, mas um reflexo da cultura visual do pa\u00eds, o que o torna um presente ideal para turistas que procuram levar consigo um peda\u00e7o da criatividade espanhola.<\/p>\n<p>Na Ol\u00e9 Mosaic, como grossista de recorda\u00e7\u00f5es de cer\u00e2mica, oferecemos produtos aut\u00eanticos que celebram a heran\u00e7a cultural de Espanha. Este cinzeiro \u00e9 uma excelente escolha para lojas de presentes tur\u00edsticos que desejam oferecer aos seus clientes uma recorda\u00e7\u00e3o aut\u00eantica e representativa da sua visita.<\/p>\n","protected":false},"excerpt":{"rendered":"<p>Cinzeiro de cer\u00e2mica de 8 cm, &#8220;Punt de trobada&#8221;, com um design vibrante inspirado na arte moderna. Este colorido cinzeiro bege apresenta um interior de design artesanal, pintado \u00e0 m\u00e3o, com motivos abstratos em tons de vermelho, azul, amarelo e verde, capturando a ess\u00eancia criativa da arte espanhola. A sua forma redonda e o rebordo preto acrescentam um toque elegante a qualquer ambiente, tornando-o uma recorda\u00e7\u00e3o perfeita da cultura visual de Espanha.<\/p>\n","protected":false},"featured_media":10040,"template":"","meta":{"_acf_changed":false},"product_brand":[],"product_cat":[564],"product_tag":[515],"class_list":{"0":"post-37920","1":"product","2":"type-product","3":"status-publish","4":"has-post-thumbnail","6":"product_cat-cinzeiros","7":"product_tag-ceramica","8":"pa_motivo-punt-de-trobada","10":"first","11":"instock","12":"shipping-taxable","13":"product-type-simple"},"acf":[],"_links":{"self":[{"href":"https:\/\/olemosaic.com\/pt-pt\/wp-json\/wp\/v2\/product\/37920","targetHints":{"allow":["GET"]}}],"collection":[{"href":"https:\/\/olemosaic.com\/pt-pt\/wp-json\/wp\/v2\/product"}],"about":[{"href":"https:\/\/olemosaic.com\/pt-pt\/wp-json\/wp\/v2\/types\/product"}],"wp:featuredmedia":[{"embeddable":true,"href":"https:\/\/olemosaic.com\/pt-pt\/wp-json\/wp\/v2\/media\/10040"}],"wp:attachment":[{"href":"https:\/\/olemosaic.com\/pt-pt\/wp-json\/wp\/v2\/media?parent=37920"}],"wp:term":[{"taxonomy":"product_brand","embeddable":true,"href":"https:\/\/olemosaic.com\/pt-pt\/wp-json\/wp\/v2\/product_brand?post=37920"},{"taxonomy":"product_cat","embeddable":true,"href":"https:\/\/olemosaic.com\/pt-pt\/wp-json\/wp\/v2\/product_cat?post=37920"},{"taxonomy":"product_tag","embeddable":true,"href":"https:\/\/olemosaic.com\/pt-pt\/wp-json\/wp\/v2\/product_tag?post=37920"}],"curies":[{"name":"wp","href":"https:\/\/api.w.org\/{rel}","templated":true}]}}