{"id":37918,"date":"2025-02-20T23:31:11","date_gmt":"2025-02-20T22:31:11","guid":{"rendered":"http:\/\/olemosaic.com\/producto\/bol-de-coco-beige-salamandra-mallorca-2\/"},"modified":"2025-07-25T20:10:49","modified_gmt":"2025-07-25T18:10:49","slug":"taca-de-coco-bege-salamandra-maiorca-2-pt-pt","status":"publish","type":"product","link":"https:\/\/olemosaic.com\/pt-pt\/produto\/taca-de-coco-bege-salamandra-maiorca-2-pt-pt\/","title":{"rendered":"Ta\u00e7a de coco bege. Salamandra. Maiorca. Baleares."},"content":{"rendered":"<p>Esta ta\u00e7a decorativa de coco bege \u00e9 uma pe\u00e7a \u00fanica que captura a ess\u00eancia de Maiorca, ideal para quem procura recorda\u00e7\u00f5es aut\u00eanticas e representativas da ilha. O seu design atraente apresenta uma magn\u00edfica ilustra\u00e7\u00e3o de uma salamandra em tons castanhos, que se destaca sobre um fundo claro, evocando a fauna local e o ambiente natural de Maiorca. O exterior da ta\u00e7a conserva um acabamento natural que real\u00e7a as imperfei\u00e7\u00f5es e texturas do coco, enquanto no seu interior se revela um jogo de cores que recorda as pedras locais, criando uma experi\u00eancia visual cativante.<\/p>\n<p>Perfeita tanto como pe\u00e7a decorativa como para servir pequenos aperitivos, esta ta\u00e7a n\u00e3o s\u00f3 combina funcionalidade e est\u00e9tica, mas tamb\u00e9m celebra a rica cultura maiorquina. A salamandra, s\u00edmbolo de renova\u00e7\u00e3o e transforma\u00e7\u00e3o, incorpora-se no design, refletindo a liga\u00e7\u00e3o entre a natureza e a tradi\u00e7\u00e3o artesanal da regi\u00e3o. Na Ol\u00e9 Mosaic, compreendemos a import\u00e2ncia de oferecer produtos que contem uma hist\u00f3ria, e esta ta\u00e7a representa na perfei\u00e7\u00e3o a autenticidade e a arte que caracterizam Maiorca.<\/p>\n<p>Como distribuidores de recorda\u00e7\u00f5es por grosso, garantimos que esta ta\u00e7a decorativa de coco bege ser\u00e1 uma excelente op\u00e7\u00e3o para lojas de presentes tur\u00edsticos que procurem produtos que realcem a beleza e singularidade da cultura local. Esta ta\u00e7a \u00e9, sem d\u00favida, uma recorda\u00e7\u00e3o inesquec\u00edvel que capturar\u00e1 a ess\u00eancia de Maiorca em cada lar.<\/p>\n","protected":false},"excerpt":{"rendered":"<p>Ta\u00e7a decorativa de coco bege, caracterizada pelo seu design atraente e original. Este produto, inspirado na fauna maiorquina, apresenta uma salamandra em tons castanhos sobre um fundo claro. O exterior tem um acabamento natural, enquanto o interior mostra um jogo de texturas e cores que evocam as pedras locais. Ideal como pe\u00e7a decorativa ou para servir pequenos aperitivos, esta ta\u00e7a \u00e9 um reflexo da arte e da cultura de Maiorca.<\/p>\n","protected":false},"featured_media":11883,"template":"","meta":{"_acf_changed":false},"product_brand":[],"product_cat":[513],"product_tag":[516],"class_list":{"0":"post-37918","1":"product","2":"type-product","3":"status-publish","4":"has-post-thumbnail","6":"product_cat-bols","7":"product_tag-animais","8":"pa_ciudad-mallorca","9":"pa_motivo-salamandras","10":"pa_pais-espana","12":"first","13":"instock","14":"shipping-taxable","15":"product-type-simple"},"acf":[],"_links":{"self":[{"href":"https:\/\/olemosaic.com\/pt-pt\/wp-json\/wp\/v2\/product\/37918","targetHints":{"allow":["GET"]}}],"collection":[{"href":"https:\/\/olemosaic.com\/pt-pt\/wp-json\/wp\/v2\/product"}],"about":[{"href":"https:\/\/olemosaic.com\/pt-pt\/wp-json\/wp\/v2\/types\/product"}],"wp:featuredmedia":[{"embeddable":true,"href":"https:\/\/olemosaic.com\/pt-pt\/wp-json\/wp\/v2\/media\/11883"}],"wp:attachment":[{"href":"https:\/\/olemosaic.com\/pt-pt\/wp-json\/wp\/v2\/media?parent=37918"}],"wp:term":[{"taxonomy":"product_brand","embeddable":true,"href":"https:\/\/olemosaic.com\/pt-pt\/wp-json\/wp\/v2\/product_brand?post=37918"},{"taxonomy":"product_cat","embeddable":true,"href":"https:\/\/olemosaic.com\/pt-pt\/wp-json\/wp\/v2\/product_cat?post=37918"},{"taxonomy":"product_tag","embeddable":true,"href":"https:\/\/olemosaic.com\/pt-pt\/wp-json\/wp\/v2\/product_tag?post=37918"}],"curies":[{"name":"wp","href":"https:\/\/api.w.org\/{rel}","templated":true}]}}