{"id":37915,"date":"2025-02-20T23:31:11","date_gmt":"2025-02-20T22:31:11","guid":{"rendered":"http:\/\/olemosaic.com\/producto\/bol-de-coco-naranja-delfin-mallorca-2\/"},"modified":"2025-07-25T19:51:01","modified_gmt":"2025-07-25T17:51:01","slug":"taca-de-coco-laranja-golfinho-maiorca-2-pt-pt","status":"publish","type":"product","link":"https:\/\/olemosaic.com\/pt-pt\/produto\/taca-de-coco-laranja-golfinho-maiorca-2-pt-pt\/","title":{"rendered":"Ta\u00e7a de coco laranja. Golfinho. Maiorca. Balear."},"content":{"rendered":"<p>Esta vibrante ta\u00e7a de coco, de uma cor laranja intensa, \u00e9 um aut\u00eantico reflexo da beleza marinha de Maiorca, ideal para quem deseja levar um peda\u00e7o do Mediterr\u00e2neo para casa. O seu design singular em forma de golfinho evoca a vida aqu\u00e1tica que rodeia a ilha, capturando a ess\u00eancia brincalhona destes magn\u00edficos mam\u00edferos marinhos. Adornada com um padr\u00e3o distintivo que complementa a sua cor brilhante, esta ta\u00e7a n\u00e3o \u00e9 apenas uma pe\u00e7a funcional para servir aperitivos, mas tamb\u00e9m um encantador objeto decorativo que adiciona um toque de cor a qualquer ambiente.<\/p>\n<p>Fabricada com material natural, a ta\u00e7a destaca-se pela sua originalidade e autenticidade, caracter\u00edsticas que a tornam uma recorda\u00e7\u00e3o de grande valor cultural, representando a rica heran\u00e7a do artesanato balear. A sua versatilidade torna-a perfeita para usar em diversas ocasi\u00f5es, seja como centro de mesa ou para apresentar uma apetitosa tapa, infundindo em cada utiliza\u00e7\u00e3o o calor e o encanto de Maiorca.<\/p>\n<p>Na Ol\u00e9 Mosaic, especializamo-nos na distribui\u00e7\u00e3o de recorda\u00e7\u00f5es por grosso, e esta ta\u00e7a de coco \u00e9 uma excelente op\u00e7\u00e3o para lojas de presentes tur\u00edsticos que procuram produtos aut\u00eanticos e cheios de car\u00e1cter. Recorda\u00e7\u00f5es ideais de Maiorca, estas ta\u00e7as trazem um pedacinho do Mediterr\u00e2neo aos visitantes que procuram lembran\u00e7as que narrem a hist\u00f3ria e a cultura locais.<\/p>\n","protected":false},"excerpt":{"rendered":"<p>Ta\u00e7a de coco numa vibrante cor laranja, inspirada na beleza marinha de Maiorca. Esta encantadora ta\u00e7a apresenta a silhueta de um golfinho, evocando a vida aqu\u00e1tica da ilha, e est\u00e1 adornada com um design muito especial que real\u00e7a o seu esp\u00edrito mediterr\u00e2nico. Fabricada com material natural, \u00e9 perfeita para servir aperitivos ou como elemento decorativo. Ideal para recordar o encanto de Maiorca em cada utiliza\u00e7\u00e3o.<\/p>\n","protected":false},"featured_media":11781,"template":"","meta":{"_acf_changed":false},"product_brand":[],"product_cat":[513],"product_tag":[516],"class_list":{"0":"post-37915","1":"product","2":"type-product","3":"status-publish","4":"has-post-thumbnail","6":"product_cat-bols","7":"product_tag-animais","8":"pa_ciudad-mallorca","9":"pa_motivo-golfinhos","10":"pa_pais-espana","12":"first","13":"instock","14":"shipping-taxable","15":"product-type-simple"},"acf":[],"_links":{"self":[{"href":"https:\/\/olemosaic.com\/pt-pt\/wp-json\/wp\/v2\/product\/37915","targetHints":{"allow":["GET"]}}],"collection":[{"href":"https:\/\/olemosaic.com\/pt-pt\/wp-json\/wp\/v2\/product"}],"about":[{"href":"https:\/\/olemosaic.com\/pt-pt\/wp-json\/wp\/v2\/types\/product"}],"wp:featuredmedia":[{"embeddable":true,"href":"https:\/\/olemosaic.com\/pt-pt\/wp-json\/wp\/v2\/media\/11781"}],"wp:attachment":[{"href":"https:\/\/olemosaic.com\/pt-pt\/wp-json\/wp\/v2\/media?parent=37915"}],"wp:term":[{"taxonomy":"product_brand","embeddable":true,"href":"https:\/\/olemosaic.com\/pt-pt\/wp-json\/wp\/v2\/product_brand?post=37915"},{"taxonomy":"product_cat","embeddable":true,"href":"https:\/\/olemosaic.com\/pt-pt\/wp-json\/wp\/v2\/product_cat?post=37915"},{"taxonomy":"product_tag","embeddable":true,"href":"https:\/\/olemosaic.com\/pt-pt\/wp-json\/wp\/v2\/product_tag?post=37915"}],"curies":[{"name":"wp","href":"https:\/\/api.w.org\/{rel}","templated":true}]}}