{"id":37913,"date":"2025-02-20T23:31:10","date_gmt":"2025-02-20T22:31:10","guid":{"rendered":"http:\/\/olemosaic.com\/producto\/bol-de-coco-rojo-sagrada-familia-barcelona-4\/"},"modified":"2025-07-25T19:52:48","modified_gmt":"2025-07-25T17:52:48","slug":"taca-de-coco-vermelha-sagrada-familia-barcelona-4-pt-pt","status":"publish","type":"product","link":"https:\/\/olemosaic.com\/pt-pt\/produto\/taca-de-coco-vermelha-sagrada-familia-barcelona-4-pt-pt\/","title":{"rendered":"Ta\u00e7a de coco vermelha. Sagrada Fam\u00edlia. Gaud\u00ed. Barcelona."},"content":{"rendered":"<p>Esta ta\u00e7a de coco vermelha, inspirada na emblem\u00e1tica Sagrada Fam\u00edlia de Barcelona, \u00e9 uma pe\u00e7a \u00fanica que encapsula a ess\u00eancia da arquitetura de Gaud\u00ed. Com um acabamento de coco polido, esta atraente ta\u00e7a apresenta um design oval que lhe confere uma eleg\u00e2ncia diferenciada, ideal tanto para uso decorativo como funcional. A sua superf\u00edcie destaca-se por uma vibrante decora\u00e7\u00e3o em tons vermelhos, complementada por delicados detalhes em branco que evocam as formas e padr\u00f5es intrincados da famosa bas\u00edlica. No centro da ta\u00e7a, encontra-se uma imagem representativa da Sagrada Fam\u00edlia, real\u00e7ando a sua import\u00e2ncia cultural e arquitet\u00f3nica.<\/p>\n<p>Esta ta\u00e7a n\u00e3o \u00e9 apenas um presente perfeito para os amantes da cultura catal\u00e3, mas tamb\u00e9m funciona como uma elegante recorda\u00e7\u00e3o que lembra aos visitantes a beleza e singularidade de Barcelona. Cada pe\u00e7a \u00e9 confecionada meticulosamente, o que garante a sua autenticidade e qualidade, tornando esta ta\u00e7a uma op\u00e7\u00e3o muito atraente para colecionadores e turistas. Na Ol\u00e9 Mosaic, somos distribuidores de recorda\u00e7\u00f5es que celebram a riqueza do patrim\u00f3nio espanhol, e esta ta\u00e7a de coco \u00e9 uma excelente escolha para lojas de presentes tur\u00edsticos que procuram oferecer produtos de destaque e aut\u00eanticos da regi\u00e3o. Uma recorda\u00e7\u00e3o da Sagrada Fam\u00edlia que n\u00e3o pode faltar na cole\u00e7\u00e3o de quem adora a cultura espanhola.<\/p>\n","protected":false},"excerpt":{"rendered":"<p>Ta\u00e7a de coco vermelha, inspirada na emblem\u00e1tica Sagrada Fam\u00edlia de Barcelona. Esta atraente ta\u00e7a, com acabamento em coco, est\u00e1 decorada com padr\u00f5es vermelhos e detalhes brancos que evocam a singularidade arquitet\u00f3nica da obra-prima de Gaud\u00ed. Apresenta um design oval que real\u00e7a a sua eleg\u00e2ncia, combinado com uma imagem representativa do monumento no centro, o que a torna uma pe\u00e7a \u00fanica e decorativa, perfeita para colecionadores e amantes da cultura catal\u00e3.<\/p>\n","protected":false},"featured_media":11858,"template":"","meta":{"_acf_changed":false},"product_brand":[],"product_cat":[513],"product_tag":[],"class_list":{"0":"post-37913","1":"product","2":"type-product","3":"status-publish","4":"has-post-thumbnail","6":"product_cat-bols","7":"pa_ciudad-barcelona","8":"pa_motivo-sagrada-familia","9":"pa_pais-espana","11":"first","12":"instock","13":"shipping-taxable","14":"product-type-simple"},"acf":[],"_links":{"self":[{"href":"https:\/\/olemosaic.com\/pt-pt\/wp-json\/wp\/v2\/product\/37913","targetHints":{"allow":["GET"]}}],"collection":[{"href":"https:\/\/olemosaic.com\/pt-pt\/wp-json\/wp\/v2\/product"}],"about":[{"href":"https:\/\/olemosaic.com\/pt-pt\/wp-json\/wp\/v2\/types\/product"}],"wp:featuredmedia":[{"embeddable":true,"href":"https:\/\/olemosaic.com\/pt-pt\/wp-json\/wp\/v2\/media\/11858"}],"wp:attachment":[{"href":"https:\/\/olemosaic.com\/pt-pt\/wp-json\/wp\/v2\/media?parent=37913"}],"wp:term":[{"taxonomy":"product_brand","embeddable":true,"href":"https:\/\/olemosaic.com\/pt-pt\/wp-json\/wp\/v2\/product_brand?post=37913"},{"taxonomy":"product_cat","embeddable":true,"href":"https:\/\/olemosaic.com\/pt-pt\/wp-json\/wp\/v2\/product_cat?post=37913"},{"taxonomy":"product_tag","embeddable":true,"href":"https:\/\/olemosaic.com\/pt-pt\/wp-json\/wp\/v2\/product_tag?post=37913"}],"curies":[{"name":"wp","href":"https:\/\/api.w.org\/{rel}","templated":true}]}}