{"id":37912,"date":"2025-02-20T22:31:02","date_gmt":"2025-02-20T22:31:02","guid":{"rendered":"http:\/\/olemosaic.com\/producto\/bol-de-coco-rojo-flor\/"},"modified":"2025-07-25T20:15:52","modified_gmt":"2025-07-25T18:15:52","slug":"taca-de-coco-vermelha-flor-pt-pt","status":"publish","type":"product","link":"https:\/\/olemosaic.com\/pt-pt\/produto\/taca-de-coco-vermelha-flor-pt-pt\/","title":{"rendered":"Ta\u00e7a de coco vermelha. Flor."},"content":{"rendered":"<p>Esta ta\u00e7a de coco vermelha \u00e9 uma aut\u00eantica joia decorativa, ideal para quem procura um toque de eleg\u00e2ncia e autenticidade no seu lar. Fabricada de forma artesanal, destaca-se pelo seu design delicado, que combina a beleza natural do coco com um vibrante esmalte vermelho, criando um contraste atraente que cativa o olhar. No centro da ta\u00e7a, um estilizado motivo floral em tons quentes real\u00e7a o seu car\u00e1cter distintivo, convertendo esta pe\u00e7a num objeto tanto funcional como visualmente atraente.<\/p>\n<p>O seu acabamento natural no interior, complementado pelos pigmentos vermelhos no exterior, torna-a uma op\u00e7\u00e3o vers\u00e1til para servir aperitivos ou como pe\u00e7a decorativa em qualquer espa\u00e7o. Esta ta\u00e7a representa uma amostra da rica cultura art\u00edstica na elabora\u00e7\u00e3o de artesanatos com coco, uma t\u00e9cnica que tem sido transmitida ao longo de gera\u00e7\u00f5es em diversas regi\u00f5es.<\/p>\n<p>Na Ol\u00e9 Mosaic, somos especialistas na distribui\u00e7\u00e3o de souvenirs por grosso, e esta ta\u00e7a de coco vermelha \u00e9 uma excelente escolha para lojas de presentes tur\u00edsticos que procuram oferecer produtos aut\u00eanticos e de qualidade. Esta recorda\u00e7\u00e3o n\u00e3o s\u00f3 evoca a heran\u00e7a cultural, como tamb\u00e9m atua como uma recorda\u00e7\u00e3o tang\u00edvel de uma viagem memor\u00e1vel, ideal para quem valoriza o artesanato e a arte local.<\/p>\n","protected":false},"excerpt":{"rendered":"<p>Ta\u00e7a de coco vermelha com um delicado design floral no centro, ideal como pe\u00e7a decorativa ou para servir. Fabricada em coco, a sua superf\u00edcie est\u00e1 adornada com pigmentos vermelhos que criam um contraste atraente com o acabamento natural do material. O motivo floral, estilizado e em tons quentes, confere um toque elegante e artesanal. Esta ta\u00e7a \u00e9 perfeita para adicionar um toque de cor e autenticidade a qualquer espa\u00e7o.<\/p>\n","protected":false},"featured_media":11854,"template":"","meta":{"_acf_changed":false},"product_brand":[],"product_cat":[513],"product_tag":[],"class_list":{"0":"post-37912","1":"product","2":"type-product","3":"status-publish","4":"has-post-thumbnail","6":"product_cat-bols","7":"pa_motivo-flores","9":"first","10":"instock","11":"shipping-taxable","12":"product-type-simple"},"acf":[],"_links":{"self":[{"href":"https:\/\/olemosaic.com\/pt-pt\/wp-json\/wp\/v2\/product\/37912","targetHints":{"allow":["GET"]}}],"collection":[{"href":"https:\/\/olemosaic.com\/pt-pt\/wp-json\/wp\/v2\/product"}],"about":[{"href":"https:\/\/olemosaic.com\/pt-pt\/wp-json\/wp\/v2\/types\/product"}],"wp:featuredmedia":[{"embeddable":true,"href":"https:\/\/olemosaic.com\/pt-pt\/wp-json\/wp\/v2\/media\/11854"}],"wp:attachment":[{"href":"https:\/\/olemosaic.com\/pt-pt\/wp-json\/wp\/v2\/media?parent=37912"}],"wp:term":[{"taxonomy":"product_brand","embeddable":true,"href":"https:\/\/olemosaic.com\/pt-pt\/wp-json\/wp\/v2\/product_brand?post=37912"},{"taxonomy":"product_cat","embeddable":true,"href":"https:\/\/olemosaic.com\/pt-pt\/wp-json\/wp\/v2\/product_cat?post=37912"},{"taxonomy":"product_tag","embeddable":true,"href":"https:\/\/olemosaic.com\/pt-pt\/wp-json\/wp\/v2\/product_tag?post=37912"}],"curies":[{"name":"wp","href":"https:\/\/api.w.org\/{rel}","templated":true}]}}