{"id":37911,"date":"2025-02-20T23:31:02","date_gmt":"2025-02-20T22:31:02","guid":{"rendered":"http:\/\/olemosaic.com\/producto\/bol-de-coco-rojo-caballito-de-mar-mallorca-3\/"},"modified":"2025-07-25T20:12:39","modified_gmt":"2025-07-25T18:12:39","slug":"taca-de-coco-vermelha-cavalo-marinho-maiorca-3-pt-pt","status":"publish","type":"product","link":"https:\/\/olemosaic.com\/pt-pt\/produto\/taca-de-coco-vermelha-cavalo-marinho-maiorca-3-pt-pt\/","title":{"rendered":"Ta\u00e7a de coco vermelha. Cavalo-marinho. Maiorca. Baleares."},"content":{"rendered":"<p>Esta ta\u00e7a de coco vermelha \u00e9 uma aut\u00eantica joia da artesania maiorquina, desenhada para refletir a ess\u00eancia do Mediterr\u00e2neo. A sua forma arredondada \u00e9 ideal tanto como elemento decorativo como para servir aperitivos, acrescentando um toque distintivo a qualquer mesa ou espa\u00e7o do seu lar. Decorada com um elegante cavalo-marinho, s\u00edmbolo emblem\u00e1tico da fauna marinha das Ilhas Baleares, esta ta\u00e7a apresenta um acabamento em vibrantes tons vermelhos e brancos. Os detalhes em forma de mosaico ao redor da borda conferem um ar \u00fanico e contempor\u00e2neo, tornando-a um souvenir imprescind\u00edvel que narra a beleza de Maiorca.<\/p>\n<p>A t\u00e9cnica artesanal utilizada na sua elabora\u00e7\u00e3o garante que cada ta\u00e7a seja uma pe\u00e7a \u00fanica e de alta qualidade, ideal para quem procura recorda\u00e7\u00f5es aut\u00eanticas que representem a cultura e o estilo de vida da regi\u00e3o. Al\u00e9m disso, esta preciosa ta\u00e7a n\u00e3o \u00e9 apenas um exemplo da rica tradi\u00e7\u00e3o art\u00edstica de Maiorca, mas tamb\u00e9m \u00e9 um excelente presente para turistas que desejam levar para casa um peda\u00e7o da cultura mediterr\u00e2nea. Na Ol\u00e9 Mosaic, como grossistas de souvenirs, oferecemos produtos como esta ta\u00e7a de coco vermelha que se destacam pelo seu design original e pela sua relev\u00e2ncia cultural, perfeitos para lojas de presentes tur\u00edsticos em busca de artigos aut\u00eanticos e belamente elaborados.<\/p>\n","protected":false},"excerpt":{"rendered":"<p>Ta\u00e7a de coco vermelha, decorada com um elegante cavalo-marinho, que representa a ess\u00eancia de Maiorca. Esta pe\u00e7a artesanal apresenta um design muito especial com um acabamento em tons vermelhos e brancos, onde se destacam os detalhes em forma de mosaico ao redor da borda. A ta\u00e7a \u00e9 ideal como elemento decorativo ou para servir aperitivos, e confere um toque mediterr\u00e2neo a qualquer ambiente. A sua t\u00e9cnica artesanal garante um produto \u00fanico e de alta qualidade.<\/p>\n","protected":false},"featured_media":11886,"template":"","meta":{"_acf_changed":false},"product_brand":[],"product_cat":[513],"product_tag":[516],"class_list":{"0":"post-37911","1":"product","2":"type-product","3":"status-publish","4":"has-post-thumbnail","6":"product_cat-bols","7":"product_tag-animais","8":"pa_ciudad-mallorca","9":"pa_motivo-cavalos-marinhos","10":"pa_pais-espana","12":"first","13":"instock","14":"shipping-taxable","15":"product-type-simple"},"acf":[],"_links":{"self":[{"href":"https:\/\/olemosaic.com\/pt-pt\/wp-json\/wp\/v2\/product\/37911","targetHints":{"allow":["GET"]}}],"collection":[{"href":"https:\/\/olemosaic.com\/pt-pt\/wp-json\/wp\/v2\/product"}],"about":[{"href":"https:\/\/olemosaic.com\/pt-pt\/wp-json\/wp\/v2\/types\/product"}],"wp:featuredmedia":[{"embeddable":true,"href":"https:\/\/olemosaic.com\/pt-pt\/wp-json\/wp\/v2\/media\/11886"}],"wp:attachment":[{"href":"https:\/\/olemosaic.com\/pt-pt\/wp-json\/wp\/v2\/media?parent=37911"}],"wp:term":[{"taxonomy":"product_brand","embeddable":true,"href":"https:\/\/olemosaic.com\/pt-pt\/wp-json\/wp\/v2\/product_brand?post=37911"},{"taxonomy":"product_cat","embeddable":true,"href":"https:\/\/olemosaic.com\/pt-pt\/wp-json\/wp\/v2\/product_cat?post=37911"},{"taxonomy":"product_tag","embeddable":true,"href":"https:\/\/olemosaic.com\/pt-pt\/wp-json\/wp\/v2\/product_tag?post=37911"}],"curies":[{"name":"wp","href":"https:\/\/api.w.org\/{rel}","templated":true}]}}