{"id":37907,"date":"2025-02-20T23:30:57","date_gmt":"2025-02-20T22:30:57","guid":{"rendered":"http:\/\/olemosaic.com\/producto\/bol-de-coco-rojo-tortuga-mallorca-2\/"},"modified":"2025-07-25T19:35:46","modified_gmt":"2025-07-25T17:35:46","slug":"taca-de-coco-vermelha-tartaruga-maiorca-2-pt-pt","status":"publish","type":"product","link":"https:\/\/olemosaic.com\/pt-pt\/produto\/taca-de-coco-vermelha-tartaruga-maiorca-2-pt-pt\/","title":{"rendered":"Ta\u00e7a de coco vermelha. Tartaruga. Maiorca. Fundo marinho."},"content":{"rendered":"<p>Esta ta\u00e7a de coco vermelha, adornada com uma terna tartaruga, \u00e9 um aut\u00eantico tesouro que captura a ess\u00eancia da paisagem marinha de Maiorca. Elaborada artesanalmente numa s\u00f3lida casca de coco, a sua vibrante cor vermelha combina-se na perfei\u00e7\u00e3o com detalhes dourados, criando uma pe\u00e7a que irradia atrativo mediterr\u00e2neo. A decora\u00e7\u00e3o apresenta uma preciosa tartaruga com efeito pintado \u00e0 m\u00e3o, s\u00edmbolo da vida marinha e da rica biodiversidade das \u00e1guas que rodeiam a ilha. Este motivo foi detalhado com uma paleta de cores naturais, evocando o ambiente marinho e a tranquilidade das praias de Maiorca.<\/p>\n<p>A ta\u00e7a tamb\u00e9m conta com um design intrincado que incorpora padr\u00f5es que recordam as ondas do mar e a textura da areia, real\u00e7ando a sua liga\u00e7\u00e3o cultural com a regi\u00e3o. Al\u00e9m disso, o texto \u00abMALLORCA\u00bb est\u00e1 elegantemente integrado no design, tornando este artigo uma recorda\u00e7\u00e3o representativa que sussurra hist\u00f3rias da ilha. Ideal como presente ou para os amantes de souvenirs, esta ta\u00e7a de coco \u00e9 perfeita para decorar qualquer casa, adicionando um toque ex\u00f3tico e aut\u00eantico.<\/p>\n<p>Na Ol\u00e9 Mosaic, orgulhamo-nos de oferecer uma ampla variedade de souvenirs de Maiorca e de outros destinos tur\u00edsticos, garantindo que os nossos clientes, grossistas de souvenirs, encontrem produtos cheios de autenticidade e pertin\u00eancia cultural. Esta ta\u00e7a \u00e9 uma escolha ideal para aqueles que procuram souvenirs de qualidade que capturem a ess\u00eancia das suas viagens.<\/p>\n","protected":false},"excerpt":{"rendered":"<p>Ta\u00e7a de coco vermelha decorada com uma simp\u00e1tica tartaruga, que representa o encanto de Maiorca. Este artigo distintivo, feito de coco, apresenta vibrantes tons vermelhos e dourados. O seu design art\u00edstico inclui padr\u00f5es intrincados que evocam o ambiente marinho, com a tartaruga de design artesanal, pintada \u00e0 m\u00e3o, em cores naturais e a inscri\u00e7\u00e3o \u201cMALLORCA\u201d. Uma pe\u00e7a ideal para colecionadores ou como presente, que enriquecer\u00e1 qualquer casa com um toque mediterr\u00e2neo.<\/p>\n","protected":false},"featured_media":10156,"template":"","meta":{"_acf_changed":false},"product_brand":[],"product_cat":[513],"product_tag":[516],"class_list":{"0":"post-37907","1":"product","2":"type-product","3":"status-publish","4":"has-post-thumbnail","6":"product_cat-bols","7":"product_tag-animais","8":"pa_ciudad-mallorca","9":"pa_motivo-tartarugas","10":"pa_pais-espana","12":"first","13":"instock","14":"shipping-taxable","15":"product-type-simple"},"acf":[],"_links":{"self":[{"href":"https:\/\/olemosaic.com\/pt-pt\/wp-json\/wp\/v2\/product\/37907","targetHints":{"allow":["GET"]}}],"collection":[{"href":"https:\/\/olemosaic.com\/pt-pt\/wp-json\/wp\/v2\/product"}],"about":[{"href":"https:\/\/olemosaic.com\/pt-pt\/wp-json\/wp\/v2\/types\/product"}],"wp:featuredmedia":[{"embeddable":true,"href":"https:\/\/olemosaic.com\/pt-pt\/wp-json\/wp\/v2\/media\/10156"}],"wp:attachment":[{"href":"https:\/\/olemosaic.com\/pt-pt\/wp-json\/wp\/v2\/media?parent=37907"}],"wp:term":[{"taxonomy":"product_brand","embeddable":true,"href":"https:\/\/olemosaic.com\/pt-pt\/wp-json\/wp\/v2\/product_brand?post=37907"},{"taxonomy":"product_cat","embeddable":true,"href":"https:\/\/olemosaic.com\/pt-pt\/wp-json\/wp\/v2\/product_cat?post=37907"},{"taxonomy":"product_tag","embeddable":true,"href":"https:\/\/olemosaic.com\/pt-pt\/wp-json\/wp\/v2\/product_tag?post=37907"}],"curies":[{"name":"wp","href":"https:\/\/api.w.org\/{rel}","templated":true}]}}