{"id":37906,"date":"2025-02-20T23:30:57","date_gmt":"2025-02-20T22:30:57","guid":{"rendered":"http:\/\/olemosaic.com\/producto\/bol-de-coco-rojo-salamandra\/"},"modified":"2025-07-25T19:31:10","modified_gmt":"2025-07-25T17:31:10","slug":"taca-de-coco-vermelha-salamandra-pt-pt","status":"publish","type":"product","link":"https:\/\/olemosaic.com\/pt-pt\/produto\/taca-de-coco-vermelha-salamandra-pt-pt\/","title":{"rendered":"Ta\u00e7a de coco vermelha. Salamandra."},"content":{"rendered":"<p>Esta ta\u00e7a de coco vermelha, decorada com uma elegante salamandra, \u00e9 uma pe\u00e7a artesanal \u00fanica que encapsula a ess\u00eancia da cultura local. Fabricada a partir da casca de coco, cada ta\u00e7a \u00e9 pintada \u00e0 m\u00e3o, o que garante que n\u00e3o existam duas pe\u00e7as id\u00eanticas, real\u00e7ando a autenticidade deste belo souvenir. Com vibrantes tons vermelhos entrela\u00e7ados com detalhes dourados, o design apresenta uma salamandra no centro, simbolizando a fauna t\u00edpica da regi\u00e3o e a sua liga\u00e7\u00e3o com a natureza.<\/p>\n<p>A salamandra, representada num dourado brilhante, assenta sobre um intrincado padr\u00e3o que evoca a textura e as cores de uma paisagem vibrante, conferindo um toque art\u00edstico e et\u00e9reo. Esta ta\u00e7a n\u00e3o \u00e9 apenas um objeto decorativo, mas tamb\u00e9m funcional, ideal para usar em eventos ou como complemento no lar, adicionando um peda\u00e7o de cultura a qualquer espa\u00e7o.<\/p>\n<p>Na Ol\u00e9 Mosaic, somos distribuidores de souvenirs de alta qualidade, e esta ta\u00e7a de coco vermelha destaca-se pela sua relev\u00e2ncia cultural e pela sua proposta est\u00e9tica. \u00c9 uma excelente op\u00e7\u00e3o para lojas que procuram oferecer aos seus clientes uma recorda\u00e7\u00e3o aut\u00eantica e representativa da regi\u00e3o, valorizando simultaneamente a arte tradicional e a funcionalidade nos seus produtos.<\/p>\n","protected":false},"excerpt":{"rendered":"<p>Ta\u00e7a de coco vermelha decorada com um elegante design de salamandra. Fabricada a partir da casca de coco, esta ta\u00e7a \u00e9 uma pe\u00e7a \u00fanica, de design artesanal, pintada \u00e0 m\u00e3o, que se destaca pelos seus vibrantes tons vermelhos e detalhes dourados. A salamandra central, rodeada por um intrincado padr\u00e3o, representa a fauna t\u00edpica da regi\u00e3o. Ideal para decora\u00e7\u00e3o ou como complemento em eventos, esta ta\u00e7a combina arte tradicional e funcionalidade, conferindo um toque cultural \u00e0 sua casa.<\/p>\n","protected":false},"featured_media":10069,"template":"","meta":{"_acf_changed":false},"product_brand":[],"product_cat":[513],"product_tag":[516],"class_list":{"0":"post-37906","1":"product","2":"type-product","3":"status-publish","4":"has-post-thumbnail","6":"product_cat-bols","7":"product_tag-animais","8":"pa_motivo-salamandras","10":"first","11":"instock","12":"shipping-taxable","13":"product-type-simple"},"acf":[],"_links":{"self":[{"href":"https:\/\/olemosaic.com\/pt-pt\/wp-json\/wp\/v2\/product\/37906","targetHints":{"allow":["GET"]}}],"collection":[{"href":"https:\/\/olemosaic.com\/pt-pt\/wp-json\/wp\/v2\/product"}],"about":[{"href":"https:\/\/olemosaic.com\/pt-pt\/wp-json\/wp\/v2\/types\/product"}],"wp:featuredmedia":[{"embeddable":true,"href":"https:\/\/olemosaic.com\/pt-pt\/wp-json\/wp\/v2\/media\/10069"}],"wp:attachment":[{"href":"https:\/\/olemosaic.com\/pt-pt\/wp-json\/wp\/v2\/media?parent=37906"}],"wp:term":[{"taxonomy":"product_brand","embeddable":true,"href":"https:\/\/olemosaic.com\/pt-pt\/wp-json\/wp\/v2\/product_brand?post=37906"},{"taxonomy":"product_cat","embeddable":true,"href":"https:\/\/olemosaic.com\/pt-pt\/wp-json\/wp\/v2\/product_cat?post=37906"},{"taxonomy":"product_tag","embeddable":true,"href":"https:\/\/olemosaic.com\/pt-pt\/wp-json\/wp\/v2\/product_tag?post=37906"}],"curies":[{"name":"wp","href":"https:\/\/api.w.org\/{rel}","templated":true}]}}