{"id":37905,"date":"2025-02-20T22:30:56","date_gmt":"2025-02-20T22:30:56","guid":{"rendered":"http:\/\/olemosaic.com\/producto\/bol-de-coco-rojo-tortuga-mallorca\/"},"modified":"2025-07-25T19:40:44","modified_gmt":"2025-07-25T17:40:44","slug":"taca-de-coco-vermelha-tartaruga-maiorca-pt-pt","status":"publish","type":"product","link":"https:\/\/olemosaic.com\/pt-pt\/produto\/taca-de-coco-vermelha-tartaruga-maiorca-pt-pt\/","title":{"rendered":"Ta\u00e7a de coco vermelha. Tartaruga. Maiorca."},"content":{"rendered":"<p>Esta ta\u00e7a de coco vermelha, decorada com um belo design de tartaruga, \u00e9 um aut\u00eantico emblema do artesanato de Maiorca. As vibrantes tonalidades vermelhas e rosas que a adornam evocam o calor e o esplendor do ambiente natural da ilha, criando um objeto simultaneamente decorativo e funcional. No centro da ta\u00e7a, uma elegante tartaruga, impressa com precis\u00e3o, simboliza a rica vida marinha que rodeia este para\u00edso mediterr\u00e2neo, ligando o utilizador \u00e0 beleza do oceano.<\/p>\n<p>O acabamento artesanal da ta\u00e7a, que combina tradi\u00e7\u00e3o e modernidade, torna-a o souvenir perfeito para quem deseja levar um pedacinho de Maiorca. Ideal para usar na mesa como centro ou para guardar pequenos objetos, esta ta\u00e7a n\u00e3o s\u00f3 captura a ess\u00eancia da ilha, como tamb\u00e9m reflete a sua cultura e a sua dedica\u00e7\u00e3o \u00e0 preserva\u00e7\u00e3o da vida marinha. Na Ol\u00e9 Mosaic, orgulhamo-nos de oferecer souvenirs aut\u00eanticos e de qualidade por grosso, e esta ta\u00e7a de coco representa uma excelente op\u00e7\u00e3o para lojas de presentes tur\u00edsticos. As recorda\u00e7\u00f5es de Maiorca nunca foram t\u00e3o atraentes nem significativas como com esta ta\u00e7a que celebra a liga\u00e7\u00e3o entre a arte, o ambiente natural e a cultura local.<\/p>\n","protected":false},"excerpt":{"rendered":"<p>Ta\u00e7a de coco vermelha decorada com um design de tartaruga, inspirada na beleza de Maiorca. Este artigo artesanal apresenta um acabamento em tons avermelhados e rosados, com detalhes que evocam a vida marinha. A tartaruga est\u00e1 elegantemente impressa no centro, real\u00e7ando a liga\u00e7\u00e3o com a cultura local e o ambiente natural da ilha. Perfeita para uso decorativo ou funcional, esta ta\u00e7a \u00e9 uma recorda\u00e7\u00e3o distinta de Maiorca.<\/p>\n","protected":false},"featured_media":11894,"template":"","meta":{"_acf_changed":false},"product_brand":[],"product_cat":[513],"product_tag":[516],"class_list":{"0":"post-37905","1":"product","2":"type-product","3":"status-publish","4":"has-post-thumbnail","6":"product_cat-bols","7":"product_tag-animais","8":"pa_ciudad-mallorca","9":"pa_motivo-tartarugas","10":"pa_pais-espana","12":"first","13":"instock","14":"shipping-taxable","15":"product-type-simple"},"acf":[],"_links":{"self":[{"href":"https:\/\/olemosaic.com\/pt-pt\/wp-json\/wp\/v2\/product\/37905","targetHints":{"allow":["GET"]}}],"collection":[{"href":"https:\/\/olemosaic.com\/pt-pt\/wp-json\/wp\/v2\/product"}],"about":[{"href":"https:\/\/olemosaic.com\/pt-pt\/wp-json\/wp\/v2\/types\/product"}],"wp:featuredmedia":[{"embeddable":true,"href":"https:\/\/olemosaic.com\/pt-pt\/wp-json\/wp\/v2\/media\/11894"}],"wp:attachment":[{"href":"https:\/\/olemosaic.com\/pt-pt\/wp-json\/wp\/v2\/media?parent=37905"}],"wp:term":[{"taxonomy":"product_brand","embeddable":true,"href":"https:\/\/olemosaic.com\/pt-pt\/wp-json\/wp\/v2\/product_brand?post=37905"},{"taxonomy":"product_cat","embeddable":true,"href":"https:\/\/olemosaic.com\/pt-pt\/wp-json\/wp\/v2\/product_cat?post=37905"},{"taxonomy":"product_tag","embeddable":true,"href":"https:\/\/olemosaic.com\/pt-pt\/wp-json\/wp\/v2\/product_tag?post=37905"}],"curies":[{"name":"wp","href":"https:\/\/api.w.org\/{rel}","templated":true}]}}