{"id":37903,"date":"2025-02-20T23:30:56","date_gmt":"2025-02-20T22:30:56","guid":{"rendered":"http:\/\/olemosaic.com\/producto\/bol-de-coco-rojo-delfin-barcelona-4\/"},"modified":"2025-07-25T20:22:49","modified_gmt":"2025-07-25T18:22:49","slug":"taca-de-coco-vermelha-golfinho-barcelona-4-pt-pt","status":"publish","type":"product","link":"https:\/\/olemosaic.com\/pt-pt\/produto\/taca-de-coco-vermelha-golfinho-barcelona-4-pt-pt\/","title":{"rendered":"Ta\u00e7a de coco vermelha. Golfinho. Estilo mediterr\u00e2neo. Barcelona."},"content":{"rendered":"<p>Esta ta\u00e7a de coco vermelha, decorada com um simp\u00e1tico golfinho, \u00e9 uma pe\u00e7a \u00fanica que captura a ess\u00eancia da vibrante vida marinha de Barcelona. Com um design apelativo, a ta\u00e7a apresenta uma base de coco com um acabamento brilhante em tons avermelhados, que recorda os belos pores do sol do Mediterr\u00e2neo. A sua forma curva e suave \u00e9 complementada por um padr\u00e3o art\u00edstico de manchas que se estendem pela parte exterior, evocando as ondas do mar.<\/p>\n<p>No centro, um golfinho estilizado, s\u00edmbolo de alegria e liberdade, destaca-se sobre um fundo claro, simbolizando o esp\u00edrito do oceano que rodeia a cidade. Al\u00e9m disso, a inscri\u00e7\u00e3o &#8220;Barcelona&#8221; na parte inferior acrescenta um toque nost\u00e1lgico e funcional, tornando-a uma recorda\u00e7\u00e3o perfeita da Cidade Condal. Esta ta\u00e7a n\u00e3o s\u00f3 \u00e9 ideal para servir aperitivos, como tamb\u00e9m serve como um atraente elemento decorativo, complementando qualquer espa\u00e7o com um ar mediterr\u00e2neo.<\/p>\n<p>Como parte da rica cultura catal\u00e3, este souvenir \u00e9 um excelente presente para turistas que procuram levar um peda\u00e7o de Barcelona. Na Ol\u00e9 Mosaic, somos especialistas na distribui\u00e7\u00e3o de souvenirs por grosso, e esta ta\u00e7a de coco \u00e9 uma representa\u00e7\u00e3o aut\u00eantica da tradi\u00e7\u00e3o e do encanto da regi\u00e3o. Perfeita para lojas de presentes tur\u00edsticos que desejem oferecer pe\u00e7as originais e com significado, esta ta\u00e7a de coco vermelha \u00e9 um presente que evoca mem\u00f3rias inesquec\u00edveis.<\/p>\n","protected":false},"excerpt":{"rendered":"<p>Ta\u00e7a de coco vermelha decorada com um golfinho encantador, inspirada na vida marinha de Barcelona. Esta ta\u00e7a exclusiva apresenta um design apelativo com motivos em tons avermelhados e um acabamento brilhante que real\u00e7a a forma curva do coco. No centro, um golfinho estilizado repousa sobre um fundo claro, enquanto a palavra &#8220;Barcelona&#8221; acrescenta um toque nost\u00e1lgico. Perfeita como elemento decorativo ou para servir aperitivos, esta ta\u00e7a \u00e9 uma pe\u00e7a \u00fanica que captura a ess\u00eancia do Mediterr\u00e2neo.<\/p>\n","protected":false},"featured_media":11870,"template":"","meta":{"_acf_changed":false},"product_brand":[],"product_cat":[513],"product_tag":[516],"class_list":{"0":"post-37903","1":"product","2":"type-product","3":"status-publish","4":"has-post-thumbnail","6":"product_cat-bols","7":"product_tag-animais","8":"pa_ciudad-barcelona","9":"pa_motivo-golfinhos","10":"pa_pais-espana","12":"first","13":"instock","14":"shipping-taxable","15":"product-type-simple"},"acf":[],"_links":{"self":[{"href":"https:\/\/olemosaic.com\/pt-pt\/wp-json\/wp\/v2\/product\/37903","targetHints":{"allow":["GET"]}}],"collection":[{"href":"https:\/\/olemosaic.com\/pt-pt\/wp-json\/wp\/v2\/product"}],"about":[{"href":"https:\/\/olemosaic.com\/pt-pt\/wp-json\/wp\/v2\/types\/product"}],"wp:featuredmedia":[{"embeddable":true,"href":"https:\/\/olemosaic.com\/pt-pt\/wp-json\/wp\/v2\/media\/11870"}],"wp:attachment":[{"href":"https:\/\/olemosaic.com\/pt-pt\/wp-json\/wp\/v2\/media?parent=37903"}],"wp:term":[{"taxonomy":"product_brand","embeddable":true,"href":"https:\/\/olemosaic.com\/pt-pt\/wp-json\/wp\/v2\/product_brand?post=37903"},{"taxonomy":"product_cat","embeddable":true,"href":"https:\/\/olemosaic.com\/pt-pt\/wp-json\/wp\/v2\/product_cat?post=37903"},{"taxonomy":"product_tag","embeddable":true,"href":"https:\/\/olemosaic.com\/pt-pt\/wp-json\/wp\/v2\/product_tag?post=37903"}],"curies":[{"name":"wp","href":"https:\/\/api.w.org\/{rel}","templated":true}]}}