{"id":37902,"date":"2025-02-20T23:30:48","date_gmt":"2025-02-20T22:30:48","guid":{"rendered":"http:\/\/olemosaic.com\/producto\/bol-de-coco-naranja-flecha-camino-de-santiago\/"},"modified":"2025-07-25T19:12:04","modified_gmt":"2025-07-25T17:12:04","slug":"taca-de-coco-laranja-seta-caminho-de-santiago-pt-pt","status":"publish","type":"product","link":"https:\/\/olemosaic.com\/pt-pt\/produto\/taca-de-coco-laranja-seta-caminho-de-santiago-pt-pt\/","title":{"rendered":"Ta\u00e7a de coco laranja. Seta. Caminho de Santiago."},"content":{"rendered":"<p>Esta ta\u00e7a de coco laranja \u00e9 um fiel reflexo do esp\u00edrito do Caminho de Santiago, ideal para qualquer amante da cultura espanhola. Elaborada artesanalmente, destaca-se pela sua vibrante cor laranja, que evoca a energia e a paix\u00e3o desta emblem\u00e1tica rota. No interior, uma seta branca, s\u00edmbolo ic\u00f3nico do caminho, acompanha a inscri\u00e7\u00e3o \u201cCAMINO DE SANTIAGO\u201d, sublinhando a sua liga\u00e7\u00e3o com a rica tradi\u00e7\u00e3o de peregrina\u00e7\u00e3o. O exterior da ta\u00e7a apresenta uma elegante borda decorativa com elementos geom\u00e9tricos em tons claros, criando um contraste atraente com a intensa cor laranja do interior.<\/p>\n<p>Esta ta\u00e7a n\u00e3o \u00e9 apenas perfeita para servir aperitivos, mas tamb\u00e9m funciona como pe\u00e7a decorativa, levando um peda\u00e7o da Galiza a qualquer lar. Como souvenir, representa a rica heran\u00e7a cultural de Espanha e as hist\u00f3rias dos peregrinos que percorrem este famoso caminho at\u00e9 \u00e0 catedral de Santiago de Compostela. Na Ol\u00e9 Mosaic somos especialistas na distribui\u00e7\u00e3o de souvenirs por grosso, e esta ta\u00e7a de coco laranja \u00e9 uma op\u00e7\u00e3o ideal para lojas de presentes tur\u00edsticos que procuram produtos aut\u00eanticos e representativos. Com ela, cada cliente poder\u00e1 levar uma recorda\u00e7\u00e3o \u00fanica do Caminho de Santiago, combinando funcionalidade e tradi\u00e7\u00e3o num s\u00f3 produto.<\/p>\n","protected":false},"excerpt":{"rendered":"<p>Ta\u00e7a de coco de cor laranja, que representa o esp\u00edrito do Caminho de Santiago. Este produto artesanal apresenta uma seta branca junto ao texto \u201cCAMINO DE SANTIAGO\u201d no seu interior, destacando a sua liga\u00e7\u00e3o com a hist\u00f3rica rota. O design inclui uma borda decorativa com elementos geom\u00e9tricos em tons claros que contrastam com o vibrante laranja da ta\u00e7a. Ideal para servir aperitivos ou como pe\u00e7a decorativa, esta ta\u00e7a \u00e9 uma recorda\u00e7\u00e3o distintiva da tradi\u00e7\u00e3o cultural espanhola.<\/p>\n","protected":false},"featured_media":11749,"template":"","meta":{"_acf_changed":false},"product_brand":[],"product_cat":[513],"product_tag":[],"class_list":{"0":"post-37902","1":"product","2":"type-product","3":"status-publish","4":"has-post-thumbnail","6":"product_cat-bols","7":"pa_ciudad-santiago","8":"pa_motivo-setas","9":"pa_pais-espana","11":"first","12":"instock","13":"shipping-taxable","14":"product-type-simple"},"acf":[],"_links":{"self":[{"href":"https:\/\/olemosaic.com\/pt-pt\/wp-json\/wp\/v2\/product\/37902","targetHints":{"allow":["GET"]}}],"collection":[{"href":"https:\/\/olemosaic.com\/pt-pt\/wp-json\/wp\/v2\/product"}],"about":[{"href":"https:\/\/olemosaic.com\/pt-pt\/wp-json\/wp\/v2\/types\/product"}],"wp:featuredmedia":[{"embeddable":true,"href":"https:\/\/olemosaic.com\/pt-pt\/wp-json\/wp\/v2\/media\/11749"}],"wp:attachment":[{"href":"https:\/\/olemosaic.com\/pt-pt\/wp-json\/wp\/v2\/media?parent=37902"}],"wp:term":[{"taxonomy":"product_brand","embeddable":true,"href":"https:\/\/olemosaic.com\/pt-pt\/wp-json\/wp\/v2\/product_brand?post=37902"},{"taxonomy":"product_cat","embeddable":true,"href":"https:\/\/olemosaic.com\/pt-pt\/wp-json\/wp\/v2\/product_cat?post=37902"},{"taxonomy":"product_tag","embeddable":true,"href":"https:\/\/olemosaic.com\/pt-pt\/wp-json\/wp\/v2\/product_tag?post=37902"}],"curies":[{"name":"wp","href":"https:\/\/api.w.org\/{rel}","templated":true}]}}