{"id":37900,"date":"2025-02-20T23:30:48","date_gmt":"2025-02-20T22:30:48","guid":{"rendered":"http:\/\/olemosaic.com\/producto\/bol-de-coco-naranja-caballito-de-mar-barcelona-2\/"},"modified":"2025-07-25T19:53:43","modified_gmt":"2025-07-25T17:53:43","slug":"taca-de-coco-laranja-cavalo-marinho-barcelona-2-pt-pt","status":"publish","type":"product","link":"https:\/\/olemosaic.com\/pt-pt\/produto\/taca-de-coco-laranja-cavalo-marinho-barcelona-2-pt-pt\/","title":{"rendered":"Ta\u00e7a de coco laranja. Cavalo-marinho. Estilo mediterr\u00e2neo. Barcelona."},"content":{"rendered":"<p>Esta ta\u00e7a de coco laranja decorada \u00e9 uma pe\u00e7a \u00fanica que capta o vibrante esp\u00edrito de Barcelona. A sua cor chamativa evoca o p\u00f4r do sol quente do Mediterr\u00e2neo, enquanto o seu design pintado \u00e0 m\u00e3o destaca um elegante cavalo-marinho, s\u00edmbolo do mundo marinho que rodeia esta fascinante cidade. A ta\u00e7a apresenta uma intrincada decora\u00e7\u00e3o na borda que lhe confere um ar artesanal, complementada pela palavra &#8220;Barcelona&#8221; no seu interior, enfatizando a sua liga\u00e7\u00e3o com esta emblem\u00e1tica urbe.<\/p>\n<p>O cavalo-marinho, meticulosamente ilustrado, n\u00e3o \u00e9 apenas um elemento decorativo, mas tamb\u00e9m representa a vida marinha da costa catal\u00e3, onde muitos visitantes desfrutam da praia e da cultura n\u00e1utica. Esta ta\u00e7a de coco \u00e9 ideal como elemento decorativo no lar ou como um presente \u00fanico para quem deseje levar uma recorda\u00e7\u00e3o aut\u00eantica da sua visita a Barcelona.<\/p>\n<p>Na Ol\u00e9 Mosaic, especializamo-nos na distribui\u00e7\u00e3o de souvenirs por grosso, e esta ta\u00e7a \u00e9 uma adi\u00e7\u00e3o perfeita a qualquer cole\u00e7\u00e3o de recorda\u00e7\u00f5es de Barcelona. O seu design aut\u00eantico e de qualidade torna-a um produto atraente para lojas de presentes tur\u00edsticos. Sem d\u00favida, esta ta\u00e7a de coco laranja \u00e9 uma excelente escolha para quem procura uma recorda\u00e7\u00e3o significativa e culturalmente relevante da sua experi\u00eancia na cidade.<\/p>\n","protected":false},"excerpt":{"rendered":"<p>Ta\u00e7a de coco laranja decorada com um elegante cavalo-marinho, que representa o vibrante esp\u00edrito de Barcelona. A sua surpreendente cor laranja real\u00e7a os detalhes do motivo marinho, design artesanal, pintado \u00e0 m\u00e3o, com t\u00e9cnicas tradicionais, num design que capta a ess\u00eancia do Mediterr\u00e2neo. No seu interior, a ta\u00e7a apresenta a palavra &#8220;Barcelona&#8221;, acentuando ainda mais a sua liga\u00e7\u00e3o com a cidade. Ideal como elemento decorativo ou como presente \u00fanico.<\/p>\n","protected":false},"featured_media":11757,"template":"","meta":{"_acf_changed":false},"product_brand":[],"product_cat":[513],"product_tag":[516],"class_list":{"0":"post-37900","1":"product","2":"type-product","3":"status-publish","4":"has-post-thumbnail","6":"product_cat-bols","7":"product_tag-animais","8":"pa_ciudad-barcelona","9":"pa_motivo-cavalos-marinhos","10":"pa_pais-espana","12":"first","13":"instock","14":"shipping-taxable","15":"product-type-simple"},"acf":[],"_links":{"self":[{"href":"https:\/\/olemosaic.com\/pt-pt\/wp-json\/wp\/v2\/product\/37900","targetHints":{"allow":["GET"]}}],"collection":[{"href":"https:\/\/olemosaic.com\/pt-pt\/wp-json\/wp\/v2\/product"}],"about":[{"href":"https:\/\/olemosaic.com\/pt-pt\/wp-json\/wp\/v2\/types\/product"}],"wp:featuredmedia":[{"embeddable":true,"href":"https:\/\/olemosaic.com\/pt-pt\/wp-json\/wp\/v2\/media\/11757"}],"wp:attachment":[{"href":"https:\/\/olemosaic.com\/pt-pt\/wp-json\/wp\/v2\/media?parent=37900"}],"wp:term":[{"taxonomy":"product_brand","embeddable":true,"href":"https:\/\/olemosaic.com\/pt-pt\/wp-json\/wp\/v2\/product_brand?post=37900"},{"taxonomy":"product_cat","embeddable":true,"href":"https:\/\/olemosaic.com\/pt-pt\/wp-json\/wp\/v2\/product_cat?post=37900"},{"taxonomy":"product_tag","embeddable":true,"href":"https:\/\/olemosaic.com\/pt-pt\/wp-json\/wp\/v2\/product_tag?post=37900"}],"curies":[{"name":"wp","href":"https:\/\/api.w.org\/{rel}","templated":true}]}}