{"id":37899,"date":"2025-02-20T22:30:48","date_gmt":"2025-02-20T22:30:48","guid":{"rendered":"http:\/\/olemosaic.com\/producto\/bol-de-coco-naranja-salamandra-mallorca\/"},"modified":"2025-07-25T19:09:59","modified_gmt":"2025-07-25T17:09:59","slug":"taca-de-coco-laranja-salamandra-maiorca-pt-pt","status":"publish","type":"product","link":"https:\/\/olemosaic.com\/pt-pt\/produto\/taca-de-coco-laranja-salamandra-maiorca-pt-pt\/","title":{"rendered":"Ta\u00e7a de coco laranja. Salamandra. Maiorca."},"content":{"rendered":"<p>Esta ta\u00e7a de coco laranja, decorada com uma chamativa salamandra, \u00e9 um souvenir excecional de Maiorca que funde funcionalidade e tradi\u00e7\u00e3o. O seu interior, de um vibrante tom laranja ardente, est\u00e1 meticulosamente acabado, evocando o calor e a luz do clima mediterr\u00e2nico. A distinta figura de uma salamandra em branco apresenta-se elegantemente no centro, simbolizando a biodiversidade da ilha e a sua liga\u00e7\u00e3o com a natureza. Junto a ela, a inscri\u00e7\u00e3o &#8220;MALLORCA&#8221; reafirma a sua origem, tornando-a uma recorda\u00e7\u00e3o aut\u00eantica e memor\u00e1vel.<\/p>\n<p>O design da ta\u00e7a apresenta uma forma org\u00e2nica que destaca o artesanato local, tornando-a uma pe\u00e7a decorativa que embeleza qualquer espa\u00e7o, desde cozinhas a salas. Os detalhes da borda, com subtis toques que imitam a textura natural do coco, contribuem para o seu apelo visual. Esta ta\u00e7a \u00e9 ideal n\u00e3o s\u00f3 para o uso di\u00e1rio, mas tamb\u00e9m como um belo elemento decorativo que celebra a rica cultura e o folclore de Maiorca.<\/p>\n<p>Na Ol\u00e9 Mosaic, especializamo-nos na distribui\u00e7\u00e3o por grosso de souvenirs aut\u00eanticos e representativos, e esta ta\u00e7a de coco \u00e9 uma op\u00e7\u00e3o perfeita para lojas de presentes tur\u00edsticos que procuram oferecer produtos com uma forte liga\u00e7\u00e3o cultural. Sem d\u00favida, uma recorda\u00e7\u00e3o ideal para aqueles turistas que desejam levar um peda\u00e7o de Maiorca para as suas casas, fazendo desta ta\u00e7a um excelente exemplo dos nossos souvenirs de qualidade.<\/p>\n","protected":false},"excerpt":{"rendered":"<p>Ta\u00e7a de coco laranja decorada com uma chamativa salamandra, uma recorda\u00e7\u00e3o \u00fanica de Maiorca. Esta ta\u00e7a apresenta um vibrante interior laranja com um design elegante que inclui a figura de uma salamandra em branco e a inscri\u00e7\u00e3o &#8220;MALLORCA&#8221;. A sua forma org\u00e2nica e o seu acabamento detalhado real\u00e7am a beleza artesanal do produto, tornando-o um elemento decorativo atraente para qualquer espa\u00e7o. Perfeito para adicionar um toque de tradi\u00e7\u00e3o maiorquina ao seu lar.<\/p>\n","protected":false},"featured_media":11773,"template":"","meta":{"_acf_changed":false},"product_brand":[],"product_cat":[513],"product_tag":[516],"class_list":{"0":"post-37899","1":"product","2":"type-product","3":"status-publish","4":"has-post-thumbnail","6":"product_cat-bols","7":"product_tag-animais","8":"pa_ciudad-mallorca","9":"pa_motivo-salamandras","10":"pa_pais-espana","12":"first","13":"instock","14":"shipping-taxable","15":"product-type-simple"},"acf":[],"_links":{"self":[{"href":"https:\/\/olemosaic.com\/pt-pt\/wp-json\/wp\/v2\/product\/37899","targetHints":{"allow":["GET"]}}],"collection":[{"href":"https:\/\/olemosaic.com\/pt-pt\/wp-json\/wp\/v2\/product"}],"about":[{"href":"https:\/\/olemosaic.com\/pt-pt\/wp-json\/wp\/v2\/types\/product"}],"wp:featuredmedia":[{"embeddable":true,"href":"https:\/\/olemosaic.com\/pt-pt\/wp-json\/wp\/v2\/media\/11773"}],"wp:attachment":[{"href":"https:\/\/olemosaic.com\/pt-pt\/wp-json\/wp\/v2\/media?parent=37899"}],"wp:term":[{"taxonomy":"product_brand","embeddable":true,"href":"https:\/\/olemosaic.com\/pt-pt\/wp-json\/wp\/v2\/product_brand?post=37899"},{"taxonomy":"product_cat","embeddable":true,"href":"https:\/\/olemosaic.com\/pt-pt\/wp-json\/wp\/v2\/product_cat?post=37899"},{"taxonomy":"product_tag","embeddable":true,"href":"https:\/\/olemosaic.com\/pt-pt\/wp-json\/wp\/v2\/product_tag?post=37899"}],"curies":[{"name":"wp","href":"https:\/\/api.w.org\/{rel}","templated":true}]}}