{"id":37898,"date":"2025-02-20T23:30:48","date_gmt":"2025-02-20T22:30:48","guid":{"rendered":"http:\/\/olemosaic.com\/producto\/bol-de-coco-naranja-tortuga-barcelona-2\/"},"modified":"2025-07-25T20:18:39","modified_gmt":"2025-07-25T18:18:39","slug":"taca-de-coco-laranja-tartaruga-barcelona-2-pt-pt","status":"publish","type":"product","link":"https:\/\/olemosaic.com\/pt-pt\/produto\/taca-de-coco-laranja-tartaruga-barcelona-2-pt-pt\/","title":{"rendered":"Ta\u00e7a de coco laranja. Tartaruga. Estilo mediterr\u00e2neo. Barcelona."},"content":{"rendered":"<p>Esta ta\u00e7a de coco laranja, decorada com um motivo de tartaruga, \u00e9 uma pe\u00e7a artesanal que capta a ess\u00eancia vibrante de Barcelona. Com o seu design oval e acabamento brilhante, apresenta uma cativante cor laranja que reflete o calor da cidade mediterr\u00e2nica. O motivo central da tartaruga, esculpido com precis\u00e3o, simboliza a vida marinha e a beleza do ambiente natural que rodeia esta cidade ic\u00f3nica, evocando a liga\u00e7\u00e3o com a costa e o mar Mediterr\u00e2neo.<\/p>\n<p>A ta\u00e7a, com texturas que imitam a carapa\u00e7a da tartaruga, cria uma superf\u00edcie visualmente atraente e tactilmente interessante. No centro, a palavra &#8220;Barcelona&#8221; est\u00e1 elegantemente gravada, o que a torna uma recorda\u00e7\u00e3o perfeita e aut\u00eantica para quem visita a cidade. \u00c9 ideal para decorar qualquer espa\u00e7o, adicionando um toque de cor e cultura, e resulta numa excelente op\u00e7\u00e3o para quem procura um souvenir significativo e representativo da sua experi\u00eancia em Barcelona.<\/p>\n<p>Na Ol\u00e9 Mosaic, especializamo-nos na distribui\u00e7\u00e3o de souvenirs por grosso, oferecendo produtos aut\u00eanticos que celebram a rica heran\u00e7a cultural de Espanha. Esta ta\u00e7a de coco \u00e9 uma op\u00e7\u00e3o de destaque para lojas de presentes tur\u00edsticos que desejam oferecer artigos atraentes e \u00fanicos que conectem com os visitantes. Como grossistas de souvenirs, garantimos a qualidade e a autenticidade de cada pe\u00e7a.<\/p>\n","protected":false},"excerpt":{"rendered":"<p>Ta\u00e7a de coco alaranjada decorada com um motivo de tartaruga, que evoca a ess\u00eancia de Barcelona. Este produto artesanal apresenta um acabamento brilhante que real\u00e7a o seu design \u00fanico, com texturas que imitam a carapa\u00e7a da tartaruga. A palavra &#8220;Barcelona&#8221; est\u00e1 gravada no centro, o que a torna uma recorda\u00e7\u00e3o perfeita da cidade. A sua forma oval e a sua tonalidade laranja quente tornam-na ideal para decorar qualquer espa\u00e7o.<\/p>\n","protected":false},"featured_media":10165,"template":"","meta":{"_acf_changed":false},"product_brand":[],"product_cat":[513],"product_tag":[516],"class_list":{"0":"post-37898","1":"product","2":"type-product","3":"status-publish","4":"has-post-thumbnail","6":"product_cat-bols","7":"product_tag-animais","8":"pa_ciudad-barcelona","9":"pa_motivo-tartarugas","10":"pa_pais-espana","12":"first","13":"instock","14":"shipping-taxable","15":"product-type-simple"},"acf":[],"_links":{"self":[{"href":"https:\/\/olemosaic.com\/pt-pt\/wp-json\/wp\/v2\/product\/37898","targetHints":{"allow":["GET"]}}],"collection":[{"href":"https:\/\/olemosaic.com\/pt-pt\/wp-json\/wp\/v2\/product"}],"about":[{"href":"https:\/\/olemosaic.com\/pt-pt\/wp-json\/wp\/v2\/types\/product"}],"wp:featuredmedia":[{"embeddable":true,"href":"https:\/\/olemosaic.com\/pt-pt\/wp-json\/wp\/v2\/media\/10165"}],"wp:attachment":[{"href":"https:\/\/olemosaic.com\/pt-pt\/wp-json\/wp\/v2\/media?parent=37898"}],"wp:term":[{"taxonomy":"product_brand","embeddable":true,"href":"https:\/\/olemosaic.com\/pt-pt\/wp-json\/wp\/v2\/product_brand?post=37898"},{"taxonomy":"product_cat","embeddable":true,"href":"https:\/\/olemosaic.com\/pt-pt\/wp-json\/wp\/v2\/product_cat?post=37898"},{"taxonomy":"product_tag","embeddable":true,"href":"https:\/\/olemosaic.com\/pt-pt\/wp-json\/wp\/v2\/product_tag?post=37898"}],"curies":[{"name":"wp","href":"https:\/\/api.w.org\/{rel}","templated":true}]}}