{"id":37892,"date":"2025-02-20T23:30:33","date_gmt":"2025-02-20T22:30:33","guid":{"rendered":"http:\/\/olemosaic.com\/producto\/bol-de-coco-fucsia-mano-3\/"},"modified":"2025-07-25T19:14:26","modified_gmt":"2025-07-25T17:14:26","slug":"taca-de-coco-fucsia-mao-3-pt-pt","status":"publish","type":"product","link":"https:\/\/olemosaic.com\/pt-pt\/produto\/taca-de-coco-fucsia-mao-3-pt-pt\/","title":{"rendered":"Ta\u00e7a de coco f\u00facsia. M\u00e3o. Hamsa."},"content":{"rendered":"<p>Esta ta\u00e7a de coco f\u00facsia \u00e9 uma pe\u00e7a artesanal vibrante que incorpora um design tradicional da m\u00e3o conhecida como &#8220;hamsa&#8221;, s\u00edmbolo de prote\u00e7\u00e3o e boa sorte em diversas culturas mediterr\u00e2nicas. Elaborada com uma t\u00e9cnica artesanal, esta ta\u00e7a apresenta um fundo branco adornado com mosaicos em diferentes tons de rosa, criando um contraste impactante que a torna uma aut\u00eantica obra de arte funcional. Os detalhes em tons f\u00facsia distribuem-se em forma de suaves ovais, o que lhe confere um ar contempor\u00e2neo e fresco, ideal para quem procura um toque de cor na sua casa.<\/p>\n<p>Esta ta\u00e7a n\u00e3o cumpre apenas uma fun\u00e7\u00e3o decorativa, mas tamb\u00e9m evoca a rica tradi\u00e7\u00e3o cultural das regi\u00f5es mediterr\u00e2nicas, onde as m\u00e3os hamsa s\u00e3o amplamente utilizadas como s\u00edmbolo de prote\u00e7\u00e3o. O seu design \u00fanico torna-a perfeita tanto como elemento decorativo em mesas ou prateleiras, como para us\u00e1-la em festas e celebra\u00e7\u00f5es. Na Ol\u00e9 Mosaic, orgulhamo-nos de oferecer recorda\u00e7\u00f5es aut\u00eanticas que representam a diversidade cultural. Esta ta\u00e7a f\u00facsia \u00e9 uma excelente op\u00e7\u00e3o para lojas de presentes tur\u00edsticos que desejem oferecer aos seus clientes uma pe\u00e7a distintiva e significativa. Cada ta\u00e7a \u00e9 uma express\u00e3o de artesanato que celebra a beleza e relev\u00e2ncia cultural do Mediterr\u00e2neo, tornando-a o presente ideal para turistas que procuram recorda\u00e7\u00f5es aut\u00eanticas da sua viagem.<\/p>\n","protected":false},"excerpt":{"rendered":"<p>Ta\u00e7a de coco f\u00facsia, decorada com um vibrante design de m\u00e3o, a &#8220;hamsa&#8221;, que simboliza a prote\u00e7\u00e3o. Este produto, elaborado artesanalmente, apresenta detalhes de mosaico em diferentes tonalidades de rosa sobre um fundo branco. Perfeito como elemento decorativo, esta ta\u00e7a n\u00e3o s\u00f3 traz cor a qualquer espa\u00e7o, como tamb\u00e9m evoca a rica tradi\u00e7\u00e3o cultural mediterr\u00e2nica. Ideal para decorar ou como presente original.<\/p>\n","protected":false},"featured_media":13513,"template":"","meta":{"_acf_changed":false},"product_brand":[],"product_cat":[513],"product_tag":[],"class_list":{"0":"post-37892","1":"product","2":"type-product","3":"status-publish","4":"has-post-thumbnail","6":"product_cat-bols","7":"pa_motivo-maos","9":"first","10":"instock","11":"shipping-taxable","12":"product-type-simple"},"acf":[],"_links":{"self":[{"href":"https:\/\/olemosaic.com\/pt-pt\/wp-json\/wp\/v2\/product\/37892","targetHints":{"allow":["GET"]}}],"collection":[{"href":"https:\/\/olemosaic.com\/pt-pt\/wp-json\/wp\/v2\/product"}],"about":[{"href":"https:\/\/olemosaic.com\/pt-pt\/wp-json\/wp\/v2\/types\/product"}],"wp:featuredmedia":[{"embeddable":true,"href":"https:\/\/olemosaic.com\/pt-pt\/wp-json\/wp\/v2\/media\/13513"}],"wp:attachment":[{"href":"https:\/\/olemosaic.com\/pt-pt\/wp-json\/wp\/v2\/media?parent=37892"}],"wp:term":[{"taxonomy":"product_brand","embeddable":true,"href":"https:\/\/olemosaic.com\/pt-pt\/wp-json\/wp\/v2\/product_brand?post=37892"},{"taxonomy":"product_cat","embeddable":true,"href":"https:\/\/olemosaic.com\/pt-pt\/wp-json\/wp\/v2\/product_cat?post=37892"},{"taxonomy":"product_tag","embeddable":true,"href":"https:\/\/olemosaic.com\/pt-pt\/wp-json\/wp\/v2\/product_tag?post=37892"}],"curies":[{"name":"wp","href":"https:\/\/api.w.org\/{rel}","templated":true}]}}