{"id":37888,"date":"2025-02-20T23:30:33","date_gmt":"2025-02-20T22:30:33","guid":{"rendered":"http:\/\/olemosaic.com\/producto\/bol-de-coco-fucsia-flamenco-3\/"},"modified":"2025-07-25T21:24:58","modified_gmt":"2025-07-25T19:24:58","slug":"taca-de-coco-fucsia-flamenco-3-pt-pt","status":"publish","type":"product","link":"https:\/\/olemosaic.com\/pt-pt\/produto\/taca-de-coco-fucsia-flamenco-3-pt-pt\/","title":{"rendered":"Ta\u00e7a de coco f\u00facsia. Flamenco. Espanha."},"content":{"rendered":"<p>Esta ta\u00e7a de coco f\u00facsia \u00e9 uma bela pe\u00e7a decorativa que capta a ess\u00eancia vibrante da cultura andaluza. Concebida com mosaicos em tons f\u00facsia, esta ta\u00e7a destaca-se pela sua atratividade e singularidade. No centro, um desenho delicado de dois flamingos num abra\u00e7o rom\u00e2ntico acrescenta um toque de eleg\u00e2ncia e simboliza a beleza da fauna do sul de Espanha. A luz reflete-se com encanto no seu acabamento, criando uma atmosfera quente e acolhedora, ideal para dar um toque de cor a qualquer mesa ou espa\u00e7o. Esta ta\u00e7a, vers\u00e1til e moderna, pode ser utilizada tanto para servir alimentos como para decorar a casa, tornando-se uma pe\u00e7a funcional que n\u00e3o s\u00f3 atrai a aten\u00e7\u00e3o pela sua apar\u00eancia, mas que tamb\u00e9m tem um profundo significado cultural.<\/p>\n<p>O flamingo, ave emblem\u00e1tica da regi\u00e3o, representa a liga\u00e7\u00e3o com o ambiente natural da Andaluzia e a sua rica biodiversidade. Na Ol\u00e9 Mosaic, somos distribuidores de recorda\u00e7\u00f5es por grosso, e esta ta\u00e7a de coco \u00e9 uma recorda\u00e7\u00e3o aut\u00eantica que reflete a tradi\u00e7\u00e3o artesanal de Espanha. Uma op\u00e7\u00e3o excecional para lojas de presentes tur\u00edsticos que procuram oferecer produtos \u00fanicos e representativos da cultura local, esta ta\u00e7a n\u00e3o serve apenas como um presente, mas torna-se um peda\u00e7o do encantador esp\u00edrito andaluz que os turistas poder\u00e3o levar consigo.<\/p>\n","protected":false},"excerpt":{"rendered":"<p>Ta\u00e7a de coco f\u00facsia com motivos de flamenco. Esta atraente ta\u00e7a apresenta um design vibrante, decorado com mosaicos em tons f\u00facsia e um desenho delicado de dois flamingos no centro. Perfeita para adicionar um toque andaluz a qualquer espa\u00e7o, combina a tradi\u00e7\u00e3o com um estilo moderno. O seu acabamento reflete a luz de forma encantadora, tornando-a uma pe\u00e7a ideal tanto para decora\u00e7\u00e3o como para uso funcional em mesas e jantares.<\/p>\n","protected":false},"featured_media":13517,"template":"","meta":{"_acf_changed":false},"product_brand":[],"product_cat":[513],"product_tag":[516],"class_list":{"0":"post-37888","1":"product","2":"type-product","3":"status-publish","4":"has-post-thumbnail","6":"product_cat-bols","7":"product_tag-animais","8":"pa_motivo-flamingos","10":"first","11":"instock","12":"shipping-taxable","13":"product-type-simple"},"acf":[],"_links":{"self":[{"href":"https:\/\/olemosaic.com\/pt-pt\/wp-json\/wp\/v2\/product\/37888","targetHints":{"allow":["GET"]}}],"collection":[{"href":"https:\/\/olemosaic.com\/pt-pt\/wp-json\/wp\/v2\/product"}],"about":[{"href":"https:\/\/olemosaic.com\/pt-pt\/wp-json\/wp\/v2\/types\/product"}],"wp:featuredmedia":[{"embeddable":true,"href":"https:\/\/olemosaic.com\/pt-pt\/wp-json\/wp\/v2\/media\/13517"}],"wp:attachment":[{"href":"https:\/\/olemosaic.com\/pt-pt\/wp-json\/wp\/v2\/media?parent=37888"}],"wp:term":[{"taxonomy":"product_brand","embeddable":true,"href":"https:\/\/olemosaic.com\/pt-pt\/wp-json\/wp\/v2\/product_brand?post=37888"},{"taxonomy":"product_cat","embeddable":true,"href":"https:\/\/olemosaic.com\/pt-pt\/wp-json\/wp\/v2\/product_cat?post=37888"},{"taxonomy":"product_tag","embeddable":true,"href":"https:\/\/olemosaic.com\/pt-pt\/wp-json\/wp\/v2\/product_tag?post=37888"}],"curies":[{"name":"wp","href":"https:\/\/api.w.org\/{rel}","templated":true}]}}