{"id":37887,"date":"2025-02-20T23:30:30","date_gmt":"2025-02-20T22:30:30","guid":{"rendered":"http:\/\/olemosaic.com\/producto\/bol-de-coco-fucsia-delfin-barcelona-2\/"},"modified":"2025-07-25T18:39:12","modified_gmt":"2025-07-25T16:39:12","slug":"taca-de-coco-fucsia-golfinho-barcelona-2-pt-pt","status":"publish","type":"product","link":"https:\/\/olemosaic.com\/pt-pt\/produto\/taca-de-coco-fucsia-golfinho-barcelona-2-pt-pt\/","title":{"rendered":"Ta\u00e7a de coco f\u00facsia. Golfinho. Mosaico. Barcelona."},"content":{"rendered":"<p>Esta ta\u00e7a de coco f\u00facsia \u00e9 uma recorda\u00e7\u00e3o encantadora que captura a vibrante ess\u00eancia de Barcelona. Fabricada com carinho e aten\u00e7\u00e3o ao detalhe, esta atraente ta\u00e7a destaca-se pela sua cor f\u00facsia intensa e um design de mosaico partido que real\u00e7a a sua singularidade. No centro, encontra-se cuidadosamente ilustrado um golfinho, s\u00edmbolo da alegria e da vitalidade do mar Mediterr\u00e2neo, junto ao texto &#8220;Barcelona&#8221;, tornando-a uma pe\u00e7a decorativa perfeita para qualquer lar.<\/p>\n<p>O material de coco n\u00e3o s\u00f3 lhe confere um toque natural e org\u00e2nico, como tamb\u00e9m a torna um acess\u00f3rio vers\u00e1til, ideal para servir aperitivos ou como elemento decorativo em qualquer espa\u00e7o. O seu acabamento polido e vistoso, combinado com o design muito especial, f\u00e1-la destacar-se em qualquer ambiente, sendo um excelente motivo de conversa entre familiares e amigos.<\/p>\n<p>Esta ta\u00e7a representa n\u00e3o apenas uma recorda\u00e7\u00e3o de Barcelona, mas tamb\u00e9m um fragmento da rica cultura mediterr\u00e2nea que se reflete no seu design. Na Ol\u00e9 Mosaic, especializamo-nos na distribui\u00e7\u00e3o de recorda\u00e7\u00f5es por grosso, e esta ta\u00e7a de coco f\u00facsia \u00e9 uma escolha ideal para lojas de presentes tur\u00edsticos que procuram oferecer produtos aut\u00eanticos e de qualidade. Como grossistas de recorda\u00e7\u00f5es, garantimos a autenticidade e o encanto de cada pe\u00e7a, fazendo desta ta\u00e7a uma op\u00e7\u00e3o perfeita para quem procura levar para casa um peda\u00e7o de Barcelona.<\/p>\n","protected":false},"excerpt":{"rendered":"<p>Ta\u00e7a de coco f\u00facsia decorada com um golfinho encantador, que evoca a ess\u00eancia de Barcelona. Esta atraente ta\u00e7a apresenta uma vibrante cor f\u00facsia com um design de mosaico partido que real\u00e7a a sua singularidade. No centro, destaca-se a ilustra\u00e7\u00e3o de um golfinho junto ao texto &#8220;Barcelona&#8221;, criando um elemento decorativo perfeito para qualquer lar. O seu material de coco adiciona um toque natural, ideal para desfrutar de aperitivos ou como pe\u00e7a ornamental.<\/p>\n","protected":false},"featured_media":11762,"template":"","meta":{"_acf_changed":false},"product_brand":[],"product_cat":[513],"product_tag":[516],"class_list":{"0":"post-37887","1":"product","2":"type-product","3":"status-publish","4":"has-post-thumbnail","6":"product_cat-bols","7":"product_tag-animais","8":"pa_ciudad-barcelona","9":"pa_motivo-golfinhos","10":"pa_pais-espana","12":"first","13":"instock","14":"shipping-taxable","15":"product-type-simple"},"acf":[],"_links":{"self":[{"href":"https:\/\/olemosaic.com\/pt-pt\/wp-json\/wp\/v2\/product\/37887","targetHints":{"allow":["GET"]}}],"collection":[{"href":"https:\/\/olemosaic.com\/pt-pt\/wp-json\/wp\/v2\/product"}],"about":[{"href":"https:\/\/olemosaic.com\/pt-pt\/wp-json\/wp\/v2\/types\/product"}],"wp:featuredmedia":[{"embeddable":true,"href":"https:\/\/olemosaic.com\/pt-pt\/wp-json\/wp\/v2\/media\/11762"}],"wp:attachment":[{"href":"https:\/\/olemosaic.com\/pt-pt\/wp-json\/wp\/v2\/media?parent=37887"}],"wp:term":[{"taxonomy":"product_brand","embeddable":true,"href":"https:\/\/olemosaic.com\/pt-pt\/wp-json\/wp\/v2\/product_brand?post=37887"},{"taxonomy":"product_cat","embeddable":true,"href":"https:\/\/olemosaic.com\/pt-pt\/wp-json\/wp\/v2\/product_cat?post=37887"},{"taxonomy":"product_tag","embeddable":true,"href":"https:\/\/olemosaic.com\/pt-pt\/wp-json\/wp\/v2\/product_tag?post=37887"}],"curies":[{"name":"wp","href":"https:\/\/api.w.org\/{rel}","templated":true}]}}