{"id":37885,"date":"2025-02-20T23:30:30","date_gmt":"2025-02-20T22:30:30","guid":{"rendered":"http:\/\/olemosaic.com\/producto\/bol-de-coco-fucsia-salamandra-barcelona\/"},"modified":"2025-07-25T18:42:15","modified_gmt":"2025-07-25T16:42:15","slug":"taca-de-coco-fucsia-salamandra-barcelona-pt-pt","status":"publish","type":"product","link":"https:\/\/olemosaic.com\/pt-pt\/produto\/taca-de-coco-fucsia-salamandra-barcelona-pt-pt\/","title":{"rendered":"Ta\u00e7a de coco f\u00facsia. Salamandra. Barcelona."},"content":{"rendered":"<p>Esta ta\u00e7a de coco f\u00facsia \u00e9 uma encantadora recorda\u00e7\u00e3o de Barcelona que captura a ess\u00eancia vibrante da cidade. Fabricada artesanalmente, apresenta um acabamento brilhante num atraente tom f\u00facsia, o que a torna um elemento decorativo ideal para qualquer lar. O seu design muito especial inclui uma simp\u00e1tica ilustra\u00e7\u00e3o de uma salamandra, s\u00edmbolo da fauna local, que se destaca no centro, rodeada por um delicado adorno de cora\u00e7\u00f5es que adiciona um toque de calor e alegria.<\/p>\n<p>A palavra &#8220;Barcelona&#8221; est\u00e1 gravada de forma proeminente, garantindo que esta ta\u00e7a seja uma lembran\u00e7a constante da rica cultura e da energia da capital catal\u00e3. Este objeto n\u00e3o \u00e9 apenas funcional, mas torna-se tamb\u00e9m um aut\u00eantico v\u00ednculo com a regi\u00e3o, evocando instantaneamente mem\u00f3rias das cores e da vitalidade da cidade.<\/p>\n<p>A ta\u00e7a de coco f\u00facsia \u00e9 uma op\u00e7\u00e3o perfeita para turistas que procuram recorda\u00e7\u00f5es aut\u00eanticas que reflitam o esp\u00edrito de Barcelona. Na Ol\u00e9 Mosaic, especializamo-nos na distribui\u00e7\u00e3o de recorda\u00e7\u00f5es por grosso, oferecendo produtos que celebram a singularidade cultural. Cada ta\u00e7a \u00e9 uma pe\u00e7a \u00fanica, ideal para lojas de presentes tur\u00edsticos que desejem oferecer aos seus clientes uma recorda\u00e7\u00e3o representativa e artesanal de Barcelona.<\/p>\n","protected":false},"excerpt":{"rendered":"<p>Ta\u00e7a de coco f\u00facsia decorada com um design muito especial de salamandra, que representa o esp\u00edrito vibrante de Barcelona. Fabricada em coco, esta ta\u00e7a apresenta um acabamento brilhante num tom f\u00facsia, com encantadores detalhes de cora\u00e7\u00f5es ao redor e a palavra &#8220;Barcelona&#8221; destacada no centro. O seu fabrico artesanal real\u00e7a a singularidade de cada pe\u00e7a, tornando-a um atraente souvenir que evoca a cultura e o calor desta ic\u00f3nica cidade.<\/p>\n","protected":false},"featured_media":10238,"template":"","meta":{"_acf_changed":false},"product_brand":[],"product_cat":[513],"product_tag":[516],"class_list":{"0":"post-37885","1":"product","2":"type-product","3":"status-publish","4":"has-post-thumbnail","6":"product_cat-bols","7":"product_tag-animais","8":"pa_ciudad-barcelona","9":"pa_motivo-salamandras","10":"pa_pais-espana","12":"first","13":"instock","14":"shipping-taxable","15":"product-type-simple"},"acf":[],"_links":{"self":[{"href":"https:\/\/olemosaic.com\/pt-pt\/wp-json\/wp\/v2\/product\/37885","targetHints":{"allow":["GET"]}}],"collection":[{"href":"https:\/\/olemosaic.com\/pt-pt\/wp-json\/wp\/v2\/product"}],"about":[{"href":"https:\/\/olemosaic.com\/pt-pt\/wp-json\/wp\/v2\/types\/product"}],"wp:featuredmedia":[{"embeddable":true,"href":"https:\/\/olemosaic.com\/pt-pt\/wp-json\/wp\/v2\/media\/10238"}],"wp:attachment":[{"href":"https:\/\/olemosaic.com\/pt-pt\/wp-json\/wp\/v2\/media?parent=37885"}],"wp:term":[{"taxonomy":"product_brand","embeddable":true,"href":"https:\/\/olemosaic.com\/pt-pt\/wp-json\/wp\/v2\/product_brand?post=37885"},{"taxonomy":"product_cat","embeddable":true,"href":"https:\/\/olemosaic.com\/pt-pt\/wp-json\/wp\/v2\/product_cat?post=37885"},{"taxonomy":"product_tag","embeddable":true,"href":"https:\/\/olemosaic.com\/pt-pt\/wp-json\/wp\/v2\/product_tag?post=37885"}],"curies":[{"name":"wp","href":"https:\/\/api.w.org\/{rel}","templated":true}]}}