{"id":37884,"date":"2025-02-20T23:30:30","date_gmt":"2025-02-20T22:30:30","guid":{"rendered":"http:\/\/olemosaic.com\/producto\/bol-de-coco-fucsia-isla-tenerife-3\/"},"modified":"2025-07-25T20:12:18","modified_gmt":"2025-07-25T18:12:18","slug":"taca-de-coco-fucsia-ilha-tenerife-3-pt-pt","status":"publish","type":"product","link":"https:\/\/olemosaic.com\/pt-pt\/produto\/taca-de-coco-fucsia-ilha-tenerife-3-pt-pt\/","title":{"rendered":"Ta\u00e7a de coco f\u00facsia. Ilha. Tenerife. Can\u00e1rias."},"content":{"rendered":"<p>Esta ta\u00e7a de coco f\u00facsia \u00e9 um exemplo claro da vibrante cultura de Tenerife, capturando a ess\u00eancia das Ilhas Can\u00e1rias. O seu design artesanal destaca-se por uma paleta de tons f\u00facsia que se misturam harmoniosamente, criando um efeito visual cativante que atrai todos os olhares. Elaborada com uma forma org\u00e2nica, esta ta\u00e7a n\u00e3o \u00e9 apenas um objeto funcional, mas uma verdadeira obra de arte que adorna qualquer espa\u00e7o, desde uma mesa de jantar at\u00e9 um canto decorativo.<\/p>\n<p>No seu interior, apresenta uma elegante representa\u00e7\u00e3o estilizada da ilha de Tenerife, gravada com delicadeza, que adiciona um toque de autenticidade e conex\u00e3o cultural. Este detalhe n\u00e3o s\u00f3 real\u00e7a a riqueza geogr\u00e1fica da regi\u00e3o, como tamb\u00e9m converte a ta\u00e7a numa preciosa recorda\u00e7\u00e3o que evoca as belas vistas de Tenerife.<\/p>\n<p>Sendo fabricada de forma artesanal, cada ta\u00e7a \u00e9 \u00fanica, o que garante a sua relev\u00e2ncia como recorda\u00e7\u00e3o t\u00edpica e aut\u00eantica desta bela ilha. Ideal para turistas que procuram um souvenir distintivo e com significado cultural, esta ta\u00e7a de coco f\u00facsia \u00e9 uma excelente op\u00e7\u00e3o que combina est\u00e9tica e funcionalidade. Na Ol\u00e9 Mosaic, como grossista de souvenirs, oferecemos produtos como este que refletem a rica heran\u00e7a cultural de Espanha, perfeitos para lojas de presentes tur\u00edsticos que desejam oferecer o melhor das nossas tradi\u00e7\u00f5es.<\/p>\n","protected":false},"excerpt":{"rendered":"<p>Ta\u00e7a de coco f\u00facsia, inspirada na vibrante cultura de Tenerife. Esta elegante ta\u00e7a artesanal apresenta um design de mosaico que combina tons f\u00facsia com um acabamento brilhante, real\u00e7ando a sua forma org\u00e2nica. No seu interior, uma representa\u00e7\u00e3o estilizada da ilha de Tenerife aparece gravada, integrando-se com o colorido. Ideal para real\u00e7ar qualquer espa\u00e7o, o seu acabamento \u00fanico torna-a uma atraente recorda\u00e7\u00e3o das Ilhas Can\u00e1rias.<\/p>\n","protected":false},"featured_media":11920,"template":"","meta":{"_acf_changed":false},"product_brand":[],"product_cat":[513],"product_tag":[],"class_list":{"0":"post-37884","1":"product","2":"type-product","3":"status-publish","4":"has-post-thumbnail","6":"product_cat-bols","7":"pa_ciudad-tenerife","8":"pa_motivo-ilhas","9":"pa_pais-espana","11":"first","12":"instock","13":"shipping-taxable","14":"product-type-simple"},"acf":[],"_links":{"self":[{"href":"https:\/\/olemosaic.com\/pt-pt\/wp-json\/wp\/v2\/product\/37884","targetHints":{"allow":["GET"]}}],"collection":[{"href":"https:\/\/olemosaic.com\/pt-pt\/wp-json\/wp\/v2\/product"}],"about":[{"href":"https:\/\/olemosaic.com\/pt-pt\/wp-json\/wp\/v2\/types\/product"}],"wp:featuredmedia":[{"embeddable":true,"href":"https:\/\/olemosaic.com\/pt-pt\/wp-json\/wp\/v2\/media\/11920"}],"wp:attachment":[{"href":"https:\/\/olemosaic.com\/pt-pt\/wp-json\/wp\/v2\/media?parent=37884"}],"wp:term":[{"taxonomy":"product_brand","embeddable":true,"href":"https:\/\/olemosaic.com\/pt-pt\/wp-json\/wp\/v2\/product_brand?post=37884"},{"taxonomy":"product_cat","embeddable":true,"href":"https:\/\/olemosaic.com\/pt-pt\/wp-json\/wp\/v2\/product_cat?post=37884"},{"taxonomy":"product_tag","embeddable":true,"href":"https:\/\/olemosaic.com\/pt-pt\/wp-json\/wp\/v2\/product_tag?post=37884"}],"curies":[{"name":"wp","href":"https:\/\/api.w.org\/{rel}","templated":true}]}}