{"id":37883,"date":"2025-02-20T22:30:30","date_gmt":"2025-02-20T22:30:30","guid":{"rendered":"http:\/\/olemosaic.com\/producto\/bol-de-coco-fucsia-delfin-gran-canaria\/"},"modified":"2025-07-25T18:53:56","modified_gmt":"2025-07-25T16:53:56","slug":"taca-de-coco-fucsia-golfinho-gran-canaria-pt-pt","status":"publish","type":"product","link":"https:\/\/olemosaic.com\/pt-pt\/produto\/taca-de-coco-fucsia-golfinho-gran-canaria-pt-pt\/","title":{"rendered":"Ta\u00e7a de coco f\u00facsia. Golfinho. Gran Can\u00e1ria."},"content":{"rendered":"<p>Esta ta\u00e7a f\u00facsia de coco \u00e9 um aut\u00eantico tesouro que captura a ess\u00eancia vibrante da Gran Can\u00e1ria. Elaborada a partir de madeira de coco, o seu design destaca-se por um acabamento brilhante numa deslumbrante cor f\u00facsia que atrai todos os olhares. No centro da ta\u00e7a, dois elegantes golfinhos entrela\u00e7am-se num gesto de amizade e alegria, o que torna esta pe\u00e7a algo mais do que um objeto decorativo: \u00e9 um s\u00edmbolo de conex\u00e3o e harmonia. A inscri\u00e7\u00e3o &#8220;Gran Canaria&#8221; gravada com precis\u00e3o adiciona um toque distintivo, transformando esta ta\u00e7a numa recorda\u00e7\u00e3o insubstitu\u00edvel do arquip\u00e9lago can\u00e1rio.<\/p>\n<p>Os rom\u00e2nticos cora\u00e7\u00f5es que decoram o interior da ta\u00e7a conferem um ar de calor e amor, tornando-a ideal para qualquer lar, onde pode ser usada como centro de mesa ou para guardar pequenos objetos. Esta ta\u00e7a f\u00facsia \u00e9 muito mais do que um simples souvenir; \u00e9 uma amostra da rica cultura e tradi\u00e7\u00e3o da Gran Can\u00e1ria, perfeita para os turistas que desejam levar um peda\u00e7o aut\u00eantico do ambiente insular. Na Ol\u00e9 Mosaic, orgulhamo-nos de ser distribuidores de souvenirs \u00fanicos e representativos, e esta ta\u00e7a de coco f\u00facsia \u00e9 uma op\u00e7\u00e3o excecional para lojas de presentes tur\u00edsticos que desejam oferecer produtos de grande qualidade e relev\u00e2ncia cultural.<\/p>\n","protected":false},"excerpt":{"rendered":"<p>Ta\u00e7a de coco f\u00facsia adornada com elegantes golfinhos num design vibrante que evoca a ess\u00eancia da Gran Can\u00e1ria. Este atraente artigo, elaborado em madeira de coco, apresenta um acabamento brilhante numa chamativa cor f\u00facsia, salpicado de delicados cora\u00e7\u00f5es. No centro, os golfinhos entrela\u00e7am-se, simbolizando amizade e alegria, e a inscri\u00e7\u00e3o &#8220;Gran Canaria&#8221; adiciona um toque distintivo. Ideal como souvenir ou elemento decorativo para qualquer lar.<\/p>\n","protected":false},"featured_media":10262,"template":"","meta":{"_acf_changed":false},"product_brand":[],"product_cat":[513],"product_tag":[516],"class_list":{"0":"post-37883","1":"product","2":"type-product","3":"status-publish","4":"has-post-thumbnail","6":"product_cat-bols","7":"product_tag-animais","8":"pa_ciudad-gran-canaria","9":"pa_motivo-golfinhos","10":"pa_pais-espana","12":"first","13":"instock","14":"shipping-taxable","15":"product-type-simple"},"acf":[],"_links":{"self":[{"href":"https:\/\/olemosaic.com\/pt-pt\/wp-json\/wp\/v2\/product\/37883","targetHints":{"allow":["GET"]}}],"collection":[{"href":"https:\/\/olemosaic.com\/pt-pt\/wp-json\/wp\/v2\/product"}],"about":[{"href":"https:\/\/olemosaic.com\/pt-pt\/wp-json\/wp\/v2\/types\/product"}],"wp:featuredmedia":[{"embeddable":true,"href":"https:\/\/olemosaic.com\/pt-pt\/wp-json\/wp\/v2\/media\/10262"}],"wp:attachment":[{"href":"https:\/\/olemosaic.com\/pt-pt\/wp-json\/wp\/v2\/media?parent=37883"}],"wp:term":[{"taxonomy":"product_brand","embeddable":true,"href":"https:\/\/olemosaic.com\/pt-pt\/wp-json\/wp\/v2\/product_brand?post=37883"},{"taxonomy":"product_cat","embeddable":true,"href":"https:\/\/olemosaic.com\/pt-pt\/wp-json\/wp\/v2\/product_cat?post=37883"},{"taxonomy":"product_tag","embeddable":true,"href":"https:\/\/olemosaic.com\/pt-pt\/wp-json\/wp\/v2\/product_tag?post=37883"}],"curies":[{"name":"wp","href":"https:\/\/api.w.org\/{rel}","templated":true}]}}