{"id":37880,"date":"2025-02-20T23:30:29","date_gmt":"2025-02-20T22:30:29","guid":{"rendered":"http:\/\/olemosaic.com\/producto\/bol-de-coco-fucsia-sagrada-familia-barcelona\/"},"modified":"2025-07-25T19:54:07","modified_gmt":"2025-07-25T17:54:07","slug":"taca-de-coco-fucsia-sagrada-familia-barcelona-pt-pt","status":"publish","type":"product","link":"https:\/\/olemosaic.com\/pt-pt\/produto\/taca-de-coco-fucsia-sagrada-familia-barcelona-pt-pt\/","title":{"rendered":"Ta\u00e7a de coco f\u00facsia. Sagrada Fam\u00edlia. Barcelona."},"content":{"rendered":"<p>Esta ta\u00e7a f\u00facsia de coco \u00e9 uma recorda\u00e7\u00e3o atraente que capta a ess\u00eancia de Barcelona, destacando a emblem\u00e1tica Sagrada Fam\u00edlia no seu vibrante design. Elaborada artesanalmente, apresenta um acabamento em tons f\u00facsia brilhantes que evocam a vivacidade da cidade. A decora\u00e7\u00e3o, realizada com um padr\u00e3o cer\u00e2mico, presta homenagem \u00e0 arquitetura modernista do c\u00e9lebre arquiteto Antoni Gaud\u00ed, que transformou o horizonte de Barcelona com os seus ic\u00f3nicos edif\u00edcios.<\/p>\n<p>O interior da ta\u00e7a, com um acabamento met\u00e1lico, n\u00e3o s\u00f3 confere um toque de eleg\u00e2ncia, como tamb\u00e9m reflete a luz de maneira cativante, tornando-a uma pe\u00e7a decorativa ideal. A inscri\u00e7\u00e3o &#8220;Barcelona&#8221; gravada com subtileza adiciona um detalhe distintivo que sublinha a sua liga\u00e7\u00e3o cultural, fazendo desta ta\u00e7a uma recorda\u00e7\u00e3o aut\u00eantica e representativa da cidade. Este produto \u00e9 perfeito para turistas que procuram levar um peda\u00e7o da rica heran\u00e7a cultural de Barcelona, ao mesmo tempo que adiciona cor e tradi\u00e7\u00e3o a qualquer casa.<\/p>\n<p>Na Ol\u00e9 Mosaic, somos distribuidores grossistas de recorda\u00e7\u00f5es \u00fanicas, e esta ta\u00e7a f\u00facsia de coco \u00e9 uma excelente escolha para lojas de presentes tur\u00edsticos que desejem oferecer produtos que n\u00e3o s\u00f3 sejam esteticamente agrad\u00e1veis, mas que tamb\u00e9m possuam um forte significado cultural.<\/p>\n","protected":false},"excerpt":{"rendered":"<p>Ta\u00e7a de coco f\u00facsia decorada com um vibrante design da Sagrada Fam\u00edlia de Barcelona. Elaborada artesanalmente, esta ta\u00e7a apresenta um acabamento f\u00facsia brilhante e um padr\u00e3o cer\u00e2mico que evoca a arquitetura modernista de Gaud\u00ed. O seu interior met\u00e1lico reflete a luz, real\u00e7ando a sua eleg\u00e2ncia. A inscri\u00e7\u00e3o &#8220;Barcelona&#8221; completa esta recorda\u00e7\u00e3o \u00fanica, ideal para adicionar um toque de cor e tradi\u00e7\u00e3o a qualquer casa.<\/p>\n","protected":false},"featured_media":11860,"template":"","meta":{"_acf_changed":false},"product_brand":[],"product_cat":[513],"product_tag":[],"class_list":{"0":"post-37880","1":"product","2":"type-product","3":"status-publish","4":"has-post-thumbnail","6":"product_cat-bols","7":"pa_ciudad-barcelona","8":"pa_motivo-sagrada-familia","9":"pa_pais-espana","11":"first","12":"instock","13":"shipping-taxable","14":"product-type-simple"},"acf":[],"_links":{"self":[{"href":"https:\/\/olemosaic.com\/pt-pt\/wp-json\/wp\/v2\/product\/37880","targetHints":{"allow":["GET"]}}],"collection":[{"href":"https:\/\/olemosaic.com\/pt-pt\/wp-json\/wp\/v2\/product"}],"about":[{"href":"https:\/\/olemosaic.com\/pt-pt\/wp-json\/wp\/v2\/types\/product"}],"wp:featuredmedia":[{"embeddable":true,"href":"https:\/\/olemosaic.com\/pt-pt\/wp-json\/wp\/v2\/media\/11860"}],"wp:attachment":[{"href":"https:\/\/olemosaic.com\/pt-pt\/wp-json\/wp\/v2\/media?parent=37880"}],"wp:term":[{"taxonomy":"product_brand","embeddable":true,"href":"https:\/\/olemosaic.com\/pt-pt\/wp-json\/wp\/v2\/product_brand?post=37880"},{"taxonomy":"product_cat","embeddable":true,"href":"https:\/\/olemosaic.com\/pt-pt\/wp-json\/wp\/v2\/product_cat?post=37880"},{"taxonomy":"product_tag","embeddable":true,"href":"https:\/\/olemosaic.com\/pt-pt\/wp-json\/wp\/v2\/product_tag?post=37880"}],"curies":[{"name":"wp","href":"https:\/\/api.w.org\/{rel}","templated":true}]}}