{"id":37878,"date":"2025-02-20T23:30:29","date_gmt":"2025-02-20T22:30:29","guid":{"rendered":"http:\/\/olemosaic.com\/producto\/bol-de-coco-fucsia-delfin-barcelona\/"},"modified":"2025-07-25T19:57:50","modified_gmt":"2025-07-25T17:57:50","slug":"taca-de-coco-fucsia-golfinho-barcelona-pt-pt","status":"publish","type":"product","link":"https:\/\/olemosaic.com\/pt-pt\/produto\/taca-de-coco-fucsia-golfinho-barcelona-pt-pt\/","title":{"rendered":"Ta\u00e7a de coco f\u00facsia. Golfinho. Barcelona."},"content":{"rendered":"<p>Esta ta\u00e7a de coco f\u00facsia \u00e9 um acess\u00f3rio vibrante e alegre que capta a ess\u00eancia do Mediterr\u00e2neo e a vitalidade de Barcelona. Fabricada a partir da casca de coco, exibe uma colorida ilustra\u00e7\u00e3o de golfinhos num estilo art\u00edstico pintado \u00e0 m\u00e3o, que reflete a proximidade da cidade com o oceano e o esp\u00edrito l\u00fadico dos seus habitantes. Os golfinhos, s\u00edmbolos de alegria e liberdade, est\u00e3o rodeados de delicados motivos de cora\u00e7\u00f5es que conferem um toque de calor e amor, enquanto o texto &#8220;Barcelona&#8221; se destaca com orgulho no centro da ta\u00e7a, tornando-a uma recorda\u00e7\u00e3o representativa desta ic\u00f3nica cidade.<\/p>\n<p>O acabamento f\u00facsia brilhante da ta\u00e7a n\u00e3o s\u00f3 a torna visualmente atraente, como tamb\u00e9m indica a sua autenticidade como uma recorda\u00e7\u00e3o t\u00edpica de Barcelona, ideal para quem procura levar para casa um peda\u00e7o do encanto catal\u00e3o. O seu design funcional torna-a uma excelente op\u00e7\u00e3o tanto para decorar como para utilizar em qualquer casa.<\/p>\n<p>Na Ol\u00e9 Mosaic, somos especialistas na distribui\u00e7\u00e3o de recorda\u00e7\u00f5es por grosso, e esta ta\u00e7a de coco \u00e9 uma op\u00e7\u00e3o ideal para as lojas de presentes tur\u00edsticos que desejam oferecer produtos originais e representativos da cultura espanhola. Ao escolher esta ta\u00e7a de golfinhos como parte da sua sele\u00e7\u00e3o, garantir\u00e1 aos seus clientes uma experi\u00eancia memor\u00e1vel e aut\u00eantica.<\/p>\n","protected":false},"excerpt":{"rendered":"<p>Ta\u00e7a de coco f\u00facsia, decorada com uma alegre ilustra\u00e7\u00e3o de golfinhos e motivos de cora\u00e7\u00f5es, que evoca o esp\u00edrito vibrante de Barcelona. Esta elegante ta\u00e7a, elaborada a partir da casca do coco, apresenta um design artesanal, pintado \u00e0 m\u00e3o, o que lhe confere um toque art\u00edstico e \u00fanico, ideal para qualquer casa. A palavra &#8220;Barcelona&#8221; destaca-se no centro, tornando-a uma recorda\u00e7\u00e3o perfeita desta ic\u00f3nica cidade mediterr\u00e2nica.<\/p>\n","protected":false},"featured_media":10266,"template":"","meta":{"_acf_changed":false},"product_brand":[],"product_cat":[513],"product_tag":[516],"class_list":{"0":"post-37878","1":"product","2":"type-product","3":"status-publish","4":"has-post-thumbnail","6":"product_cat-bols","7":"product_tag-animais","8":"pa_ciudad-barcelona","9":"pa_motivo-golfinhos","10":"pa_pais-espana","12":"first","13":"instock","14":"shipping-taxable","15":"product-type-simple"},"acf":[],"_links":{"self":[{"href":"https:\/\/olemosaic.com\/pt-pt\/wp-json\/wp\/v2\/product\/37878","targetHints":{"allow":["GET"]}}],"collection":[{"href":"https:\/\/olemosaic.com\/pt-pt\/wp-json\/wp\/v2\/product"}],"about":[{"href":"https:\/\/olemosaic.com\/pt-pt\/wp-json\/wp\/v2\/types\/product"}],"wp:featuredmedia":[{"embeddable":true,"href":"https:\/\/olemosaic.com\/pt-pt\/wp-json\/wp\/v2\/media\/10266"}],"wp:attachment":[{"href":"https:\/\/olemosaic.com\/pt-pt\/wp-json\/wp\/v2\/media?parent=37878"}],"wp:term":[{"taxonomy":"product_brand","embeddable":true,"href":"https:\/\/olemosaic.com\/pt-pt\/wp-json\/wp\/v2\/product_brand?post=37878"},{"taxonomy":"product_cat","embeddable":true,"href":"https:\/\/olemosaic.com\/pt-pt\/wp-json\/wp\/v2\/product_cat?post=37878"},{"taxonomy":"product_tag","embeddable":true,"href":"https:\/\/olemosaic.com\/pt-pt\/wp-json\/wp\/v2\/product_tag?post=37878"}],"curies":[{"name":"wp","href":"https:\/\/api.w.org\/{rel}","templated":true}]}}