{"id":37877,"date":"2025-02-20T23:30:29","date_gmt":"2025-02-20T22:30:29","guid":{"rendered":"http:\/\/olemosaic.com\/producto\/bol-de-coco-fucsia-flecha-camino-de-santiago-2\/"},"modified":"2025-07-25T20:21:41","modified_gmt":"2025-07-25T18:21:41","slug":"taca-de-coco-fucsia-seta-caminho-de-santiago-2-pt-pt","status":"publish","type":"product","link":"https:\/\/olemosaic.com\/pt-pt\/produto\/taca-de-coco-fucsia-seta-caminho-de-santiago-2-pt-pt\/","title":{"rendered":"Ta\u00e7a de coco f\u00facsia. Seta. Caminho de Santiago. Espanha."},"content":{"rendered":"<p>Esta ta\u00e7a de coco f\u00facsia decorada \u00e9 uma pe\u00e7a \u00fanica inspirada no emblem\u00e1tico Caminho de Santiago, ideal para quem deseja levar uma recorda\u00e7\u00e3o aut\u00eantica desta rota hist\u00f3rica. Elaborada com coco de alta qualidade, o seu vibrante design em tons f\u00facsia destaca-se pelos seus chamativos mosaicos que lhe conferem um toque contempor\u00e2neo. No interior, uma seta laranja, s\u00edmbolo de guia para os peregrinos, acompanha a inscri\u00e7\u00e3o &#8220;CAMINO DE SANTIAGO&#8221;, refor\u00e7ando a sua liga\u00e7\u00e3o com esta famosa rota de f\u00e9 e aventura.<\/p>\n<p>Esta ta\u00e7a n\u00e3o \u00e9 apenas um objeto decorativo, mas tamb\u00e9m uma express\u00e3o da rica cultura e tradi\u00e7\u00e3o que envolve o Caminho de Santiago. O seu acabamento elegante real\u00e7a a singularidade de cada pe\u00e7a, tornando-a uma lembran\u00e7a visual do calor e da espiritualidade do caminho. Perfeita para adicionar um toque de cor e tradi\u00e7\u00e3o a qualquer espa\u00e7o, esta ta\u00e7a \u00e9 uma excelente escolha para turistas e amantes de recorda\u00e7\u00f5es.<\/p>\n<p>Na Ol\u00e9 Mosaic, como distribuidores de recorda\u00e7\u00f5es por grosso, oferecemos pe\u00e7as maravilhosas como esta ta\u00e7a de coco, ideais para lojas de presentes tur\u00edsticos que procuram produtos aut\u00eanticos que liguem \u00e0 cultura espanhola. Uma recorda\u00e7\u00e3o perfeita que funde arte e tradi\u00e7\u00e3o para deleitar qualquer viajante que tenha percorrido ou que anseie explorar o Caminho de Santiago.<\/p>\n","protected":false},"excerpt":{"rendered":"<p>Ta\u00e7a de coco f\u00facsia decorada, inspirada no famoso Caminho de Santiago. Esta atraente ta\u00e7a, fabricada com material de coco, apresenta um vibrante design com mosaicos f\u00facsia e um acabamento elegante que real\u00e7a a sua singularidade. No seu interior, destaca-se uma seta laranja que guia os peregrinos, acompanhada da inscri\u00e7\u00e3o &#8220;CAMINO DE SANTIAGO&#8221;. Ideal para adicionar um toque de cor e tradi\u00e7\u00e3o a qualquer espa\u00e7o.<\/p>\n","protected":false},"featured_media":11940,"template":"","meta":{"_acf_changed":false},"product_brand":[],"product_cat":[513],"product_tag":[],"class_list":{"0":"post-37877","1":"product","2":"type-product","3":"status-publish","4":"has-post-thumbnail","6":"product_cat-bols","7":"pa_ciudad-santiago","8":"pa_motivo-setas","9":"pa_pais-espana","11":"first","12":"instock","13":"shipping-taxable","14":"product-type-simple"},"acf":[],"_links":{"self":[{"href":"https:\/\/olemosaic.com\/pt-pt\/wp-json\/wp\/v2\/product\/37877","targetHints":{"allow":["GET"]}}],"collection":[{"href":"https:\/\/olemosaic.com\/pt-pt\/wp-json\/wp\/v2\/product"}],"about":[{"href":"https:\/\/olemosaic.com\/pt-pt\/wp-json\/wp\/v2\/types\/product"}],"wp:featuredmedia":[{"embeddable":true,"href":"https:\/\/olemosaic.com\/pt-pt\/wp-json\/wp\/v2\/media\/11940"}],"wp:attachment":[{"href":"https:\/\/olemosaic.com\/pt-pt\/wp-json\/wp\/v2\/media?parent=37877"}],"wp:term":[{"taxonomy":"product_brand","embeddable":true,"href":"https:\/\/olemosaic.com\/pt-pt\/wp-json\/wp\/v2\/product_brand?post=37877"},{"taxonomy":"product_cat","embeddable":true,"href":"https:\/\/olemosaic.com\/pt-pt\/wp-json\/wp\/v2\/product_cat?post=37877"},{"taxonomy":"product_tag","embeddable":true,"href":"https:\/\/olemosaic.com\/pt-pt\/wp-json\/wp\/v2\/product_tag?post=37877"}],"curies":[{"name":"wp","href":"https:\/\/api.w.org\/{rel}","templated":true}]}}