{"id":37876,"date":"2025-02-20T22:30:28","date_gmt":"2025-02-20T22:30:28","guid":{"rendered":"http:\/\/olemosaic.com\/producto\/bol-de-coco-fucsia-isla-mallorca\/"},"modified":"2025-07-25T18:54:28","modified_gmt":"2025-07-25T16:54:28","slug":"taca-de-coco-fucsia-ilha-maiorca-pt-pt","status":"publish","type":"product","link":"https:\/\/olemosaic.com\/pt-pt\/produto\/taca-de-coco-fucsia-ilha-maiorca-pt-pt\/","title":{"rendered":"Ta\u00e7a de coco f\u00facsia. Ilha. Maiorca."},"content":{"rendered":"<p>Esta ta\u00e7a de coco f\u00facsia decorada \u00e9 uma recorda\u00e7\u00e3o encantadora e vibrante que capta a ess\u00eancia da bela ilha de Maiorca. Com um interior chamativo em tons f\u00facsia, esta ta\u00e7a apresenta um design \u00fanico que inclui a silhueta da ilha, complementada com a palavra &#8220;MALLORCA&#8221; em letras brancas, o que a torna uma recorda\u00e7\u00e3o distintiva para quem visitou este para\u00edso mediterr\u00e2nico. Os bordos da ta\u00e7a s\u00e3o elaborados com um acabamento de coco natural, que proporciona um contraste encantador que real\u00e7a o seu apelo est\u00e9tico. Esta ta\u00e7a n\u00e3o \u00e9 apenas elegante, mas tamb\u00e9m vers\u00e1til, ideal para servir pequenos aperitivos ou como pe\u00e7a decorativa em qualquer casa, conferindo um toque modernista \u00e0 decora\u00e7\u00e3o. Al\u00e9m do seu estilo contempor\u00e2neo, esta recorda\u00e7\u00e3o representa a rica cultura e beleza natural de Maiorca, o que aumenta o seu valor como uma recorda\u00e7\u00e3o representativa da ilha. Na Ol\u00e9 Mosaic, especializamo-nos na distribui\u00e7\u00e3o de recorda\u00e7\u00f5es por grosso, oferecendo lembran\u00e7as aut\u00eanticas que destacam a riqueza cultural de destinos tur\u00edsticos. Esta ta\u00e7a de coco f\u00facsia \u00e9 uma excelente op\u00e7\u00e3o para lojas de presentes que procuram produtos excecionais relacionados com Maiorca, proporcionando qualidade e um toque mediterr\u00e2nico ao seu cat\u00e1logo.<\/p>\n","protected":false},"excerpt":{"rendered":"<p>Ta\u00e7a de coco f\u00facsia decorada, inspirada na ilha de Maiorca. Esta elegante ta\u00e7a apresenta um vibrante interior f\u00facsia, real\u00e7ado com um design que inclui a silhueta da ilha e o nome &#8220;MALLORCA&#8221; em letras brancas. Os bordos t\u00eam acabamento em coco natural, criando um contraste encantador. Ideal tanto para uso decorativo como para servir aperitivos, esta ta\u00e7a capta a ess\u00eancia mediterr\u00e2nica com um toque moderno.<\/p>\n","protected":false},"featured_media":11770,"template":"","meta":{"_acf_changed":false},"product_brand":[],"product_cat":[513],"product_tag":[],"class_list":{"0":"post-37876","1":"product","2":"type-product","3":"status-publish","4":"has-post-thumbnail","6":"product_cat-bols","7":"pa_ciudad-mallorca","8":"pa_motivo-ilhas","9":"pa_pais-espana","11":"first","12":"instock","13":"shipping-taxable","14":"product-type-simple"},"acf":[],"_links":{"self":[{"href":"https:\/\/olemosaic.com\/pt-pt\/wp-json\/wp\/v2\/product\/37876","targetHints":{"allow":["GET"]}}],"collection":[{"href":"https:\/\/olemosaic.com\/pt-pt\/wp-json\/wp\/v2\/product"}],"about":[{"href":"https:\/\/olemosaic.com\/pt-pt\/wp-json\/wp\/v2\/types\/product"}],"wp:featuredmedia":[{"embeddable":true,"href":"https:\/\/olemosaic.com\/pt-pt\/wp-json\/wp\/v2\/media\/11770"}],"wp:attachment":[{"href":"https:\/\/olemosaic.com\/pt-pt\/wp-json\/wp\/v2\/media?parent=37876"}],"wp:term":[{"taxonomy":"product_brand","embeddable":true,"href":"https:\/\/olemosaic.com\/pt-pt\/wp-json\/wp\/v2\/product_brand?post=37876"},{"taxonomy":"product_cat","embeddable":true,"href":"https:\/\/olemosaic.com\/pt-pt\/wp-json\/wp\/v2\/product_cat?post=37876"},{"taxonomy":"product_tag","embeddable":true,"href":"https:\/\/olemosaic.com\/pt-pt\/wp-json\/wp\/v2\/product_tag?post=37876"}],"curies":[{"name":"wp","href":"https:\/\/api.w.org\/{rel}","templated":true}]}}