{"id":37872,"date":"2025-02-20T22:30:25","date_gmt":"2025-02-20T22:30:25","guid":{"rendered":"http:\/\/olemosaic.com\/producto\/bol-de-coco-fucsia-isla-tenerife\/"},"modified":"2025-07-25T20:34:26","modified_gmt":"2025-07-25T18:34:26","slug":"taca-de-coco-fucsia-ilha-tenerife-pt-pt","status":"publish","type":"product","link":"https:\/\/olemosaic.com\/pt-pt\/produto\/taca-de-coco-fucsia-ilha-tenerife-pt-pt\/","title":{"rendered":"Ta\u00e7a de coco f\u00facsia. Ilha. Tenerife."},"content":{"rendered":"<p>Esta ta\u00e7a de coco f\u00facsia vibrante \u00e9 uma aut\u00eantica homenagem ao esplendor de Tenerife, desenhada para evocar a ess\u00eancia tropical e colorida do arquip\u00e9lago can\u00e1rio. Elaborada a partir de casca de coco, apresenta um acabamento brilhante que, al\u00e9m de a embelezar, real\u00e7a a silhueta da ilha no centro, acompanhada por um mosaico esfumado que joga com tons e texturas. O seu design atraente e audaz torna-a uma pe\u00e7a vers\u00e1til, ideal tanto para servir aperitivos como para adicionar um toque decorativo a qualquer espa\u00e7o, recordando aos visitantes a beleza de Tenerife.<\/p>\n<p>Esta ta\u00e7a n\u00e3o \u00e9 apenas um objeto utilit\u00e1rio espl\u00eandido; \u00e9 um s\u00edmbolo da arte tradicional can\u00e1ria, que reflete a rica heran\u00e7a cultural das Ilhas Can\u00e1rias. As cores brilhantes e os detalhes art\u00edsticos da ta\u00e7a de coco f\u00facsia tornam-na uma recorda\u00e7\u00e3o memor\u00e1vel, perfeita para os turistas que desejam capturar um peda\u00e7o da sua experi\u00eancia na ilha. Na Ol\u00e9 Mosaic compreendemos a import\u00e2ncia das recorda\u00e7\u00f5es aut\u00eanticas, e esta ta\u00e7a representa a fus\u00e3o ideal de funcionalidade e tradi\u00e7\u00e3o. Como grossistas de recorda\u00e7\u00f5es, oferecemos produtos que se destacam pela sua qualidade e singularidade, o que torna esta ta\u00e7a uma excelente op\u00e7\u00e3o para as lojas de presentes tur\u00edsticos que desejem apresentar aos seus clientes uma aut\u00eantica joia de Tenerife.<\/p>\n","protected":false},"excerpt":{"rendered":"<p>Ta\u00e7a de coco num vibrante tom f\u00facsia que evoca Tenerife. Esta elegante ta\u00e7a, feita com casca de coco, exibe um acabamento brilhante e um design que real\u00e7a a silhueta da ilha no centro. Com detalhes num mosaico esfumado, captura a ess\u00eancia tropical e colorida de Tenerife. Ideal para servir aperitivos ou como elemento decorativo, evocar\u00e1 o encanto can\u00e1rio em qualquer espa\u00e7o.<\/p>\n","protected":false},"featured_media":11790,"template":"","meta":{"_acf_changed":false},"product_brand":[],"product_cat":[513],"product_tag":[],"class_list":{"0":"post-37872","1":"product","2":"type-product","3":"status-publish","4":"has-post-thumbnail","6":"product_cat-bols","7":"pa_ciudad-tenerife","8":"pa_motivo-ilhas","9":"pa_pais-espana","11":"first","12":"instock","13":"shipping-taxable","14":"product-type-simple"},"acf":[],"_links":{"self":[{"href":"https:\/\/olemosaic.com\/pt-pt\/wp-json\/wp\/v2\/product\/37872","targetHints":{"allow":["GET"]}}],"collection":[{"href":"https:\/\/olemosaic.com\/pt-pt\/wp-json\/wp\/v2\/product"}],"about":[{"href":"https:\/\/olemosaic.com\/pt-pt\/wp-json\/wp\/v2\/types\/product"}],"wp:featuredmedia":[{"embeddable":true,"href":"https:\/\/olemosaic.com\/pt-pt\/wp-json\/wp\/v2\/media\/11790"}],"wp:attachment":[{"href":"https:\/\/olemosaic.com\/pt-pt\/wp-json\/wp\/v2\/media?parent=37872"}],"wp:term":[{"taxonomy":"product_brand","embeddable":true,"href":"https:\/\/olemosaic.com\/pt-pt\/wp-json\/wp\/v2\/product_brand?post=37872"},{"taxonomy":"product_cat","embeddable":true,"href":"https:\/\/olemosaic.com\/pt-pt\/wp-json\/wp\/v2\/product_cat?post=37872"},{"taxonomy":"product_tag","embeddable":true,"href":"https:\/\/olemosaic.com\/pt-pt\/wp-json\/wp\/v2\/product_tag?post=37872"}],"curies":[{"name":"wp","href":"https:\/\/api.w.org\/{rel}","templated":true}]}}