{"id":37871,"date":"2025-02-20T22:30:24","date_gmt":"2025-02-20T22:30:24","guid":{"rendered":"http:\/\/olemosaic.com\/producto\/bol-de-coco-fucsia-caballito-de-mar-barcelona\/"},"modified":"2025-07-25T18:43:30","modified_gmt":"2025-07-25T16:43:30","slug":"taca-de-coco-fucsia-cavalo-marinho-barcelona-pt-pt","status":"publish","type":"product","link":"https:\/\/olemosaic.com\/pt-pt\/produto\/taca-de-coco-fucsia-cavalo-marinho-barcelona-pt-pt\/","title":{"rendered":"Ta\u00e7a de coco f\u00facsia. Cavalo-marinho. Barcelona."},"content":{"rendered":"<p>Esta ta\u00e7a de coco f\u00facsia vibrante \u00e9 uma recorda\u00e7\u00e3o requintada de Barcelona, que alia funcionalidade e um apelo decorativo \u00fanico. O seu design org\u00e2nico e acabamento brilhante tornam-na uma pe\u00e7a central ideal para qualquer mesa. No seu interior, destaca-se um encantador cavalo-marinho, s\u00edmbolo ic\u00f3nico da fauna marinha catal\u00e3, juntamente com a palavra &#8220;Barcelona&#8221;, que evoca a ess\u00eancia desta cidade vibrante.<\/p>\n<p>A superf\u00edcie da ta\u00e7a apresenta uma s\u00e9rie de cora\u00e7\u00f5es em tons complementares, que acrescentam um toque festivo e colorido, perfeito para alegrar qualquer ambiente. Esta ta\u00e7a n\u00e3o \u00e9 apenas um objeto decorativo, mas tamb\u00e9m uma recorda\u00e7\u00e3o representativa da liga\u00e7\u00e3o cultural de Barcelona com o mar e a alegria das suas gentes.<\/p>\n<p>Como grossista de recorda\u00e7\u00f5es, na Ol\u00e9 Mosaic oferecemos uma sele\u00e7\u00e3o cuidadosamente curada de produtos aut\u00eanticos que celebram a riqueza cultural de Espanha. Esta ta\u00e7a de coco f\u00facsia \u00e9 uma excelente op\u00e7\u00e3o para lojas de presentes tur\u00edsticos que procuram um artigo \u00fanico e significativo que capture a ess\u00eancia de Barcelona, tornando-o o presente perfeito para turistas que desejem levar consigo um peda\u00e7o da cidade.<\/p>\n","protected":false},"excerpt":{"rendered":"<p>Ta\u00e7a de coco num f\u00facsia vibrante, decorada com um cavalo-marinho e a palavra &#8220;Barcelona&#8221;, que evoca a ess\u00eancia da cidade. Esta atraente ta\u00e7a apresenta um design org\u00e2nico com um acabamento brilhante, ideal para decorar ou como centro de mesa. A sua superf\u00edcie mostra uma s\u00e9rie de cora\u00e7\u00f5es em tons complementares, que conferem um toque festivo e colorido. Um presente perfeito que captura a cultura e o esp\u00edrito barcelon\u00eas.<\/p>\n","protected":false},"featured_media":10254,"template":"","meta":{"_acf_changed":false},"product_brand":[],"product_cat":[513],"product_tag":[516],"class_list":{"0":"post-37871","1":"product","2":"type-product","3":"status-publish","4":"has-post-thumbnail","6":"product_cat-bols","7":"product_tag-animais","8":"pa_ciudad-barcelona","9":"pa_motivo-cavalos-marinhos","10":"pa_pais-espana","12":"first","13":"instock","14":"shipping-taxable","15":"product-type-simple"},"acf":[],"_links":{"self":[{"href":"https:\/\/olemosaic.com\/pt-pt\/wp-json\/wp\/v2\/product\/37871","targetHints":{"allow":["GET"]}}],"collection":[{"href":"https:\/\/olemosaic.com\/pt-pt\/wp-json\/wp\/v2\/product"}],"about":[{"href":"https:\/\/olemosaic.com\/pt-pt\/wp-json\/wp\/v2\/types\/product"}],"wp:featuredmedia":[{"embeddable":true,"href":"https:\/\/olemosaic.com\/pt-pt\/wp-json\/wp\/v2\/media\/10254"}],"wp:attachment":[{"href":"https:\/\/olemosaic.com\/pt-pt\/wp-json\/wp\/v2\/media?parent=37871"}],"wp:term":[{"taxonomy":"product_brand","embeddable":true,"href":"https:\/\/olemosaic.com\/pt-pt\/wp-json\/wp\/v2\/product_brand?post=37871"},{"taxonomy":"product_cat","embeddable":true,"href":"https:\/\/olemosaic.com\/pt-pt\/wp-json\/wp\/v2\/product_cat?post=37871"},{"taxonomy":"product_tag","embeddable":true,"href":"https:\/\/olemosaic.com\/pt-pt\/wp-json\/wp\/v2\/product_tag?post=37871"}],"curies":[{"name":"wp","href":"https:\/\/api.w.org\/{rel}","templated":true}]}}