{"id":37870,"date":"2025-02-20T23:30:24","date_gmt":"2025-02-20T22:30:24","guid":{"rendered":"http:\/\/olemosaic.com\/producto\/bol-de-coco-rojo-caballito-de-mar-mallorca\/"},"modified":"2025-07-25T19:24:28","modified_gmt":"2025-07-25T17:24:28","slug":"taca-de-coco-vermelha-cavalo-marinho-maiorca-pt-pt","status":"publish","type":"product","link":"https:\/\/olemosaic.com\/pt-pt\/produto\/taca-de-coco-vermelha-cavalo-marinho-maiorca-pt-pt\/","title":{"rendered":"Ta\u00e7a de coco vermelha. Cavalo-marinho. Maiorca."},"content":{"rendered":"<p>Esta vibrante ta\u00e7a de coco vermelha \u00e9 uma pe\u00e7a artesanal \u00fanica que captura a ess\u00eancia da beleza marinha de Maiorca. Elaborada cuidadosamente com aut\u00eantica casca de coco, destaca-se pelo seu elegante design pintado \u00e0 m\u00e3o, onde os tons dourados se entrela\u00e7am com vermelhos vivos, criando um efeito visual atrativo que evoca as cores do p\u00f4r do sol na ilha. No centro, o log\u00f3tipo &#8220;MALLORCA&#8221; est\u00e1 gravado com precis\u00e3o, acrescentando um toque distintivo a este souvenir que \u00e9, ao mesmo tempo, funcional e decorativo. O motivo do cavalo-marinho, s\u00edmbolo da fauna marinha maiorquina, real\u00e7a a liga\u00e7\u00e3o cultural com a regi\u00e3o, simbolizando a riqueza do seu ecossistema marinho. Esta ta\u00e7a \u00e9 ideal para turistas que procuram recorda\u00e7\u00f5es aut\u00eanticas da sua visita, oferecendo uma representa\u00e7\u00e3o tang\u00edvel da ilha e da sua heran\u00e7a artesanal. Na Ol\u00e9 Mosaic, orgulhamo-nos de ser distribuidores de souvenirs por grosso, e esta ta\u00e7a de coco \u00e9 uma excelente adi\u00e7\u00e3o para lojas de presentes tur\u00edsticos que desejem oferecer produtos aut\u00eanticos e significativos. Como grossistas de souvenirs de Maiorca, garantimos a qualidade e a originalidade em cada pe\u00e7a.<\/p>\n","protected":false},"excerpt":{"rendered":"<p>Ta\u00e7a de coco num vermelho vibrante, adornada com um elegante design de cavalo-marinho, que representa a beleza marinha de Maiorca. Esta ta\u00e7a artesanal, feita com uma aut\u00eantica casca de coco, destaca-se pelo seu acabamento de design artesanal, pintado \u00e0 m\u00e3o, em tons dourados e vermelhos, criando um efeito visual atrativo. O log\u00f3tipo &#8220;MALLORCA&#8221; est\u00e1 gravado no centro, acrescentando um toque distintivo a esta recorda\u00e7\u00e3o \u00fanica que captura a ess\u00eancia da ilha.<\/p>\n","protected":false},"featured_media":10132,"template":"","meta":{"_acf_changed":false},"product_brand":[],"product_cat":[513],"product_tag":[516],"class_list":{"0":"post-37870","1":"product","2":"type-product","3":"status-publish","4":"has-post-thumbnail","6":"product_cat-bols","7":"product_tag-animais","8":"pa_ciudad-mallorca","9":"pa_motivo-cavalos-marinhos","10":"pa_pais-espana","12":"first","13":"instock","14":"shipping-taxable","15":"product-type-simple"},"acf":[],"_links":{"self":[{"href":"https:\/\/olemosaic.com\/pt-pt\/wp-json\/wp\/v2\/product\/37870","targetHints":{"allow":["GET"]}}],"collection":[{"href":"https:\/\/olemosaic.com\/pt-pt\/wp-json\/wp\/v2\/product"}],"about":[{"href":"https:\/\/olemosaic.com\/pt-pt\/wp-json\/wp\/v2\/types\/product"}],"wp:featuredmedia":[{"embeddable":true,"href":"https:\/\/olemosaic.com\/pt-pt\/wp-json\/wp\/v2\/media\/10132"}],"wp:attachment":[{"href":"https:\/\/olemosaic.com\/pt-pt\/wp-json\/wp\/v2\/media?parent=37870"}],"wp:term":[{"taxonomy":"product_brand","embeddable":true,"href":"https:\/\/olemosaic.com\/pt-pt\/wp-json\/wp\/v2\/product_brand?post=37870"},{"taxonomy":"product_cat","embeddable":true,"href":"https:\/\/olemosaic.com\/pt-pt\/wp-json\/wp\/v2\/product_cat?post=37870"},{"taxonomy":"product_tag","embeddable":true,"href":"https:\/\/olemosaic.com\/pt-pt\/wp-json\/wp\/v2\/product_tag?post=37870"}],"curies":[{"name":"wp","href":"https:\/\/api.w.org\/{rel}","templated":true}]}}