{"id":37869,"date":"2025-02-20T23:30:24","date_gmt":"2025-02-20T22:30:24","guid":{"rendered":"http:\/\/olemosaic.com\/producto\/bol-de-coco-naranja-bailaora\/"},"modified":"2025-07-25T20:25:21","modified_gmt":"2025-07-25T18:25:21","slug":"taca-de-coco-laranja-bailarina-flamenco","status":"publish","type":"product","link":"https:\/\/olemosaic.com\/pt-pt\/produto\/taca-de-coco-laranja-bailarina-flamenco\/","title":{"rendered":"Ta\u00e7a de coco laranja. Bailarina de Flamenco."},"content":{"rendered":"<p>Esta ta\u00e7a de coco, de uma cor laranja vibrante, \u00e9 uma aut\u00eantica joia do folclore espanhol, ideal para quem procura souvenirs representativos da cultura andaluza. No centro da ta\u00e7a destaca-se o design de uma bailarina de flamenco, que captura a energia e a paix\u00e3o do flamenco. O seu acabamento polido real\u00e7a a riqueza do material e a aten\u00e7\u00e3o ao detalhe, enquanto os delicados adornos em branco contrastam maravilhosamente com o fundo laranja, evocando a vivacidade da tradi\u00e7\u00e3o flamenca.<\/p>\n<p>O interior da ta\u00e7a apresenta um belo padr\u00e3o de mosaico, que n\u00e3o s\u00f3 acrescenta textura, mas tamb\u00e9m confere um ar quente e acolhedor, tornando-a numa pe\u00e7a decorativa vers\u00e1til e encantadora para qualquer lar. A sua forma redonda torna-a perfeita tanto para servir aperitivos como para adornar uma estante ou uma mesa, tornando-a num elemento essencial para quem aprecia a est\u00e9tica e a funcionalidade.<\/p>\n<p>Esta ta\u00e7a de coco n\u00e3o \u00e9 apenas uma recorda\u00e7\u00e3o, mas um aut\u00eantico s\u00edmbolo da cultura espanhola, ideal para turistas que desejam levar um peda\u00e7o da rica heran\u00e7a andaluza. Na Ol\u00e9 Mosaic, oferecemos este e outros souvenirs de alta qualidade por grosso, perfeitos para lojas de presentes tur\u00edsticos que desejam oferecer produtos aut\u00eanticos e representativos. Como distribuidores de artigos t\u00edpicos, garantimos que cada ta\u00e7a de coco reflete a ess\u00eancia do folclore espanhol e o artesanato \u00fanico da sua elabora\u00e7\u00e3o.<\/p>\n","protected":false},"excerpt":{"rendered":"<p>Ta\u00e7a de coco de uma cor laranja vibrante, com um design muito especial de uma bailarina de flamenco no centro. Esta atrativa ta\u00e7a, feita de coco, apresenta um acabamento polido e detalhes em branco que evocam a arte flamenca. O interior, com um padr\u00e3o de mosaico, acrescenta textura e calor, enquanto a sua forma redonda a torna num elemento decorativo ideal para qualquer lar. Perfeita para servir aperitivos ou simplesmente como pe\u00e7a decorativa, reflete a ess\u00eancia do folclore espanhol.<\/p>\n","protected":false},"featured_media":12030,"template":"","meta":{"_acf_changed":false},"product_brand":[],"product_cat":[513],"product_tag":[],"class_list":{"0":"post-37869","1":"product","2":"type-product","3":"status-publish","4":"has-post-thumbnail","6":"product_cat-bols","7":"pa_motivo-dancarinos","9":"first","10":"instock","11":"shipping-taxable","12":"product-type-simple"},"acf":[],"_links":{"self":[{"href":"https:\/\/olemosaic.com\/pt-pt\/wp-json\/wp\/v2\/product\/37869","targetHints":{"allow":["GET"]}}],"collection":[{"href":"https:\/\/olemosaic.com\/pt-pt\/wp-json\/wp\/v2\/product"}],"about":[{"href":"https:\/\/olemosaic.com\/pt-pt\/wp-json\/wp\/v2\/types\/product"}],"wp:featuredmedia":[{"embeddable":true,"href":"https:\/\/olemosaic.com\/pt-pt\/wp-json\/wp\/v2\/media\/12030"}],"wp:attachment":[{"href":"https:\/\/olemosaic.com\/pt-pt\/wp-json\/wp\/v2\/media?parent=37869"}],"wp:term":[{"taxonomy":"product_brand","embeddable":true,"href":"https:\/\/olemosaic.com\/pt-pt\/wp-json\/wp\/v2\/product_brand?post=37869"},{"taxonomy":"product_cat","embeddable":true,"href":"https:\/\/olemosaic.com\/pt-pt\/wp-json\/wp\/v2\/product_cat?post=37869"},{"taxonomy":"product_tag","embeddable":true,"href":"https:\/\/olemosaic.com\/pt-pt\/wp-json\/wp\/v2\/product_tag?post=37869"}],"curies":[{"name":"wp","href":"https:\/\/api.w.org\/{rel}","templated":true}]}}