{"id":37867,"date":"2025-02-20T23:30:24","date_gmt":"2025-02-20T22:30:24","guid":{"rendered":"http:\/\/olemosaic.com\/producto\/bol-de-coco-naranja-mariposa\/"},"modified":"2025-07-25T19:30:15","modified_gmt":"2025-07-25T17:30:15","slug":"taca-de-coco-laranja-borboleta-pt-pt-2","status":"publish","type":"product","link":"https:\/\/olemosaic.com\/pt-pt\/produto\/taca-de-coco-laranja-borboleta-pt-pt-2\/","title":{"rendered":"Ta\u00e7a de coco laranja. Borboleta."},"content":{"rendered":"<p>Esta ta\u00e7a de coco de cor laranja vibrante \u00e9 um exemplo requintado do artesanato mediterr\u00e2nico, ideal para quem procura uma recorda\u00e7\u00e3o aut\u00eantica da regi\u00e3o. Decorada artesanalmente com cascas de coco, cada pe\u00e7a destaca-se pela sua textura natural e um acabamento \u00fanico que a torna num objeto de decora\u00e7\u00e3o singular. No centro, um sofisticado design de borboleta simboliza a beleza da natureza e atrai a aten\u00e7\u00e3o de qualquer espetador. Os detalhes em forma de renda que adornam o contorno da ta\u00e7a criam um efeito visual encantador, real\u00e7ando o seu atrativo geral.<\/p>\n<p>Esta ta\u00e7a n\u00e3o s\u00f3 \u00e9 \u00fatil para guardar pequenos objetos ou como centro de mesa, mas tamb\u00e9m representa um bonito souvenir que captura a ess\u00eancia da arte e da cultura mediterr\u00e2nica. A cor laranja vibrante evoca o calor do sol, enquanto o design de borboleta remete para a rica biodiversidade da regi\u00e3o. Na Ol\u00e9 Mosaic, somos distribuidores de souvenirs de qualidade e esta ta\u00e7a \u00e9 uma excelente op\u00e7\u00e3o para lojas de presentes tur\u00edsticos que procuram produtos aut\u00eanticos e com relev\u00e2ncia cultural. Ofere\u00e7a aos seus clientes a oportunidade de levar para casa um peda\u00e7o do encanto mediterr\u00e2nico com esta impressionante ta\u00e7a de coco.<\/p>\n","protected":false},"excerpt":{"rendered":"<p>Ta\u00e7a de coco numa cor laranja vibrante, adornada com um sofisticado design de borboleta no centro. Este precioso artigo, elaborado \u00e0 m\u00e3o com cascas de coco, oferece uma textura natural e um acabamento \u00fanico. O seu contorno apresenta detalhes em forma de renda, criando um efeito visual encantador. Ideal para conferir um toque de cor e estilo a qualquer espa\u00e7o, evocando a beleza da natureza. Uma recorda\u00e7\u00e3o atrativa que reflete a arte e a cultura mediterr\u00e2nica.<\/p>\n","protected":false},"featured_media":13395,"template":"","meta":{"_acf_changed":false},"product_brand":[],"product_cat":[513],"product_tag":[516],"class_list":{"0":"post-37867","1":"product","2":"type-product","3":"status-publish","4":"has-post-thumbnail","6":"product_cat-bols","7":"product_tag-animais","8":"pa_motivo-borboletas","10":"first","11":"instock","12":"shipping-taxable","13":"product-type-simple"},"acf":[],"_links":{"self":[{"href":"https:\/\/olemosaic.com\/pt-pt\/wp-json\/wp\/v2\/product\/37867","targetHints":{"allow":["GET"]}}],"collection":[{"href":"https:\/\/olemosaic.com\/pt-pt\/wp-json\/wp\/v2\/product"}],"about":[{"href":"https:\/\/olemosaic.com\/pt-pt\/wp-json\/wp\/v2\/types\/product"}],"wp:featuredmedia":[{"embeddable":true,"href":"https:\/\/olemosaic.com\/pt-pt\/wp-json\/wp\/v2\/media\/13395"}],"wp:attachment":[{"href":"https:\/\/olemosaic.com\/pt-pt\/wp-json\/wp\/v2\/media?parent=37867"}],"wp:term":[{"taxonomy":"product_brand","embeddable":true,"href":"https:\/\/olemosaic.com\/pt-pt\/wp-json\/wp\/v2\/product_brand?post=37867"},{"taxonomy":"product_cat","embeddable":true,"href":"https:\/\/olemosaic.com\/pt-pt\/wp-json\/wp\/v2\/product_cat?post=37867"},{"taxonomy":"product_tag","embeddable":true,"href":"https:\/\/olemosaic.com\/pt-pt\/wp-json\/wp\/v2\/product_tag?post=37867"}],"curies":[{"name":"wp","href":"https:\/\/api.w.org\/{rel}","templated":true}]}}