{"id":37866,"date":"2025-02-20T22:30:24","date_gmt":"2025-02-20T22:30:24","guid":{"rendered":"http:\/\/olemosaic.com\/producto\/bol-de-coco-fucsia-caballito-de-mar-gran-canaria\/"},"modified":"2025-07-25T18:59:47","modified_gmt":"2025-07-25T16:59:47","slug":"taca-de-coco-fucsia-cavalo-marinho-gran-canaria-pt-pt","status":"publish","type":"product","link":"https:\/\/olemosaic.com\/pt-pt\/produto\/taca-de-coco-fucsia-cavalo-marinho-gran-canaria-pt-pt\/","title":{"rendered":"Ta\u00e7a de coco f\u00facsia. Cavalo-marinho. Gran Canaria."},"content":{"rendered":"<p>Esta ta\u00e7a de coco num vibrante f\u00facsia \u00e9 um aut\u00eantico tesouro artesanal que captura a ess\u00eancia do oceano de Gran Canaria. Elaborada com materiais naturais, a ta\u00e7a destaca-se pelo seu acabamento polido e brilhante, que real\u00e7a os intrincados detalhes do seu design. No centro, a inscri\u00e7\u00e3o &#8220;GRAN CANARIA&#8221; acrescenta um toque de autenticidade, enquanto dois cavalos-marinhos se entrela\u00e7am num abra\u00e7o encantador, simbolizando o amor e a beleza do mundo marinho. Rodeando a ilustra\u00e7\u00e3o, uma delicada moldura de cora\u00e7\u00f5es em tons brilhantes complementa o conjunto, tornando esta ta\u00e7a num artigo decorativo e funcional.<\/p>\n<p>Perfeita para usar \u00e0 mesa ou simplesmente como pe\u00e7a decorativa, esta ta\u00e7a de coco \u00e9 uma excelente recorda\u00e7\u00e3o que lembrar\u00e1 aos turistas o calor e a diversidade que Gran Canaria oferece. A liga\u00e7\u00e3o cultural \u00e9 profunda, j\u00e1 que os cavalos-marinhos s\u00e3o emblem\u00e1ticos do ambiente marinho do arquip\u00e9lago, tornando este elemento numa recorda\u00e7\u00e3o representativa e significativa do destino. Na Ol\u00e9 Mosaic, especializamo-nos na distribui\u00e7\u00e3o de recorda\u00e7\u00f5es de Gran Canaria por grosso, assegurando produtos aut\u00eanticos e de qualidade para as lojas de presentes tur\u00edsticos. Esta ta\u00e7a de coco \u00e9, sem d\u00favida, uma op\u00e7\u00e3o ideal para aqueles que procuram encapsular a beleza e o esp\u00edrito das Ilhas Can\u00e1rias.<\/p>\n","protected":false},"excerpt":{"rendered":"<p>Ta\u00e7a de coco em vibrante f\u00facsia, adornada com o design de dois cavalos-marinhos, que evocam a beleza do oceano de Gran Canaria. Esta encantadora ta\u00e7a apresenta um acabamento polido com detalhes brilhantes e uma moldura decorativa de cora\u00e7\u00f5es, ideal para uso decorativo ou funcional. A inscri\u00e7\u00e3o &#8220;GRAN CANARIA&#8221; destaca-se no centro, acrescentando um toque de autenticidade e atrativo a este souvenir \u00fanico.<\/p>\n","protected":false},"featured_media":10250,"template":"","meta":{"_acf_changed":false},"product_brand":[],"product_cat":[513],"product_tag":[516],"class_list":{"0":"post-37866","1":"product","2":"type-product","3":"status-publish","4":"has-post-thumbnail","6":"product_cat-bols","7":"product_tag-animais","8":"pa_ciudad-gran-canaria","9":"pa_motivo-cavalos-marinhos","10":"pa_pais-espana","12":"first","13":"instock","14":"shipping-taxable","15":"product-type-simple"},"acf":[],"_links":{"self":[{"href":"https:\/\/olemosaic.com\/pt-pt\/wp-json\/wp\/v2\/product\/37866","targetHints":{"allow":["GET"]}}],"collection":[{"href":"https:\/\/olemosaic.com\/pt-pt\/wp-json\/wp\/v2\/product"}],"about":[{"href":"https:\/\/olemosaic.com\/pt-pt\/wp-json\/wp\/v2\/types\/product"}],"wp:featuredmedia":[{"embeddable":true,"href":"https:\/\/olemosaic.com\/pt-pt\/wp-json\/wp\/v2\/media\/10250"}],"wp:attachment":[{"href":"https:\/\/olemosaic.com\/pt-pt\/wp-json\/wp\/v2\/media?parent=37866"}],"wp:term":[{"taxonomy":"product_brand","embeddable":true,"href":"https:\/\/olemosaic.com\/pt-pt\/wp-json\/wp\/v2\/product_brand?post=37866"},{"taxonomy":"product_cat","embeddable":true,"href":"https:\/\/olemosaic.com\/pt-pt\/wp-json\/wp\/v2\/product_cat?post=37866"},{"taxonomy":"product_tag","embeddable":true,"href":"https:\/\/olemosaic.com\/pt-pt\/wp-json\/wp\/v2\/product_tag?post=37866"}],"curies":[{"name":"wp","href":"https:\/\/api.w.org\/{rel}","templated":true}]}}