{"id":37865,"date":"2025-02-20T23:30:18","date_gmt":"2025-02-20T22:30:18","guid":{"rendered":"http:\/\/olemosaic.com\/producto\/bol-de-coco-de-corazones-sagrada-familia-barcelona\/"},"modified":"2025-07-25T19:23:07","modified_gmt":"2025-07-25T17:23:07","slug":"taca-de-coco-de-coracoes-sagrada-familia-barcelona-pt-pt","status":"publish","type":"product","link":"https:\/\/olemosaic.com\/pt-pt\/produto\/taca-de-coco-de-coracoes-sagrada-familia-barcelona-pt-pt\/","title":{"rendered":"Ta\u00e7a de coco de cora\u00e7\u00f5es. Sagrada Fam\u00edlia. Barcelona."},"content":{"rendered":"<p>Esta ta\u00e7a de coco decorada \u00e9 uma pe\u00e7a emblem\u00e1tica que captura a ess\u00eancia de Barcelona, gra\u00e7as ao seu vibrante design repleto de cora\u00e7\u00f5es. Com um mosaico elaborado de forma artesanal, esta requintada ta\u00e7a apresenta uma combina\u00e7\u00e3o de coloridos tons azuis, laranjas e brancos, criando um efeito visual atrativo que se destaca em qualquer espa\u00e7o. No centro, encontra-se a silhueta estilizada da Sagrada Fam\u00edlia, rodeada pela palavra &#8220;Barcelona&#8221;, uma recorda\u00e7\u00e3o perfeita da rica heran\u00e7a cultural da cidade. Esta ta\u00e7a n\u00e3o tem apenas uma fun\u00e7\u00e3o decorativa, mas tamb\u00e9m \u00e9 ideal para o uso di\u00e1rio, conferindo um toque de autenticidade e encanto \u00e0 mesa.<\/p>\n<p>A Sagrada Fam\u00edlia, desenhada pelo famoso arquiteto Antoni Gaud\u00ed, \u00e9 um s\u00edmbolo ic\u00f3nico de Barcelona e representa a fus\u00e3o da arte e da arquitetura catal\u00e3. Esta ta\u00e7a \u00e9 uma magn\u00edfica recorda\u00e7\u00e3o que reflete a criatividade e o esp\u00edrito vibrante da cidade. Na Ol\u00e9 Mosaic, dedicamo-nos \u00e0 distribui\u00e7\u00e3o de recorda\u00e7\u00f5es por grosso, e esta ta\u00e7a de coco \u00e9 uma op\u00e7\u00e3o excecional para lojas de presentes tur\u00edsticos que procuram oferecer produtos aut\u00eanticos e de qualidade. A fus\u00e3o de design contempor\u00e2neo e tradi\u00e7\u00e3o artesanal faz desta ta\u00e7a uma recorda\u00e7\u00e3o \u00fanica e significativa, perfeita para aqueles que desejam levar um peda\u00e7o de Barcelona para casa e partilhar o seu encanto.<\/p>\n","protected":false},"excerpt":{"rendered":"<p>Ta\u00e7a de coco decorada com um design colorido de cora\u00e7\u00f5es, inspirado na emblem\u00e1tica Sagrada Fam\u00edlia de Barcelona. Esta requintada ta\u00e7a apresenta um mosaico artesanal realizado com pe\u00e7as de coco em tons azuis, laranjas e brancos, criando um efeito vibrante e atrativo. No centro, destaca-se a silhueta da Sagrada Fam\u00edlia, acompanhada do texto &#8220;Barcelona&#8221;, que oferece um toque aut\u00eantico e cultural, revivendo a ess\u00eancia da cidade. Ideal como elemento decorativo ou para uso di\u00e1rio.<\/p>\n","protected":false},"featured_media":13492,"template":"","meta":{"_acf_changed":false},"product_brand":[],"product_cat":[513],"product_tag":[],"class_list":{"0":"post-37865","1":"product","2":"type-product","3":"status-publish","4":"has-post-thumbnail","6":"product_cat-bols","7":"pa_ciudad-barcelona","8":"pa_motivo-sagrada-familia","9":"pa_pais-espana","11":"first","12":"instock","13":"shipping-taxable","14":"product-type-simple"},"acf":[],"_links":{"self":[{"href":"https:\/\/olemosaic.com\/pt-pt\/wp-json\/wp\/v2\/product\/37865","targetHints":{"allow":["GET"]}}],"collection":[{"href":"https:\/\/olemosaic.com\/pt-pt\/wp-json\/wp\/v2\/product"}],"about":[{"href":"https:\/\/olemosaic.com\/pt-pt\/wp-json\/wp\/v2\/types\/product"}],"wp:featuredmedia":[{"embeddable":true,"href":"https:\/\/olemosaic.com\/pt-pt\/wp-json\/wp\/v2\/media\/13492"}],"wp:attachment":[{"href":"https:\/\/olemosaic.com\/pt-pt\/wp-json\/wp\/v2\/media?parent=37865"}],"wp:term":[{"taxonomy":"product_brand","embeddable":true,"href":"https:\/\/olemosaic.com\/pt-pt\/wp-json\/wp\/v2\/product_brand?post=37865"},{"taxonomy":"product_cat","embeddable":true,"href":"https:\/\/olemosaic.com\/pt-pt\/wp-json\/wp\/v2\/product_cat?post=37865"},{"taxonomy":"product_tag","embeddable":true,"href":"https:\/\/olemosaic.com\/pt-pt\/wp-json\/wp\/v2\/product_tag?post=37865"}],"curies":[{"name":"wp","href":"https:\/\/api.w.org\/{rel}","templated":true}]}}