{"id":37863,"date":"2025-02-20T23:30:18","date_gmt":"2025-02-20T22:30:18","guid":{"rendered":"http:\/\/olemosaic.com\/producto\/bol-de-coco-tortuga-menorca-2\/"},"modified":"2025-07-25T19:41:10","modified_gmt":"2025-07-25T17:41:10","slug":"taca-de-coco-tartaruga-menorca-baleares-pt-pt","status":"publish","type":"product","link":"https:\/\/olemosaic.com\/pt-pt\/produto\/taca-de-coco-tartaruga-menorca-baleares-pt-pt\/","title":{"rendered":"Ta\u00e7a de coco. Tartaruga. Menorca. Baleares."},"content":{"rendered":"<p>Esta ta\u00e7a de coco decorada \u00e9 uma pe\u00e7a artesanal que reflete a beleza e a biodiversidade de Menorca. No seu interior, destaca-se uma delicada tartaruga, s\u00edmbolo da rica fauna marinha da ilha, situada no centro de um vibrante mosaico de cores. Os tons azuis, rosas e dourados que a rodeiam evocam as \u00e1guas cristalinas e as praias ensolaradas desta regi\u00e3o paradis\u00edaca. Cada ta\u00e7a \u00e9 pintada \u00e0 m\u00e3o, o que garante a sua unicidade e autenticidade, com um acabamento que real\u00e7a a destreza artesanal dos criadores menorquinos.<\/p>\n<p>Este souvenir representa n\u00e3o apenas um objeto decorativo, mas tamb\u00e9m uma lembran\u00e7a da liga\u00e7\u00e3o com a natureza e o mar que caracteriza Menorca, um destino muito apreciado pela sua biodiversidade e pelas suas paisagens impressionantes. Ideal para quem procura uma recorda\u00e7\u00e3o aut\u00eantica e significativa da sua visita, esta ta\u00e7a pode ser usada tanto na decora\u00e7\u00e3o de interiores como um presente original que capture a ess\u00eancia da ilha.<\/p>\n<p>Na Ol\u00e9 Mosaic, dedicamo-nos \u00e0 distribui\u00e7\u00e3o de souvenirs por grosso, oferecendo produtos simb\u00f3licos e de qualidade. Esta ta\u00e7a de coco, em concreto, \u00e9 uma op\u00e7\u00e3o excecional para lojas de recorda\u00e7\u00f5es tur\u00edsticas que desejem oferecer artigos representativos e art\u00edsticos de Menorca, sublinhando assim o seu valor cultural e est\u00e9tico como um souvenir \u00fanico.<\/p>\n","protected":false},"excerpt":{"rendered":"<p>Ta\u00e7a de coco decorada, inspirada na fauna marinha de Menorca. Esta elegante ta\u00e7a apresenta uma delicada tartaruga no centro, rodeada por um vibrante mosaico de cores em tons azuis, rosas e dourados, que evocam as praias menorquinas. O seu acabamento real\u00e7a a t\u00e9cnica art\u00edstica da pintura \u00e0 m\u00e3o, o que a torna um atrativo souvenir. Ideal para uso decorativo ou como um presente original.<\/p>\n","protected":false},"featured_media":11956,"template":"","meta":{"_acf_changed":false},"product_brand":[],"product_cat":[513],"product_tag":[516],"class_list":{"0":"post-37863","1":"product","2":"type-product","3":"status-publish","4":"has-post-thumbnail","6":"product_cat-bols","7":"product_tag-animais","8":"pa_ciudad-menorca","9":"pa_motivo-tartarugas","10":"pa_pais-espana","12":"first","13":"instock","14":"shipping-taxable","15":"product-type-simple"},"acf":[],"_links":{"self":[{"href":"https:\/\/olemosaic.com\/pt-pt\/wp-json\/wp\/v2\/product\/37863","targetHints":{"allow":["GET"]}}],"collection":[{"href":"https:\/\/olemosaic.com\/pt-pt\/wp-json\/wp\/v2\/product"}],"about":[{"href":"https:\/\/olemosaic.com\/pt-pt\/wp-json\/wp\/v2\/types\/product"}],"wp:featuredmedia":[{"embeddable":true,"href":"https:\/\/olemosaic.com\/pt-pt\/wp-json\/wp\/v2\/media\/11956"}],"wp:attachment":[{"href":"https:\/\/olemosaic.com\/pt-pt\/wp-json\/wp\/v2\/media?parent=37863"}],"wp:term":[{"taxonomy":"product_brand","embeddable":true,"href":"https:\/\/olemosaic.com\/pt-pt\/wp-json\/wp\/v2\/product_brand?post=37863"},{"taxonomy":"product_cat","embeddable":true,"href":"https:\/\/olemosaic.com\/pt-pt\/wp-json\/wp\/v2\/product_cat?post=37863"},{"taxonomy":"product_tag","embeddable":true,"href":"https:\/\/olemosaic.com\/pt-pt\/wp-json\/wp\/v2\/product_tag?post=37863"}],"curies":[{"name":"wp","href":"https:\/\/api.w.org\/{rel}","templated":true}]}}