{"id":37862,"date":"2025-02-20T22:30:18","date_gmt":"2025-02-20T22:30:18","guid":{"rendered":"http:\/\/olemosaic.com\/producto\/bol-de-coco-de-corazones-salamandra-tenerife\/"},"modified":"2025-07-25T18:55:04","modified_gmt":"2025-07-25T16:55:04","slug":"taca-de-coco-de-coracoes-salamandra-tenerife-pt-pt","status":"publish","type":"product","link":"https:\/\/olemosaic.com\/pt-pt\/produto\/taca-de-coco-de-coracoes-salamandra-tenerife-pt-pt\/","title":{"rendered":"Ta\u00e7a de coco de cora\u00e7\u00f5es. Salamandra. Tenerife."},"content":{"rendered":"<p>Esta ta\u00e7a de coco decorada, uma pe\u00e7a artesanal que evoca a rica cultura e a beleza natural de Tenerife, \u00e9 elaborada a partir da casca do coco. \u00c9 um impressionante exemplo de artesanato local que se destaca pelo uso de t\u00e9cnicas de mosaico para criar um acabamento brilhante e colorido. A superf\u00edcie da ta\u00e7a est\u00e1 adornada com uma vibrante variedade de cora\u00e7\u00f5es em tons azuis, castanhos e beges, que se combinam harmoniosamente para transmitir uma sensa\u00e7\u00e3o de calor e alegria.<\/p>\n<p>No centro da ta\u00e7a, a palavra &#8220;Tenerife&#8221; num tom claro est\u00e1 rodeada por duas salamandras estilizadas que simbolizam a fauna \u00fanica da ilha. As salamandras est\u00e3o dispostas de forma a real\u00e7ar o seu design din\u00e2mico, captando a aten\u00e7\u00e3o de qualquer espetador. Esta ta\u00e7a n\u00e3o serve apenas como um recipiente decorativo, mas tamb\u00e9m como uma bela recorda\u00e7\u00e3o da ess\u00eancia de Tenerife, perfeita tanto para uso pr\u00e1tico como para exibi\u00e7\u00e3o.<\/p>\n<p>A Ol\u00e9 Mosaic orgulha-se de oferecer souvenirs aut\u00eanticos que celebram a cultura local. Esta ta\u00e7a de coco \u00e9 uma excelente op\u00e7\u00e3o para os turistas que procuram recorda\u00e7\u00f5es representativas da sua visita, o que a torna um produto atrativo para lojas de presentes tur\u00edsticos. Com o seu toque de exclusividade e liga\u00e7\u00e3o cultural, esta ta\u00e7a \u00e9 um presente ideal que perpetuar\u00e1 a mem\u00f3ria de Tenerife no cora\u00e7\u00e3o de quem a adquirir. Se procura produtos de qualidade e relev\u00e2ncia cultural, as nossas ta\u00e7as de coco s\u00e3o uma op\u00e7\u00e3o excecional no mercado de souvenirs.<\/p>\n","protected":false},"excerpt":{"rendered":"<p>Ta\u00e7a de coco decorada com desenhos de salamandras e cora\u00e7\u00f5es, que evoca a ess\u00eancia de Tenerife. Este produto artesanal destaca-se pela sua estrutura de coco e pelo uso de t\u00e9cnicas de mosaico, que conferem um brilho especial \u00e0s cores azul, castanho e bege que adornam a sua superf\u00edcie. No centro, pode-se apreciar a palavra &#8220;Tenerife&#8221; num tom claro, rodeada de salamandras estilizadas, resultando numa pe\u00e7a \u00fanica, perfeita como recorda\u00e7\u00e3o ou elemento decorativo.<\/p>\n","protected":false},"featured_media":10337,"template":"","meta":{"_acf_changed":false},"product_brand":[],"product_cat":[513],"product_tag":[516],"class_list":{"0":"post-37862","1":"product","2":"type-product","3":"status-publish","4":"has-post-thumbnail","6":"product_cat-bols","7":"product_tag-animais","8":"pa_ciudad-tenerife","9":"pa_motivo-salamandras","10":"pa_pais-espana","12":"first","13":"instock","14":"shipping-taxable","15":"product-type-simple"},"acf":[],"_links":{"self":[{"href":"https:\/\/olemosaic.com\/pt-pt\/wp-json\/wp\/v2\/product\/37862","targetHints":{"allow":["GET"]}}],"collection":[{"href":"https:\/\/olemosaic.com\/pt-pt\/wp-json\/wp\/v2\/product"}],"about":[{"href":"https:\/\/olemosaic.com\/pt-pt\/wp-json\/wp\/v2\/types\/product"}],"wp:featuredmedia":[{"embeddable":true,"href":"https:\/\/olemosaic.com\/pt-pt\/wp-json\/wp\/v2\/media\/10337"}],"wp:attachment":[{"href":"https:\/\/olemosaic.com\/pt-pt\/wp-json\/wp\/v2\/media?parent=37862"}],"wp:term":[{"taxonomy":"product_brand","embeddable":true,"href":"https:\/\/olemosaic.com\/pt-pt\/wp-json\/wp\/v2\/product_brand?post=37862"},{"taxonomy":"product_cat","embeddable":true,"href":"https:\/\/olemosaic.com\/pt-pt\/wp-json\/wp\/v2\/product_cat?post=37862"},{"taxonomy":"product_tag","embeddable":true,"href":"https:\/\/olemosaic.com\/pt-pt\/wp-json\/wp\/v2\/product_tag?post=37862"}],"curies":[{"name":"wp","href":"https:\/\/api.w.org\/{rel}","templated":true}]}}