{"id":37860,"date":"2025-02-20T22:30:14","date_gmt":"2025-02-20T22:30:14","guid":{"rendered":"http:\/\/olemosaic.com\/producto\/bol-de-coco-delfin-barcelona\/"},"modified":"2025-07-25T19:05:43","modified_gmt":"2025-07-25T17:05:43","slug":"taca-de-coco-golfinho-barcelona-pt-pt","status":"publish","type":"product","link":"https:\/\/olemosaic.com\/pt-pt\/produto\/taca-de-coco-golfinho-barcelona-pt-pt\/","title":{"rendered":"Ta\u00e7a de coco. Golfinho. Barcelona."},"content":{"rendered":"<p>Esta ta\u00e7a de coco decorada \u00e9 um exemplar vibrante que captura a ess\u00eancia da beleza mediterr\u00e2nica de Barcelona. Realizada com uma t\u00e9cnica artesanal meticulosa, o seu design apresenta um mosaico de cores que abrange desde os tons p\u00farpuras at\u00e9 aos azulados e terracota. No centro, um golfinho estilizado, s\u00edmbolo representativo da costa barcelonesa, destaca-se sobre um fundo suave, complementado pela palavra &#8220;Barcelona&#8221;, que real\u00e7a o car\u00e1cter aut\u00eantico desta recorda\u00e7\u00e3o.<\/p>\n<p>A ta\u00e7a n\u00e3o \u00e9 apenas uma pe\u00e7a funcional, mas tamb\u00e9m uma obra de arte que conta uma hist\u00f3ria cultural. Os golfinhos s\u00e3o um \u00edcone das \u00e1guas que rodeiam esta vibrante cidade, e este design evoca a alegria e vitalidade do mar Mediterr\u00e2neo. \u00c9 uma excelente recorda\u00e7\u00e3o para quem visita a costa, pois permite levar um peda\u00e7o da experi\u00eancia barcelonesa para casa.<\/p>\n<p>Na Ol\u00e9 Mosaic, compreendemos a import\u00e2ncia de oferecer artigos que liguem emocionalmente com os turistas, e esta ta\u00e7a de coco \u00e9 a op\u00e7\u00e3o ideal para lojas de presentes tur\u00edsticos que procuram produtos aut\u00eanticos e representativos. Com esta ta\u00e7a, n\u00e3o s\u00f3 adquire uma recorda\u00e7\u00e3o de Barcelona, mas um peda\u00e7o da sua cultura, perfeito para quem procura uma recorda\u00e7\u00e3o significativa da sua viagem. Como grossistas de recorda\u00e7\u00f5es, garantimos qualidade e artesanato em cada produto que distribu\u00edmos.<\/p>\n","protected":false},"excerpt":{"rendered":"<p>Ta\u00e7a de coco decorada com um vibrante mosaico de cores que representa um golfinho, s\u00edmbolo emblem\u00e1tico da costa barcelonesa. Fabricada artesanalmente, esta ta\u00e7a destaca-se pelas suas pe\u00e7as de cores variadas em tons p\u00farpuras, azulados e terracota, criando um efeito visual cativante. No centro, um golfinho estilizado sobressai sobre um fundo suave, juntamente com a palavra &#8220;Barcelona&#8221;, tornando-a a recorda\u00e7\u00e3o perfeita para recordar a beleza mediterr\u00e2nica.<\/p>\n","protected":false},"featured_media":11810,"template":"","meta":{"_acf_changed":false},"product_brand":[],"product_cat":[513],"product_tag":[516],"class_list":{"0":"post-37860","1":"product","2":"type-product","3":"status-publish","4":"has-post-thumbnail","6":"product_cat-bols","7":"product_tag-animais","8":"pa_ciudad-barcelona","9":"pa_motivo-golfinhos","10":"pa_pais-espana","12":"first","13":"instock","14":"shipping-taxable","15":"product-type-simple"},"acf":[],"_links":{"self":[{"href":"https:\/\/olemosaic.com\/pt-pt\/wp-json\/wp\/v2\/product\/37860","targetHints":{"allow":["GET"]}}],"collection":[{"href":"https:\/\/olemosaic.com\/pt-pt\/wp-json\/wp\/v2\/product"}],"about":[{"href":"https:\/\/olemosaic.com\/pt-pt\/wp-json\/wp\/v2\/types\/product"}],"wp:featuredmedia":[{"embeddable":true,"href":"https:\/\/olemosaic.com\/pt-pt\/wp-json\/wp\/v2\/media\/11810"}],"wp:attachment":[{"href":"https:\/\/olemosaic.com\/pt-pt\/wp-json\/wp\/v2\/media?parent=37860"}],"wp:term":[{"taxonomy":"product_brand","embeddable":true,"href":"https:\/\/olemosaic.com\/pt-pt\/wp-json\/wp\/v2\/product_brand?post=37860"},{"taxonomy":"product_cat","embeddable":true,"href":"https:\/\/olemosaic.com\/pt-pt\/wp-json\/wp\/v2\/product_cat?post=37860"},{"taxonomy":"product_tag","embeddable":true,"href":"https:\/\/olemosaic.com\/pt-pt\/wp-json\/wp\/v2\/product_tag?post=37860"}],"curies":[{"name":"wp","href":"https:\/\/api.w.org\/{rel}","templated":true}]}}