{"id":37859,"date":"2025-02-20T23:30:14","date_gmt":"2025-02-20T22:30:14","guid":{"rendered":"http:\/\/olemosaic.com\/producto\/bol-de-coco-isla-mallorca\/"},"modified":"2025-07-25T18:57:49","modified_gmt":"2025-07-25T16:57:49","slug":"taca-de-coco-ilha-maiorca-pt-pt","status":"publish","type":"product","link":"https:\/\/olemosaic.com\/pt-pt\/produto\/taca-de-coco-ilha-maiorca-pt-pt\/","title":{"rendered":"Ta\u00e7a de coco. Ilha. Maiorca."},"content":{"rendered":"<p>Esta ta\u00e7a de coco decorada \u00e9 uma aut\u00eantica homenagem \u00e0 beleza de Maiorca, desenhada com um mosaico vibrante e colorido que captura a ess\u00eancia do ambiente mediterr\u00e2nico. De design artesanal, exibe um fundo branco sobre o qual brilham diversos mosaicos em tonalidades violetas, azuis, laranjas e douradas. No centro, destaca-se a silhueta da ilha de Maiorca, delicadamente com efeito pintado \u00e0 m\u00e3o, acrescentando um toque de autenticidade a esta pe\u00e7a \u00fanica. Esta ta\u00e7a n\u00e3o s\u00f3 \u00e9 perfeita como elemento decorativo, mas tamb\u00e9m se revela ideal para servir aperitivos ou pequenos pratos, oferecendo uma funcionalidade que a torna um objeto indispens\u00e1vel em qualquer casa.<\/p>\n<p>A liga\u00e7\u00e3o cultural da ta\u00e7a com a regi\u00e3o bale\u00e1rica reflete-se nas suas cores brilhantes e no seu design, que evocam as vistas e a luz do mar Mediterr\u00e2neo. Esta recorda\u00e7\u00e3o representa n\u00e3o apenas um objeto f\u00edsico, mas uma experi\u00eancia vital de Maiorca, convidando os turistas a levar um peda\u00e7o da sua magia. Na Ol\u00e9 Mosaic, orgulhamo-nos de oferecer recorda\u00e7\u00f5es aut\u00eanticas que refletem o patrim\u00f3nio cultural de Espanha. Esta ta\u00e7a de coco \u00e9 uma excelente op\u00e7\u00e3o para lojas de presentes tur\u00edsticos que procuram produtos de qualidade e significativos, destacando-se entre as recorda\u00e7\u00f5es de Maiorca pelo seu design atraente e pela sua relev\u00e2ncia cultural. Como grossistas de recorda\u00e7\u00f5es, garantimos a qualidade e originalidade de cada pe\u00e7a.<\/p>\n","protected":false},"excerpt":{"rendered":"<p>Ta\u00e7a de coco decorativa inspirada na beleza de Maiorca, elaborada com um design vibrante e colorido. Esta elegante ta\u00e7a apresenta um fundo branco com mosaicos em tons violetas, azuis, laranjas e dourados, que evocam a ess\u00eancia mediterr\u00e2nica. No centro, destaca-se a silhueta da ilha de Maiorca, design artesanal, pintado \u00e0 m\u00e3o, com um acabamento brilhante. Ideal como elemento decorativo ou para servir aperitivos, esta ta\u00e7a \u00e9 uma aut\u00eantica recorda\u00e7\u00e3o da cultura bale\u00e1rica.<\/p>\n","protected":false},"featured_media":11818,"template":"","meta":{"_acf_changed":false},"product_brand":[],"product_cat":[513],"product_tag":[],"class_list":{"0":"post-37859","1":"product","2":"type-product","3":"status-publish","4":"has-post-thumbnail","6":"product_cat-bols","7":"pa_ciudad-mallorca","8":"pa_motivo-ilhas","9":"pa_pais-espana","11":"first","12":"instock","13":"shipping-taxable","14":"product-type-simple"},"acf":[],"_links":{"self":[{"href":"https:\/\/olemosaic.com\/pt-pt\/wp-json\/wp\/v2\/product\/37859","targetHints":{"allow":["GET"]}}],"collection":[{"href":"https:\/\/olemosaic.com\/pt-pt\/wp-json\/wp\/v2\/product"}],"about":[{"href":"https:\/\/olemosaic.com\/pt-pt\/wp-json\/wp\/v2\/types\/product"}],"wp:featuredmedia":[{"embeddable":true,"href":"https:\/\/olemosaic.com\/pt-pt\/wp-json\/wp\/v2\/media\/11818"}],"wp:attachment":[{"href":"https:\/\/olemosaic.com\/pt-pt\/wp-json\/wp\/v2\/media?parent=37859"}],"wp:term":[{"taxonomy":"product_brand","embeddable":true,"href":"https:\/\/olemosaic.com\/pt-pt\/wp-json\/wp\/v2\/product_brand?post=37859"},{"taxonomy":"product_cat","embeddable":true,"href":"https:\/\/olemosaic.com\/pt-pt\/wp-json\/wp\/v2\/product_cat?post=37859"},{"taxonomy":"product_tag","embeddable":true,"href":"https:\/\/olemosaic.com\/pt-pt\/wp-json\/wp\/v2\/product_tag?post=37859"}],"curies":[{"name":"wp","href":"https:\/\/api.w.org\/{rel}","templated":true}]}}