{"id":37852,"date":"2025-02-20T22:30:10","date_gmt":"2025-02-20T22:30:10","guid":{"rendered":"http:\/\/olemosaic.com\/producto\/bol-de-coco-con-flores-caballito-de-mar\/"},"modified":"2025-07-25T18:53:02","modified_gmt":"2025-07-25T16:53:02","slug":"taca-de-coco-com-flores-cavalo-marinho","status":"publish","type":"product","link":"https:\/\/olemosaic.com\/pt-pt\/produto\/taca-de-coco-com-flores-cavalo-marinho\/","title":{"rendered":"Ta\u00e7a de coco com flores. Cavalo-marinho."},"content":{"rendered":"<p>Esta ta\u00e7a de coco, decorada com motivos florais e um elegante cavalo-marinho, \u00e9 uma pe\u00e7a excecional que adiciona um toque ex\u00f3tico a qualquer lar. Elaborada com uma meticulosa t\u00e9cnica de incrusta\u00e7\u00e3o, esta atraente ta\u00e7a destaca-se pela sua vibrante paleta de cores quentes, que inclui maravilhosos tons de amarelo, vermelho e azul, criando um efeito visual impressionante. No seu centro, o cavalo-marinho, delicadamente representado, reflete a habilidade artesanal e o estilo caracter\u00edstico da arte popular mediterr\u00e2nea, tornando cada ta\u00e7a numa obra \u00fanica.<\/p>\n<p>Os motivos florais que adornam o exterior da ta\u00e7a evocam a rica biodiversidade das costas mediterr\u00e2neas, ligando o espetador \u00e0 beleza natural da regi\u00e3o. Esta ta\u00e7a de coco n\u00e3o s\u00f3 \u00e9 ideal como elemento decorativo para mesas ou prateleiras, como tamb\u00e9m se apresenta como um presente \u00fanico e memor\u00e1vel, perfeito para turistas que procuram souvenirs aut\u00eanticos que representem a cultura do local. Na Ol\u00e9 Mosaic, orgulhamo-nos de oferecer produtos artesanais de qualidade por grosso, e esta ta\u00e7a \u00e9 uma excelente op\u00e7\u00e3o que real\u00e7a tanto a est\u00e9tica como a riqueza cultural. Como distribuidores de souvenirs, garantimos a autenticidade e relev\u00e2ncia cultural em cada pe\u00e7a, tornando-a uma recorda\u00e7\u00e3o representativa do Mediterr\u00e2neo.<\/p>\n","protected":false},"excerpt":{"rendered":"<p>Ta\u00e7a de coco decorada com motivos florais e um cavalo-marinho, ideal para adicionar um toque ex\u00f3tico ao seu lar. Esta atraente ta\u00e7a apresenta uma requintada t\u00e9cnica de incrusta\u00e7\u00e3o em tons quentes como o amarelo, o vermelho e o azul, que real\u00e7am um elegante cavalo-marinho no centro. O seu design fresco e vibrante torna-a um excelente elemento decorativo ou um presente \u00fanico, que reflete a riqueza da arte popular mediterr\u00e2nea.<\/p>\n","protected":false},"featured_media":10284,"template":"","meta":{"_acf_changed":false},"product_brand":[],"product_cat":[513],"product_tag":[516],"class_list":{"0":"post-37852","1":"product","2":"type-product","3":"status-publish","4":"has-post-thumbnail","6":"product_cat-bols","7":"product_tag-animais","8":"pa_motivo-cavalos-marinhos","10":"first","11":"instock","12":"shipping-taxable","13":"product-type-simple"},"acf":[],"_links":{"self":[{"href":"https:\/\/olemosaic.com\/pt-pt\/wp-json\/wp\/v2\/product\/37852","targetHints":{"allow":["GET"]}}],"collection":[{"href":"https:\/\/olemosaic.com\/pt-pt\/wp-json\/wp\/v2\/product"}],"about":[{"href":"https:\/\/olemosaic.com\/pt-pt\/wp-json\/wp\/v2\/types\/product"}],"wp:featuredmedia":[{"embeddable":true,"href":"https:\/\/olemosaic.com\/pt-pt\/wp-json\/wp\/v2\/media\/10284"}],"wp:attachment":[{"href":"https:\/\/olemosaic.com\/pt-pt\/wp-json\/wp\/v2\/media?parent=37852"}],"wp:term":[{"taxonomy":"product_brand","embeddable":true,"href":"https:\/\/olemosaic.com\/pt-pt\/wp-json\/wp\/v2\/product_brand?post=37852"},{"taxonomy":"product_cat","embeddable":true,"href":"https:\/\/olemosaic.com\/pt-pt\/wp-json\/wp\/v2\/product_cat?post=37852"},{"taxonomy":"product_tag","embeddable":true,"href":"https:\/\/olemosaic.com\/pt-pt\/wp-json\/wp\/v2\/product_tag?post=37852"}],"curies":[{"name":"wp","href":"https:\/\/api.w.org\/{rel}","templated":true}]}}