{"id":37851,"date":"2025-02-20T23:30:10","date_gmt":"2025-02-20T22:30:10","guid":{"rendered":"http:\/\/olemosaic.com\/producto\/bol-de-coco-con-flores-delfin-barcelona\/"},"modified":"2025-07-25T18:56:28","modified_gmt":"2025-07-25T16:56:28","slug":"taca-de-coco-com-flores-golfinho-barcelona","status":"publish","type":"product","link":"https:\/\/olemosaic.com\/pt-pt\/produto\/taca-de-coco-com-flores-golfinho-barcelona\/","title":{"rendered":"Ta\u00e7a de coco com flores. Golfinho. Barcelona."},"content":{"rendered":"<p>Esta ta\u00e7a de coco, decorada com motivos florais e golfinhos, \u00e9 uma pe\u00e7a \u00fanica que captura o esp\u00edrito vibrante de Barcelona. Com um design pintado \u00e0 m\u00e3o, esta ta\u00e7a apresenta uma bela paleta de cores que abrange azuis profundos, amarelos quentes, vermelhos e laranjas brilhantes, formando um mosaico que evoca a energia e a vitalidade da cidade. No seu interior, as elegantes ilustra\u00e7\u00f5es de golfinhos dan\u00e7am em movimento, refletindo a liga\u00e7\u00e3o de Barcelona com o seu ambiente mar\u00edtimo, enquanto a inscri\u00e7\u00e3o &#8220;Barcelona&#8221; real\u00e7a a autenticidade da recorda\u00e7\u00e3o.<\/p>\n<p>O design floral, com detalhes que recordam a arquitetura modernista e a beleza natural da costa catal\u00e3, torna esta ta\u00e7a uma op\u00e7\u00e3o ideal tanto como pe\u00e7a decorativa como para dar um toque especial a qualquer mesa. Esta ta\u00e7a de coco n\u00e3o \u00e9 apenas um acess\u00f3rio funcional, mas tamb\u00e9m uma recorda\u00e7\u00e3o cultural que celebra a rica heran\u00e7a mediterr\u00e2nea de Barcelona.<\/p>\n<p>Na Ol\u00e9 Mosaic, somos especialistas na distribui\u00e7\u00e3o de souvenirs por grosso e oferecemos produtos aut\u00eanticos e significativos que destacam a ess\u00eancia de cada regi\u00e3o. Esta ta\u00e7a de coco \u00e9 uma excelente escolha para lojas de presentes tur\u00edsticos que procuram oferecer recorda\u00e7\u00f5es representativas de Barcelona, combinando artesanato e um valor cultural excecional. Como grossista de souvenirs, garantimos qualidade e originalidade em cada pe\u00e7a, assegurando que cada cliente leve consigo um peda\u00e7o da encantadora Barcelona.<\/p>\n","protected":false},"excerpt":{"rendered":"<p>Ta\u00e7a de coco decorada com motivos florais e golfinhos, que evoca o encanto de Barcelona. Esta singular ta\u00e7a apresenta um design artesanal, pintado \u00e0 m\u00e3o, com uma rica paleta de cores, incluindo azuis, amarelos, vermelhos e laranjas, criando um mosaico vibrante. No seu interior, destacam-se as ilustra\u00e7\u00f5es de golfinhos em movimento, acompanhadas pelo nome &#8220;Barcelona&#8221;. Ideal como pe\u00e7a decorativa ou para dar um toque especial a qualquer mesa.<\/p>\n","protected":false},"featured_media":10364,"template":"","meta":{"_acf_changed":false},"product_brand":[],"product_cat":[513],"product_tag":[516],"class_list":{"0":"post-37851","1":"product","2":"type-product","3":"status-publish","4":"has-post-thumbnail","6":"product_cat-bols","7":"product_tag-animais","8":"pa_ciudad-barcelona","9":"pa_motivo-golfinhos","10":"pa_pais-espana","12":"first","13":"instock","14":"shipping-taxable","15":"product-type-simple"},"acf":[],"_links":{"self":[{"href":"https:\/\/olemosaic.com\/pt-pt\/wp-json\/wp\/v2\/product\/37851","targetHints":{"allow":["GET"]}}],"collection":[{"href":"https:\/\/olemosaic.com\/pt-pt\/wp-json\/wp\/v2\/product"}],"about":[{"href":"https:\/\/olemosaic.com\/pt-pt\/wp-json\/wp\/v2\/types\/product"}],"wp:featuredmedia":[{"embeddable":true,"href":"https:\/\/olemosaic.com\/pt-pt\/wp-json\/wp\/v2\/media\/10364"}],"wp:attachment":[{"href":"https:\/\/olemosaic.com\/pt-pt\/wp-json\/wp\/v2\/media?parent=37851"}],"wp:term":[{"taxonomy":"product_brand","embeddable":true,"href":"https:\/\/olemosaic.com\/pt-pt\/wp-json\/wp\/v2\/product_brand?post=37851"},{"taxonomy":"product_cat","embeddable":true,"href":"https:\/\/olemosaic.com\/pt-pt\/wp-json\/wp\/v2\/product_cat?post=37851"},{"taxonomy":"product_tag","embeddable":true,"href":"https:\/\/olemosaic.com\/pt-pt\/wp-json\/wp\/v2\/product_tag?post=37851"}],"curies":[{"name":"wp","href":"https:\/\/api.w.org\/{rel}","templated":true}]}}